{"id":20928,"date":"2025-06-27T10:41:39","date_gmt":"2025-06-27T08:41:39","guid":{"rendered":"https:\/\/medapp.lv\/?post_type=product&#038;p=20928"},"modified":"2025-07-17T10:04:24","modified_gmt":"2025-07-17T08:04:24","slug":"marles-tamponi","status":"publish","type":"product","link":"https:\/\/medapp.lv\/en\/product\/marles-tamponi\/","title":{"rendered":"Gauze swabs"},"content":{"rendered":"<p>4 or 6 layer options.<\/p>\n<p>Gauze swab\/dressing for external wound care, non-sterile, for single use only, 4 or 6 layers 30 g\/m\u00b2.<\/p>\n<p>5 x 5 cm (100 pcs)<\/p>\n<p>7.5 x 7.5 cm (100 pcs)<\/p>\n<p>10 x 10 cm (100 pcs)<\/p>\n<p>20 x 10 cm (100 pcs)<\/p>","protected":false},"excerpt":{"rendered":"<p>4 vai 6 sl\u0101\u0146u opcijas. Marles tampons\/p\u0101rs\u0113js \u0101r\u0113ju br\u016b\u010du kop\u0161anai, nesterils, paredz\u0113ts tikai vienreiz\u0113jai lieto\u0161anai, 4 vai 6 sl\u0101\u0146i 30<\/p>","protected":false},"featured_media":20929,"comment_status":"open","ping_status":"closed","template":"","meta":[],"product_brand":[290],"product_cat":[314],"product_tag":[],"class_list":{"0":"post-20928","1":"product","2":"type-product","3":"status-publish","4":"has-post-thumbnail","6":"product_brand-meditrade","7":"product_cat-operaciju-vienreizlietojamie-materiali","9":"first","10":"instock","11":"taxable","12":"shipping-taxable","13":"product-type-simple"},"_links":{"self":[{"href":"https:\/\/medapp.lv\/en\/wp-json\/wp\/v2\/product\/20928","targetHints":{"allow":["GET"]}}],"collection":[{"href":"https:\/\/medapp.lv\/en\/wp-json\/wp\/v2\/product"}],"about":[{"href":"https:\/\/medapp.lv\/en\/wp-json\/wp\/v2\/types\/product"}],"replies":[{"embeddable":true,"href":"https:\/\/medapp.lv\/en\/wp-json\/wp\/v2\/comments?post=20928"}],"version-history":[{"count":1,"href":"https:\/\/medapp.lv\/en\/wp-json\/wp\/v2\/product\/20928\/revisions"}],"predecessor-version":[{"id":20930,"href":"https:\/\/medapp.lv\/en\/wp-json\/wp\/v2\/product\/20928\/revisions\/20930"}],"wp:featuredmedia":[{"embeddable":true,"href":"https:\/\/medapp.lv\/en\/wp-json\/wp\/v2\/media\/20929"}],"wp:attachment":[{"href":"https:\/\/medapp.lv\/en\/wp-json\/wp\/v2\/media?parent=20928"}],"wp:term":[{"taxonomy":"product_brand","embeddable":true,"href":"https:\/\/medapp.lv\/en\/wp-json\/wp\/v2\/product_brand?post=20928"},{"taxonomy":"product_cat","embeddable":true,"href":"https:\/\/medapp.lv\/en\/wp-json\/wp\/v2\/product_cat?post=20928"},{"taxonomy":"product_tag","embeddable":true,"href":"https:\/\/medapp.lv\/en\/wp-json\/wp\/v2\/product_tag?post=20928"}],"curies":[{"name":"wp","href":"https:\/\/api.w.org\/{rel}","templated":true}]}}