{"id":20974,"date":"2025-06-27T11:31:38","date_gmt":"2025-06-27T09:31:38","guid":{"rendered":"https:\/\/medapp.lv\/?post_type=product&#038;p=20974"},"modified":"2025-07-17T10:04:22","modified_gmt":"2025-07-17T08:04:22","slug":"marles-salvete","status":"publish","type":"product","link":"https:\/\/medapp.lv\/en\/product\/marles-salvete\/","title":{"rendered":"Gauze napkin"},"content":{"rendered":"<p>Gauze wipes for wound dressings, exuding wounds, non-sterile, for single use only.<\/p>\n<p>20 x 20 cm<\/p>\n<p>&nbsp;<\/p>\n<p>&nbsp;<\/p>","protected":false},"excerpt":{"rendered":"<p>Marles salvetes br\u016b\u010du p\u0101rkl\u0101\u0161anai, izdal\u012bjumu veidojo\u0161\u0101m br\u016bc\u0113m, nesterilas, paredz\u0113ts tikai vienreiz\u0113jai lieto\u0161anai. 20 x 20 cm &nbsp; &nbsp;<\/p>","protected":false},"featured_media":20975,"comment_status":"open","ping_status":"closed","template":"","meta":[],"product_brand":[],"product_cat":[314],"product_tag":[],"class_list":{"0":"post-20974","1":"product","2":"type-product","3":"status-publish","4":"has-post-thumbnail","6":"product_cat-operaciju-vienreizlietojamie-materiali","8":"first","9":"instock","10":"taxable","11":"shipping-taxable","12":"product-type-simple"},"_links":{"self":[{"href":"https:\/\/medapp.lv\/en\/wp-json\/wp\/v2\/product\/20974","targetHints":{"allow":["GET"]}}],"collection":[{"href":"https:\/\/medapp.lv\/en\/wp-json\/wp\/v2\/product"}],"about":[{"href":"https:\/\/medapp.lv\/en\/wp-json\/wp\/v2\/types\/product"}],"replies":[{"embeddable":true,"href":"https:\/\/medapp.lv\/en\/wp-json\/wp\/v2\/comments?post=20974"}],"version-history":[{"count":2,"href":"https:\/\/medapp.lv\/en\/wp-json\/wp\/v2\/product\/20974\/revisions"}],"predecessor-version":[{"id":20977,"href":"https:\/\/medapp.lv\/en\/wp-json\/wp\/v2\/product\/20974\/revisions\/20977"}],"wp:featuredmedia":[{"embeddable":true,"href":"https:\/\/medapp.lv\/en\/wp-json\/wp\/v2\/media\/20975"}],"wp:attachment":[{"href":"https:\/\/medapp.lv\/en\/wp-json\/wp\/v2\/media?parent=20974"}],"wp:term":[{"taxonomy":"product_brand","embeddable":true,"href":"https:\/\/medapp.lv\/en\/wp-json\/wp\/v2\/product_brand?post=20974"},{"taxonomy":"product_cat","embeddable":true,"href":"https:\/\/medapp.lv\/en\/wp-json\/wp\/v2\/product_cat?post=20974"},{"taxonomy":"product_tag","embeddable":true,"href":"https:\/\/medapp.lv\/en\/wp-json\/wp\/v2\/product_tag?post=20974"}],"curies":[{"name":"wp","href":"https:\/\/api.w.org\/{rel}","templated":true}]}}