{"id":20999,"date":"2025-06-27T13:47:10","date_gmt":"2025-06-27T11:47:10","guid":{"rendered":"https:\/\/medapp.lv\/?post_type=product&#038;p=20999"},"modified":"2025-07-17T10:04:18","modified_gmt":"2025-07-17T08:04:18","slug":"triskarss-cimdu-turetajs","status":"publish","type":"product","link":"https:\/\/medapp.lv\/en\/product\/triskarss-cimdu-turetajs\/","title":{"rendered":"Triple glove holder"},"content":{"rendered":"<p>Autoclavable at 121 to 134 \u00b0C.<br \/>\nEasily hangs on the wall and in ambulances.<br \/>\nScrew included.<\/p>\n<p>Stainless steel. Size \u2013 25.2 x 9.5 x 37.7 cm<\/p>\n<p>&nbsp;<\/p>","protected":false},"excerpt":{"rendered":"<p>Autokl\u0101v\u0113jams 121 l\u012bdz 134 \u00b0C temperat\u016br\u0101. \u0112rti piekarin\u0101ms pie sienas un \u0101tr\u0101s pal\u012bdz\u012bbas ma\u0161\u012bn\u0101s. Komplekt\u0101 skr\u016bve. Ner\u016bs\u0113jo\u0161ais t\u0113rauds. Izm\u0113rs &#8211;<\/p>","protected":false},"featured_media":21000,"comment_status":"open","ping_status":"closed","template":"","meta":[],"product_brand":[],"product_cat":[210],"product_tag":[],"class_list":{"0":"post-20999","1":"product","2":"type-product","3":"status-publish","4":"has-post-thumbnail","6":"product_cat-medicinas-piederumi","8":"first","9":"instock","10":"taxable","11":"shipping-taxable","12":"product-type-simple"},"_links":{"self":[{"href":"https:\/\/medapp.lv\/en\/wp-json\/wp\/v2\/product\/20999","targetHints":{"allow":["GET"]}}],"collection":[{"href":"https:\/\/medapp.lv\/en\/wp-json\/wp\/v2\/product"}],"about":[{"href":"https:\/\/medapp.lv\/en\/wp-json\/wp\/v2\/types\/product"}],"replies":[{"embeddable":true,"href":"https:\/\/medapp.lv\/en\/wp-json\/wp\/v2\/comments?post=20999"}],"version-history":[{"count":2,"href":"https:\/\/medapp.lv\/en\/wp-json\/wp\/v2\/product\/20999\/revisions"}],"predecessor-version":[{"id":21002,"href":"https:\/\/medapp.lv\/en\/wp-json\/wp\/v2\/product\/20999\/revisions\/21002"}],"wp:featuredmedia":[{"embeddable":true,"href":"https:\/\/medapp.lv\/en\/wp-json\/wp\/v2\/media\/21000"}],"wp:attachment":[{"href":"https:\/\/medapp.lv\/en\/wp-json\/wp\/v2\/media?parent=20999"}],"wp:term":[{"taxonomy":"product_brand","embeddable":true,"href":"https:\/\/medapp.lv\/en\/wp-json\/wp\/v2\/product_brand?post=20999"},{"taxonomy":"product_cat","embeddable":true,"href":"https:\/\/medapp.lv\/en\/wp-json\/wp\/v2\/product_cat?post=20999"},{"taxonomy":"product_tag","embeddable":true,"href":"https:\/\/medapp.lv\/en\/wp-json\/wp\/v2\/product_tag?post=20999"}],"curies":[{"name":"wp","href":"https:\/\/api.w.org\/{rel}","templated":true}]}}