{"id":21007,"date":"2025-06-27T13:51:12","date_gmt":"2025-06-27T11:51:12","guid":{"rendered":"https:\/\/medapp.lv\/?post_type=product&#038;p=21007"},"modified":"2025-07-17T10:04:17","modified_gmt":"2025-07-17T08:04:17","slug":"vienreizejas-lietosanas-putu-elektrodi","status":"publish","type":"product","link":"https:\/\/medapp.lv\/en\/product\/vienreizejas-lietosanas-putu-elektrodi\/","title":{"rendered":"Disposable foam electrodes"},"content":{"rendered":"<p>Material: foam<\/p>\n<p>Size: \u00d8 36 x 40 mm<\/p>\n<p>Minimum order: Box of 2000 pieces<\/p>\n<p>&nbsp;<\/p>\n<p>&nbsp;<\/p>","protected":false},"excerpt":{"rendered":"<p>Materi\u0101ls: putas Izm\u0113rs: \u00d8 36 x 40 mm Minim\u0101lais pas\u016bt\u012bjums: Kaste ar 2000 gab &nbsp; &nbsp;<\/p>","protected":false},"featured_media":21008,"comment_status":"open","ping_status":"closed","template":"","meta":[],"product_brand":[],"product_cat":[210],"product_tag":[],"class_list":{"0":"post-21007","1":"product","2":"type-product","3":"status-publish","4":"has-post-thumbnail","6":"product_cat-medicinas-piederumi","8":"first","9":"instock","10":"taxable","11":"shipping-taxable","12":"product-type-simple"},"_links":{"self":[{"href":"https:\/\/medapp.lv\/en\/wp-json\/wp\/v2\/product\/21007","targetHints":{"allow":["GET"]}}],"collection":[{"href":"https:\/\/medapp.lv\/en\/wp-json\/wp\/v2\/product"}],"about":[{"href":"https:\/\/medapp.lv\/en\/wp-json\/wp\/v2\/types\/product"}],"replies":[{"embeddable":true,"href":"https:\/\/medapp.lv\/en\/wp-json\/wp\/v2\/comments?post=21007"}],"version-history":[{"count":2,"href":"https:\/\/medapp.lv\/en\/wp-json\/wp\/v2\/product\/21007\/revisions"}],"predecessor-version":[{"id":21010,"href":"https:\/\/medapp.lv\/en\/wp-json\/wp\/v2\/product\/21007\/revisions\/21010"}],"wp:featuredmedia":[{"embeddable":true,"href":"https:\/\/medapp.lv\/en\/wp-json\/wp\/v2\/media\/21008"}],"wp:attachment":[{"href":"https:\/\/medapp.lv\/en\/wp-json\/wp\/v2\/media?parent=21007"}],"wp:term":[{"taxonomy":"product_brand","embeddable":true,"href":"https:\/\/medapp.lv\/en\/wp-json\/wp\/v2\/product_brand?post=21007"},{"taxonomy":"product_cat","embeddable":true,"href":"https:\/\/medapp.lv\/en\/wp-json\/wp\/v2\/product_cat?post=21007"},{"taxonomy":"product_tag","embeddable":true,"href":"https:\/\/medapp.lv\/en\/wp-json\/wp\/v2\/product_tag?post=21007"}],"curies":[{"name":"wp","href":"https:\/\/api.w.org\/{rel}","templated":true}]}}