{"id":21058,"date":"2025-06-30T10:47:01","date_gmt":"2025-06-30T08:47:01","guid":{"rendered":"https:\/\/medapp.lv\/?post_type=product&#038;p=21058"},"modified":"2025-07-17T10:04:08","modified_gmt":"2025-07-17T08:04:08","slug":"kanula","status":"publish","type":"product","link":"https:\/\/medapp.lv\/en\/product\/kanula\/","title":{"rendered":"Cannula"},"content":{"rendered":"<p>Available sizes and flow rates:<br \/>\n\u2022 Yellow \u2014 24G | 0.7 \u00d7 19 mm | Flow rate: 23 ml\/min<br \/>\n\u2022 Blue \u2014 22G | 0.9 \u00d7 25 mm | Flow rate: 36 ml\/min<br \/>\n\u2022 Pink \u2014 20G | 1.1 \u00d7 32 mm | Flow rate: 56 ml\/min<br \/>\n\u2022 Green \u2014 18G | 1.3 \u00d7 45 mm | Flow rate: 90 ml\/min<br \/>\n\u2022 White \u2014 17G | 1.5 \u00d7 45 mm | Flow rate: 142 ml\/min<\/p>","protected":false},"excerpt":{"rendered":"<p>Pieejamie izm\u0113ri un pl\u016bsmas \u0101trumi: \u2022 Dzeltena \u2014 24G | 0.7 \u00d7 19 mm | Pl\u016bsmas \u0101trums: 23 ml\/min \u2022<\/p>","protected":false},"featured_media":21059,"comment_status":"open","ping_status":"closed","template":"","meta":[],"product_brand":[],"product_cat":[241],"product_tag":[],"class_list":{"0":"post-21058","1":"product","2":"type-product","3":"status-publish","4":"has-post-thumbnail","6":"product_cat-slirces-un-adatas","8":"first","9":"instock","10":"taxable","11":"shipping-taxable","12":"product-type-simple"},"_links":{"self":[{"href":"https:\/\/medapp.lv\/en\/wp-json\/wp\/v2\/product\/21058","targetHints":{"allow":["GET"]}}],"collection":[{"href":"https:\/\/medapp.lv\/en\/wp-json\/wp\/v2\/product"}],"about":[{"href":"https:\/\/medapp.lv\/en\/wp-json\/wp\/v2\/types\/product"}],"replies":[{"embeddable":true,"href":"https:\/\/medapp.lv\/en\/wp-json\/wp\/v2\/comments?post=21058"}],"version-history":[{"count":2,"href":"https:\/\/medapp.lv\/en\/wp-json\/wp\/v2\/product\/21058\/revisions"}],"predecessor-version":[{"id":21263,"href":"https:\/\/medapp.lv\/en\/wp-json\/wp\/v2\/product\/21058\/revisions\/21263"}],"wp:featuredmedia":[{"embeddable":true,"href":"https:\/\/medapp.lv\/en\/wp-json\/wp\/v2\/media\/21059"}],"wp:attachment":[{"href":"https:\/\/medapp.lv\/en\/wp-json\/wp\/v2\/media?parent=21058"}],"wp:term":[{"taxonomy":"product_brand","embeddable":true,"href":"https:\/\/medapp.lv\/en\/wp-json\/wp\/v2\/product_brand?post=21058"},{"taxonomy":"product_cat","embeddable":true,"href":"https:\/\/medapp.lv\/en\/wp-json\/wp\/v2\/product_cat?post=21058"},{"taxonomy":"product_tag","embeddable":true,"href":"https:\/\/medapp.lv\/en\/wp-json\/wp\/v2\/product_tag?post=21058"}],"curies":[{"name":"wp","href":"https:\/\/api.w.org\/{rel}","templated":true}]}}