{"id":21061,"date":"2025-06-30T10:48:36","date_gmt":"2025-06-30T08:48:36","guid":{"rendered":"https:\/\/medapp.lv\/?post_type=product&#038;p=21061"},"modified":"2025-07-17T10:04:07","modified_gmt":"2025-07-17T08:04:07","slug":"easyway-trisvirzienu-aizbaznis","status":"publish","type":"product","link":"https:\/\/medapp.lv\/en\/product\/easyway-trisvirzienu-aizbaznis\/","title":{"rendered":"easyWAY three-way stopper"},"content":{"rendered":"<p>A device designed to manage the flow of infusion fluids during their administration<\/p>\n<p>50pcs\/pack<\/p>\n<p>&nbsp;<\/p>","protected":false},"excerpt":{"rendered":"<p>Ier\u012bce, kas paredz\u0113ta inf\u016bzijas \u0161\u0137idrumu pl\u016bsmas p\u0101rvald\u012b\u0161anai to ievad\u012b\u0161anas laik\u0101 50gb\/iepakojum\u0101 &nbsp;<\/p>","protected":false},"featured_media":21062,"comment_status":"open","ping_status":"closed","template":"","meta":[],"product_brand":[],"product_cat":[242],"product_tag":[],"class_list":{"0":"post-21061","1":"product","2":"type-product","3":"status-publish","4":"has-post-thumbnail","6":"product_cat-infuzijas-utml","8":"first","9":"instock","10":"taxable","11":"shipping-taxable","12":"product-type-simple"},"_links":{"self":[{"href":"https:\/\/medapp.lv\/en\/wp-json\/wp\/v2\/product\/21061","targetHints":{"allow":["GET"]}}],"collection":[{"href":"https:\/\/medapp.lv\/en\/wp-json\/wp\/v2\/product"}],"about":[{"href":"https:\/\/medapp.lv\/en\/wp-json\/wp\/v2\/types\/product"}],"replies":[{"embeddable":true,"href":"https:\/\/medapp.lv\/en\/wp-json\/wp\/v2\/comments?post=21061"}],"version-history":[{"count":2,"href":"https:\/\/medapp.lv\/en\/wp-json\/wp\/v2\/product\/21061\/revisions"}],"predecessor-version":[{"id":21064,"href":"https:\/\/medapp.lv\/en\/wp-json\/wp\/v2\/product\/21061\/revisions\/21064"}],"wp:featuredmedia":[{"embeddable":true,"href":"https:\/\/medapp.lv\/en\/wp-json\/wp\/v2\/media\/21062"}],"wp:attachment":[{"href":"https:\/\/medapp.lv\/en\/wp-json\/wp\/v2\/media?parent=21061"}],"wp:term":[{"taxonomy":"product_brand","embeddable":true,"href":"https:\/\/medapp.lv\/en\/wp-json\/wp\/v2\/product_brand?post=21061"},{"taxonomy":"product_cat","embeddable":true,"href":"https:\/\/medapp.lv\/en\/wp-json\/wp\/v2\/product_cat?post=21061"},{"taxonomy":"product_tag","embeddable":true,"href":"https:\/\/medapp.lv\/en\/wp-json\/wp\/v2\/product_tag?post=21061"}],"curies":[{"name":"wp","href":"https:\/\/api.w.org\/{rel}","templated":true}]}}