{"id":21074,"date":"2025-06-30T10:54:59","date_gmt":"2025-06-30T08:54:59","guid":{"rendered":"https:\/\/medapp.lv\/?post_type=product&#038;p=21074"},"modified":"2025-07-17T10:04:06","modified_gmt":"2025-07-17T08:04:06","slug":"vienreizejas-lietosanas-slirce-ar-adatu","status":"publish","type":"product","link":"https:\/\/medapp.lv\/en\/product\/vienreizejas-lietosanas-slirce-ar-adatu\/","title":{"rendered":"Disposable syringe with needle"},"content":{"rendered":"<p>Luer disposable syringe. Transparent barrel with black scale. Needle included.<\/p>\n<p>\u2022 Volume: 2 ml \u2013 needle: 0.6 \u00d7 30 mm (blue) \u2014 100 pcs\/pack<br \/>\n\u2022 Volume: 5 ml \u2013 needle: 0.7 \u00d7 30 mm (black) \u2014 100 pcs\/pack<br \/>\n\u2022 Volume: 10 ml \u2013 needle: 0.8 \u00d7 40 mm (green) \u2014 100 pcs\/pack<br \/>\n\u2022 Volume: 20 ml \u2013 needle: 0.8 \u00d7 40 mm (green) \u2014 50 pcs\/pack<br \/>\n\u2022 Volume: 50\/60 ml \u2013 needle: 0.8 \u00d7 40 mm (green) \u2014 25 pcs\/pack<\/p>","protected":false},"excerpt":{"rendered":"<p>Luer vienreizlietojam\u0101 \u0161\u013circe. Caursp\u012bd\u012bgs cilindrs ar melnu skalu. Komplekt\u0101 ir pievienota adata. \u2022 Tilpums: 2 ml \u2013 adata: 0.6 \u00d7<\/p>","protected":false},"featured_media":21076,"comment_status":"open","ping_status":"closed","template":"","meta":[],"product_brand":[],"product_cat":[241],"product_tag":[],"class_list":{"0":"post-21074","1":"product","2":"type-product","3":"status-publish","4":"has-post-thumbnail","6":"product_cat-slirces-un-adatas","8":"first","9":"instock","10":"taxable","11":"shipping-taxable","12":"product-type-simple"},"_links":{"self":[{"href":"https:\/\/medapp.lv\/en\/wp-json\/wp\/v2\/product\/21074","targetHints":{"allow":["GET"]}}],"collection":[{"href":"https:\/\/medapp.lv\/en\/wp-json\/wp\/v2\/product"}],"about":[{"href":"https:\/\/medapp.lv\/en\/wp-json\/wp\/v2\/types\/product"}],"replies":[{"embeddable":true,"href":"https:\/\/medapp.lv\/en\/wp-json\/wp\/v2\/comments?post=21074"}],"version-history":[{"count":1,"href":"https:\/\/medapp.lv\/en\/wp-json\/wp\/v2\/product\/21074\/revisions"}],"predecessor-version":[{"id":21077,"href":"https:\/\/medapp.lv\/en\/wp-json\/wp\/v2\/product\/21074\/revisions\/21077"}],"wp:featuredmedia":[{"embeddable":true,"href":"https:\/\/medapp.lv\/en\/wp-json\/wp\/v2\/media\/21076"}],"wp:attachment":[{"href":"https:\/\/medapp.lv\/en\/wp-json\/wp\/v2\/media?parent=21074"}],"wp:term":[{"taxonomy":"product_brand","embeddable":true,"href":"https:\/\/medapp.lv\/en\/wp-json\/wp\/v2\/product_brand?post=21074"},{"taxonomy":"product_cat","embeddable":true,"href":"https:\/\/medapp.lv\/en\/wp-json\/wp\/v2\/product_cat?post=21074"},{"taxonomy":"product_tag","embeddable":true,"href":"https:\/\/medapp.lv\/en\/wp-json\/wp\/v2\/product_tag?post=21074"}],"curies":[{"name":"wp","href":"https:\/\/api.w.org\/{rel}","templated":true}]}}