{"id":21100,"date":"2025-06-30T11:15:59","date_gmt":"2025-06-30T09:15:59","guid":{"rendered":"https:\/\/medapp.lv\/?post_type=product&#038;p=21100"},"modified":"2025-07-17T10:06:09","modified_gmt":"2025-07-17T08:06:09","slug":"elastoband-fix-elastiga-atbalsta-saite","status":"publish","type":"product","link":"https:\/\/medapp.lv\/en\/product\/elastoband-fix-elastiga-atbalsta-saite\/","title":{"rendered":"elastoBAND FIX elastic support bandage"},"content":{"rendered":"<p>Elastic bandage, woven, single layer<\/p>\n<p>Available sizes (all 20 pcs\/pack):<br \/>\n\u2022 6 cm x 4 m (BET06400)<br \/>\n\u2022 8 cm x 4 m (BET08400)<br \/>\n\u2022 10 cm x 4 m (BET10400)<br \/>\n\u2022 12 cm x 4 m (BET12400)<br \/>\n\u2022 15 cm x 4 m (BET15400)<\/p>","protected":false},"excerpt":{"rendered":"<p>Elast\u012bg\u0101 saite, austa, vien\u0101 sl\u0101n\u012b Pieejamie izm\u0113ri (visi 20 gb\/iepakojum\u0101): \u2022 6 cm x 4 m (BET06400) \u2022 8 cm<\/p>","protected":false},"featured_media":21101,"comment_status":"open","ping_status":"closed","template":"","meta":[],"product_brand":[],"product_cat":[245],"product_tag":[],"class_list":{"0":"post-21100","1":"product","2":"type-product","3":"status-publish","4":"has-post-thumbnail","6":"product_cat-parsiejamie-materiali","8":"first","9":"outofstock","10":"taxable","11":"shipping-taxable","12":"product-type-simple"},"_links":{"self":[{"href":"https:\/\/medapp.lv\/en\/wp-json\/wp\/v2\/product\/21100","targetHints":{"allow":["GET"]}}],"collection":[{"href":"https:\/\/medapp.lv\/en\/wp-json\/wp\/v2\/product"}],"about":[{"href":"https:\/\/medapp.lv\/en\/wp-json\/wp\/v2\/types\/product"}],"replies":[{"embeddable":true,"href":"https:\/\/medapp.lv\/en\/wp-json\/wp\/v2\/comments?post=21100"}],"version-history":[{"count":2,"href":"https:\/\/medapp.lv\/en\/wp-json\/wp\/v2\/product\/21100\/revisions"}],"predecessor-version":[{"id":21103,"href":"https:\/\/medapp.lv\/en\/wp-json\/wp\/v2\/product\/21100\/revisions\/21103"}],"wp:featuredmedia":[{"embeddable":true,"href":"https:\/\/medapp.lv\/en\/wp-json\/wp\/v2\/media\/21101"}],"wp:attachment":[{"href":"https:\/\/medapp.lv\/en\/wp-json\/wp\/v2\/media?parent=21100"}],"wp:term":[{"taxonomy":"product_brand","embeddable":true,"href":"https:\/\/medapp.lv\/en\/wp-json\/wp\/v2\/product_brand?post=21100"},{"taxonomy":"product_cat","embeddable":true,"href":"https:\/\/medapp.lv\/en\/wp-json\/wp\/v2\/product_cat?post=21100"},{"taxonomy":"product_tag","embeddable":true,"href":"https:\/\/medapp.lv\/en\/wp-json\/wp\/v2\/product_tag?post=21100"}],"curies":[{"name":"wp","href":"https:\/\/api.w.org\/{rel}","templated":true}]}}