{"id":21145,"date":"2025-07-02T09:57:11","date_gmt":"2025-07-02T07:57:11","guid":{"rendered":"https:\/\/medapp.lv\/?post_type=product&#038;p=21145"},"modified":"2025-07-16T09:05:46","modified_gmt":"2025-07-16T07:05:46","slug":"darco-relief-dual-pedas-atslogojosa-kurpe","status":"publish","type":"product","link":"https:\/\/medapp.lv\/en\/product\/darco-relief-dual-pedas-atslogojosa-kurpe\/","title":{"rendered":"DARCO Relief Dual\u00ae foot relief shoe"},"content":{"rendered":"<p><strong>DARCO Relief Dual\u00ae<\/strong> is a premium foot relief shoe, specially designed to effectively relieve pressure on the forefoot. The shoe has a dual sole - shock-absorbing EVA material combined with a non-slip rubber bottom layer, which provides excellent grip and safety.<br \/>\nA wide toe protects the toes, while a rigid inner sole stabilizes the foot and reduces bending. Easily adjustable with a wide Velcro closure.<\/p>\n<p><strong>For use:<\/strong><br \/>\nAfter forefoot surgery, for metatarsal fractures, for pressure relief or in the case of diabetic foot.<\/p>\n<p>&nbsp;<\/p>\n<p><strong>Women&#039;s models:<\/strong><\/p>\n<table style=\"height: 246px;\" width=\"484\">\n<thead>\n<tr>\n<th>\n<p class=\"p1\"><b>Size<\/b><\/p>\n<\/th>\n<th>\n<p class=\"p1\"><b>EU size<\/b><\/p>\n<\/th>\n<\/tr>\n<\/thead>\n<tbody>\n<tr>\n<td>\n<p class=\"p1\">WS<\/p>\n<\/td>\n<td>\n<p class=\"p1\">34\u201336.5<\/p>\n<\/td>\n<\/tr>\n<tr>\n<td>\n<p class=\"p1\">W.M.<\/p>\n<\/td>\n<td>\n<p class=\"p1\">37\u201338.5<\/p>\n<\/td>\n<\/tr>\n<tr>\n<td>\n<p class=\"p1\">WL<\/p>\n<\/td>\n<td>\n<p class=\"p1\">39\u201341<\/p>\n<\/td>\n<\/tr>\n<\/tbody>\n<\/table>\n<p>&nbsp;<\/p>\n<p><strong>Men&#039;s models:<\/strong><\/p>\n<table style=\"height: 285px;\" width=\"483\">\n<thead>\n<tr>\n<th>\n<p class=\"p1\"><b>Size<\/b><\/p>\n<\/th>\n<th>\n<p class=\"p1\"><b>EU size<\/b><\/p>\n<\/th>\n<\/tr>\n<\/thead>\n<tbody>\n<tr>\n<td>\n<p class=\"p1\">MS<\/p>\n<\/td>\n<td>\n<p class=\"p1\">39\u201341<\/p>\n<\/td>\n<\/tr>\n<tr>\n<td>\n<p class=\"p1\">MM<\/p>\n<\/td>\n<td>\n<p class=\"p1\">41.5\u201343<\/p>\n<\/td>\n<\/tr>\n<tr>\n<td>\n<p class=\"p1\">ML<\/p>\n<\/td>\n<td>\n<p class=\"p1\">43.5\u201345<\/p>\n<\/td>\n<\/tr>\n<tr>\n<td>\n<p class=\"p1\">MXL<\/p>\n<\/td>\n<td>\n<p class=\"p1\">45.5\u201347<\/p>\n<\/td>\n<\/tr>\n<\/tbody>\n<\/table>","protected":false},"excerpt":{"rendered":"<p>DARCO Relief Dual\u00ae ir augst\u0101k\u0101s kvalit\u0101tes p\u0113das atslogojo\u0161\u0101 kurpe, kas \u012bpa\u0161i izstr\u0101d\u0101ta, lai efekt\u012bvi mazin\u0101tu spiedienu uz p\u0113das priek\u0161\u0113jo da\u013cu.<\/p>","protected":false},"featured_media":21146,"comment_status":"open","ping_status":"closed","template":"","meta":[],"product_brand":[],"product_cat":[291],"product_tag":[],"class_list":{"0":"post-21145","1":"product","2":"type-product","3":"status-publish","4":"has-post-thumbnail","6":"product_cat-ortopediskie-apavi","8":"first","9":"outofstock","10":"taxable","11":"shipping-taxable","12":"purchasable","13":"product-type-variable"},"_links":{"self":[{"href":"https:\/\/medapp.lv\/en\/wp-json\/wp\/v2\/product\/21145","targetHints":{"allow":["GET"]}}],"collection":[{"href":"https:\/\/medapp.lv\/en\/wp-json\/wp\/v2\/product"}],"about":[{"href":"https:\/\/medapp.lv\/en\/wp-json\/wp\/v2\/types\/product"}],"replies":[{"embeddable":true,"href":"https:\/\/medapp.lv\/en\/wp-json\/wp\/v2\/comments?post=21145"}],"version-history":[{"count":2,"href":"https:\/\/medapp.lv\/en\/wp-json\/wp\/v2\/product\/21145\/revisions"}],"predecessor-version":[{"id":21155,"href":"https:\/\/medapp.lv\/en\/wp-json\/wp\/v2\/product\/21145\/revisions\/21155"}],"wp:featuredmedia":[{"embeddable":true,"href":"https:\/\/medapp.lv\/en\/wp-json\/wp\/v2\/media\/21146"}],"wp:attachment":[{"href":"https:\/\/medapp.lv\/en\/wp-json\/wp\/v2\/media?parent=21145"}],"wp:term":[{"taxonomy":"product_brand","embeddable":true,"href":"https:\/\/medapp.lv\/en\/wp-json\/wp\/v2\/product_brand?post=21145"},{"taxonomy":"product_cat","embeddable":true,"href":"https:\/\/medapp.lv\/en\/wp-json\/wp\/v2\/product_cat?post=21145"},{"taxonomy":"product_tag","embeddable":true,"href":"https:\/\/medapp.lv\/en\/wp-json\/wp\/v2\/product_tag?post=21145"}],"curies":[{"name":"wp","href":"https:\/\/api.w.org\/{rel}","templated":true}]}}