{"id":21156,"date":"2025-07-02T10:05:02","date_gmt":"2025-07-02T08:05:02","guid":{"rendered":"https:\/\/medapp.lv\/?post_type=product&#038;p=21156"},"modified":"2026-01-28T11:22:14","modified_gmt":"2026-01-28T09:22:14","slug":"darco-relief-dual-plus-kurpe-ar-augstu-potites-atbalstu","status":"publish","type":"product","link":"https:\/\/medapp.lv\/en\/product\/darco-relief-dual-plus-kurpe-ar-augstu-potites-atbalstu\/","title":{"rendered":"DARCO Relief Dual\u00ae Plus shoe with high ankle support"},"content":{"rendered":"<p><strong>DARCO Relief Dual\u00ae Plus<\/strong> is a specially designed aftercare shoe with a 64% higher heel than the standard Relief Dual\u00ae. It provides excellent stability and reduces stress on the forefoot and heel area after surgery or during ulcer treatment. The high heel, adjustable heel support and self-tightening ankle strap provide excellent support and comfort. The shoe also has an extra wide entry opening and a square toe that protects the toes.<\/p>\n<p><strong>Features:<\/strong><br \/>\n\u2022 High heel for extra stability<br \/>\n\u2022 Adjustable heel strap<br \/>\n\u2022 Open design \u2013 also suitable for large bandages<br \/>\n\u2022 Anti-slip and shock-absorbing sole<br \/>\n\u2022 Square toe for better protection<br \/>\n\u2022 Negative heel height (with special insole)<br \/>\n\u2022 Also suitable for patients with diabetes<\/p>\n<p><strong>Directions:<\/strong><br \/>\n\u2022 After surgeries (osteotomies, Haglund&#039;s exostosis, etc.)<br \/>\n\u2022 For the treatment of plantar fasciitis and heel spurs<br \/>\n\u2022 For ulcer care<\/p>\n<p><strong>Women&#039;s sizes:<\/strong><\/p>\n<table style=\"height: 251px;\" width=\"465\">\n<thead>\n<tr>\n<th>\n<p class=\"p1\"><b>Size<\/b><\/p>\n<\/th>\n<th>\n<p class=\"p1\"><b>EU size<\/b><\/p>\n<\/th>\n<\/tr>\n<\/thead>\n<tbody>\n<tr>\n<td>\n<p class=\"p1\">WS<\/p>\n<\/td>\n<td>\n<p class=\"p1\">34.0 \u2013 36.5<\/p>\n<\/td>\n<\/tr>\n<tr>\n<td>\n<p class=\"p1\">W.M.<\/p>\n<\/td>\n<td>\n<p class=\"p1\">37.0 \u2013 38.5<\/p>\n<\/td>\n<\/tr>\n<tr>\n<td>\n<p class=\"p1\">WL<\/p>\n<\/td>\n<td>\n<p class=\"p1\">39.0 \u2013 41.0<\/p>\n<\/td>\n<\/tr>\n<\/tbody>\n<\/table>\n<p>&nbsp;<\/p>\n<p><strong>Men&#039;s sizes:<\/strong><\/p>\n<table style=\"height: 354px;\" width=\"465\">\n<thead>\n<tr>\n<th>\n<p class=\"p1\"><b>Size<\/b><\/p>\n<\/th>\n<th>\n<p class=\"p1\"><b>EU size<\/b><\/p>\n<\/th>\n<\/tr>\n<\/thead>\n<tbody>\n<tr>\n<td>\n<p class=\"p1\">MS<\/p>\n<\/td>\n<td>\n<p class=\"p1\">39.0 \u2013 41.0<\/p>\n<\/td>\n<\/tr>\n<tr>\n<td>\n<p class=\"p1\">MM<\/p>\n<\/td>\n<td>\n<p class=\"p1\">41.5 \u2013 43.0<\/p>\n<\/td>\n<\/tr>\n<tr>\n<td>\n<p class=\"p1\">ML<\/p>\n<\/td>\n<td>\n<p class=\"p1\">43.5 \u2013 45.0<\/p>\n<\/td>\n<\/tr>\n<tr>\n<td>\n<p class=\"p1\">MXL<\/p>\n<\/td>\n<td>\n<p class=\"p1\">45.5 \u2013 47.0<\/p>\n<\/td>\n<\/tr>\n<tr>\n<td>\n<p class=\"p1\">MXXL<\/p>\n<\/td>\n<td>\n<p class=\"p1\">47.5 \u2013 50.0<\/p>\n<\/td>\n<\/tr>\n<\/tbody>\n<\/table>","protected":false},"excerpt":{"rendered":"<p>DARCO Relief Dual\u00ae Plus ir \u012bpa\u0161i izstr\u0101d\u0101ta p\u0113capr\u016bpes kurpe ar 64% augst\u0101ku stulma da\u013cu nek\u0101 standarta Relief Dual\u00ae. T\u0101 nodro\u0161ina<\/p>","protected":false},"featured_media":21157,"comment_status":"open","ping_status":"closed","template":"","meta":[],"product_brand":[],"product_cat":[291],"product_tag":[],"class_list":{"0":"post-21156","1":"product","2":"type-product","3":"status-publish","4":"has-post-thumbnail","6":"product_cat-ortopediskie-apavi","8":"first","9":"outofstock","10":"taxable","11":"shipping-taxable","12":"purchasable","13":"product-type-variable"},"_links":{"self":[{"href":"https:\/\/medapp.lv\/en\/wp-json\/wp\/v2\/product\/21156","targetHints":{"allow":["GET"]}}],"collection":[{"href":"https:\/\/medapp.lv\/en\/wp-json\/wp\/v2\/product"}],"about":[{"href":"https:\/\/medapp.lv\/en\/wp-json\/wp\/v2\/types\/product"}],"replies":[{"embeddable":true,"href":"https:\/\/medapp.lv\/en\/wp-json\/wp\/v2\/comments?post=21156"}],"version-history":[{"count":1,"href":"https:\/\/medapp.lv\/en\/wp-json\/wp\/v2\/product\/21156\/revisions"}],"predecessor-version":[{"id":21166,"href":"https:\/\/medapp.lv\/en\/wp-json\/wp\/v2\/product\/21156\/revisions\/21166"}],"wp:featuredmedia":[{"embeddable":true,"href":"https:\/\/medapp.lv\/en\/wp-json\/wp\/v2\/media\/21157"}],"wp:attachment":[{"href":"https:\/\/medapp.lv\/en\/wp-json\/wp\/v2\/media?parent=21156"}],"wp:term":[{"taxonomy":"product_brand","embeddable":true,"href":"https:\/\/medapp.lv\/en\/wp-json\/wp\/v2\/product_brand?post=21156"},{"taxonomy":"product_cat","embeddable":true,"href":"https:\/\/medapp.lv\/en\/wp-json\/wp\/v2\/product_cat?post=21156"},{"taxonomy":"product_tag","embeddable":true,"href":"https:\/\/medapp.lv\/en\/wp-json\/wp\/v2\/product_tag?post=21156"}],"curies":[{"name":"wp","href":"https:\/\/api.w.org\/{rel}","templated":true}]}}