{"id":21167,"date":"2025-07-02T10:09:29","date_gmt":"2025-07-02T08:09:29","guid":{"rendered":"https:\/\/medapp.lv\/?post_type=product&#038;p=21167"},"modified":"2025-07-17T07:47:17","modified_gmt":"2025-07-17T05:47:17","slug":"darco-posterior-splint-plus-fix-pedas-pozicionesanas-ortoze-90-lenki","status":"publish","type":"product","link":"https:\/\/medapp.lv\/en\/product\/darco-posterior-splint-plus-fix-pedas-pozicionesanas-ortoze-90-lenki\/","title":{"rendered":"DARCO Posterior Splint Plus Fix foot positioning orthosis (90\u00b0 angle)"},"content":{"rendered":"<p class=\"p1\"><b>Stabilizing orthosis for positioning the foot and lower leg after injuries and surgeries.<\/b><\/p>\n<p>&nbsp;<\/p>\n<p><strong>DARCO Posterior Splint Plus Fix<\/strong> is a foot positioning orthosis with an anatomically adapted shape and 90\u00b0 angle fixation. It was developed in collaboration with leading orthopedists and technical specialists to ensure effective and comfortable immobilization.<\/p>\n<p>Thanks to three elastic, freely positionable straps and a soft inner lining foam (PE), the orthosis provides optimal stability and comfort. Two oval cutouts promote ventilation, while the easy application of the orthosis saves time both in the practice and in the operating room.<\/p>\n<p><strong>It is recommended to use:<\/strong><br \/>\n\u2022 After injuries (sprains, dislocations, fractures, etc.)<br \/>\n\u2022 After surgery on the leg or foot<br \/>\n\u2022 In cases of acute inflammation or wounds<br \/>\n\u2022 For temporary immobilization<\/p>\n<p><strong>Features:<\/strong><br \/>\n\u2022 90\u00b0 angle positioning with limited dorsiflexion<br \/>\n\u2022 Breathable zones with oval cutouts<br \/>\n\u2022 Soft inner lining \u2013 reduces pressure points<br \/>\n\u2022 Stable outer casing<br \/>\n\u2022 Suitable for immediate use after applying the dressing<br \/>\n\u2022 Three adjustable fastening straps<br \/>\n\u2022 Includes a special absorbent pad for wound secretions<br \/>\n\u2022 Color: White-blue<\/p>\n<p>&nbsp;<\/p>\n<table style=\"height: 270px;\" width=\"892\">\n<thead>\n<tr>\n<th>\n<p class=\"p1\"><b>Size<\/b><\/p>\n<\/th>\n<th>\n<p class=\"p1\"><b>EU shoe size<\/b><\/p>\n<\/th>\n<th>\n<p class=\"p1\"><b>Foot length<\/b><\/p>\n<\/th>\n<th>\n<p class=\"p1\"><b>Length of the calf part<\/b><\/p>\n<\/th>\n<\/tr>\n<\/thead>\n<tbody>\n<tr>\n<td>\n<p class=\"p1\">S<\/p>\n<\/td>\n<td>\n<p class=\"p1\">up to 40<\/p>\n<\/td>\n<td>\n<p class=\"p1\">26.5 cm<\/p>\n<\/td>\n<td>\n<p class=\"p1\">34.0 cm<\/p>\n<\/td>\n<\/tr>\n<tr>\n<td>\n<p class=\"p1\">M<\/p>\n<\/td>\n<td>\n<p class=\"p1\">41 \u2013 45<\/p>\n<\/td>\n<td>\n<p class=\"p1\">29.5 cm<\/p>\n<\/td>\n<td>\n<p class=\"p1\">37.0 cm<\/p>\n<\/td>\n<\/tr>\n<tr>\n<td>\n<p class=\"p1\">L<\/p>\n<\/td>\n<td>\n<p class=\"p1\">46 \u2013 49<\/p>\n<\/td>\n<td>\n<p class=\"p1\">32.5 cm<\/p>\n<\/td>\n<td>\n<p class=\"p1\">40.0 cm<\/p>\n<\/td>\n<\/tr>\n<\/tbody>\n<\/table>","protected":false},"excerpt":{"rendered":"<p>Stabiliz\u0113jo\u0161a ortoze p\u0113das un apak\u0161stilba pozicion\u0113\u0161anai p\u0113c traum\u0101m un oper\u0101cij\u0101m. &nbsp; DARCO Posterior Splint Plus Fix ir p\u0113das pozicion\u0113\u0161anas ortoze<\/p>","protected":false},"featured_media":21168,"comment_status":"open","ping_status":"closed","template":"","meta":[],"product_brand":[],"product_cat":[137],"product_tag":[],"class_list":{"0":"post-21167","1":"product","2":"type-product","3":"status-publish","4":"has-post-thumbnail","6":"product_cat-kajai-cela-locitivai-un-pedai","8":"first","9":"instock","10":"taxable","11":"shipping-taxable","12":"purchasable","13":"product-type-variable"},"_links":{"self":[{"href":"https:\/\/medapp.lv\/en\/wp-json\/wp\/v2\/product\/21167","targetHints":{"allow":["GET"]}}],"collection":[{"href":"https:\/\/medapp.lv\/en\/wp-json\/wp\/v2\/product"}],"about":[{"href":"https:\/\/medapp.lv\/en\/wp-json\/wp\/v2\/types\/product"}],"replies":[{"embeddable":true,"href":"https:\/\/medapp.lv\/en\/wp-json\/wp\/v2\/comments?post=21167"}],"version-history":[{"count":1,"href":"https:\/\/medapp.lv\/en\/wp-json\/wp\/v2\/product\/21167\/revisions"}],"predecessor-version":[{"id":21172,"href":"https:\/\/medapp.lv\/en\/wp-json\/wp\/v2\/product\/21167\/revisions\/21172"}],"wp:featuredmedia":[{"embeddable":true,"href":"https:\/\/medapp.lv\/en\/wp-json\/wp\/v2\/media\/21168"}],"wp:attachment":[{"href":"https:\/\/medapp.lv\/en\/wp-json\/wp\/v2\/media?parent=21167"}],"wp:term":[{"taxonomy":"product_brand","embeddable":true,"href":"https:\/\/medapp.lv\/en\/wp-json\/wp\/v2\/product_brand?post=21167"},{"taxonomy":"product_cat","embeddable":true,"href":"https:\/\/medapp.lv\/en\/wp-json\/wp\/v2\/product_cat?post=21167"},{"taxonomy":"product_tag","embeddable":true,"href":"https:\/\/medapp.lv\/en\/wp-json\/wp\/v2\/product_tag?post=21167"}],"curies":[{"name":"wp","href":"https:\/\/api.w.org\/{rel}","templated":true}]}}