{"id":21182,"date":"2025-07-02T12:04:41","date_gmt":"2025-07-02T10:04:41","guid":{"rendered":"https:\/\/medapp.lv\/?post_type=product&#038;p=21182"},"modified":"2025-07-17T10:04:01","modified_gmt":"2025-07-17T08:04:01","slug":"pastiprinata-endotraheala-caurule-ar-manseti-un-ieprieks-ievietotu-stiletu","status":"publish","type":"product","link":"https:\/\/medapp.lv\/en\/product\/pastiprinata-endotraheala-caurule-ar-manseti-un-ieprieks-ievietotu-stiletu\/","title":{"rendered":"Reinforced endotracheal tube with cuff and pre-inserted stylet"},"content":{"rendered":"<p>Endotracheal tube with extra rigidity, equipped with a cuff and pre-inserted stylet for more comfortable and safe intubation. Ideal for professional use in emergency situations and surgeries. Each size is available in a pack of 10 pieces.<\/p>\n<p>&nbsp;<\/p>\n<table>\n<thead>\n<tr>\n<th>\n<p class=\"p1\"><b>Product code<\/b><\/p>\n<\/th>\n<th>\n<p class=\"p1\"><b>Inner diameter (ID) mm<\/b><\/p>\n<\/th>\n<th>\n<p class=\"p1\"><b>Packaging<\/b><\/p>\n<\/th>\n<\/tr>\n<\/thead>\n<tbody>\n<tr>\n<td>\n<p class=\"p1\">RIMZP-75<\/p>\n<\/td>\n<td>\n<p class=\"p1\">7.5 mm<\/p>\n<\/td>\n<td>\n<p class=\"p1\">10 pcs \/ pack<\/p>\n<\/td>\n<\/tr>\n<tr>\n<td>\n<p class=\"p1\">RIMZP-80<\/p>\n<\/td>\n<td>\n<p class=\"p1\">8.0 mm<\/p>\n<\/td>\n<td>\n<p class=\"p1\">10 pcs \/ pack<\/p>\n<\/td>\n<\/tr>\n<tr>\n<td>\n<p class=\"p1\">RIMZP-85<\/p>\n<\/td>\n<td>\n<p class=\"p1\">8.5 mm<\/p>\n<\/td>\n<td>\n<p class=\"p1\">10 pcs \/ pack<\/p>\n<\/td>\n<\/tr>\n<tr>\n<td>\n<p class=\"p1\">RIMZP-90<\/p>\n<\/td>\n<td>\n<p class=\"p1\">9.0 mm<\/p>\n<\/td>\n<td>\n<p class=\"p1\">10 pcs \/ pack<\/p>\n<\/td>\n<\/tr>\n<tr>\n<td>\n<p class=\"p1\">RIMZP-95<\/p>\n<\/td>\n<td>\n<p class=\"p1\">9.5 mm<\/p>\n<\/td>\n<td>\n<p class=\"p1\">10 pcs \/ pack<\/p>\n<\/td>\n<\/tr>\n<\/tbody>\n<\/table>","protected":false},"excerpt":{"rendered":"<p>Endotrahe\u0101l\u0101 caurule ar papildu stingr\u012bbu, apr\u012bkota ar man\u0161eti un jau iepriek\u0161 ievietotu stiletu \u0113rt\u0101kai un dro\u0161\u0101kai intub\u0101cijai. Ide\u0101li piem\u0113rota profesion\u0101lai<\/p>","protected":false},"featured_media":21183,"comment_status":"open","ping_status":"closed","template":"","meta":[],"product_brand":[],"product_cat":[244],"product_tag":[],"class_list":{"0":"post-21182","1":"product","2":"type-product","3":"status-publish","4":"has-post-thumbnail","6":"product_cat-anestezijas-piederumi","8":"first","9":"instock","10":"taxable","11":"shipping-taxable","12":"product-type-simple"},"_links":{"self":[{"href":"https:\/\/medapp.lv\/en\/wp-json\/wp\/v2\/product\/21182","targetHints":{"allow":["GET"]}}],"collection":[{"href":"https:\/\/medapp.lv\/en\/wp-json\/wp\/v2\/product"}],"about":[{"href":"https:\/\/medapp.lv\/en\/wp-json\/wp\/v2\/types\/product"}],"replies":[{"embeddable":true,"href":"https:\/\/medapp.lv\/en\/wp-json\/wp\/v2\/comments?post=21182"}],"version-history":[{"count":2,"href":"https:\/\/medapp.lv\/en\/wp-json\/wp\/v2\/product\/21182\/revisions"}],"predecessor-version":[{"id":21185,"href":"https:\/\/medapp.lv\/en\/wp-json\/wp\/v2\/product\/21182\/revisions\/21185"}],"wp:featuredmedia":[{"embeddable":true,"href":"https:\/\/medapp.lv\/en\/wp-json\/wp\/v2\/media\/21183"}],"wp:attachment":[{"href":"https:\/\/medapp.lv\/en\/wp-json\/wp\/v2\/media?parent=21182"}],"wp:term":[{"taxonomy":"product_brand","embeddable":true,"href":"https:\/\/medapp.lv\/en\/wp-json\/wp\/v2\/product_brand?post=21182"},{"taxonomy":"product_cat","embeddable":true,"href":"https:\/\/medapp.lv\/en\/wp-json\/wp\/v2\/product_cat?post=21182"},{"taxonomy":"product_tag","embeddable":true,"href":"https:\/\/medapp.lv\/en\/wp-json\/wp\/v2\/product_tag?post=21182"}],"curies":[{"name":"wp","href":"https:\/\/api.w.org\/{rel}","templated":true}]}}