{"id":21190,"date":"2025-07-02T12:11:49","date_gmt":"2025-07-02T10:11:49","guid":{"rendered":"https:\/\/medapp.lv\/?post_type=product&#038;p=21190"},"modified":"2025-07-17T10:04:00","modified_gmt":"2025-07-17T08:04:00","slug":"katetera-stiprinajums-ar-dubultu-grozamu-savienotaju-sterils","status":"publish","type":"product","link":"https:\/\/medapp.lv\/en\/product\/katetera-stiprinajums-ar-dubultu-grozamu-savienotaju-sterils\/","title":{"rendered":"Catheter attachment with double swivel connector, sterile"},"content":{"rendered":"<p>Sterile catheter connection fitting with double swivel connector. Provides a comfortable and stable connection to the breathing system. Ideal for anesthesia and intensive care needs.<\/p>\n<p><strong>Specification:<\/strong><br \/>\nConnection: 22M\/15F-22F<br \/>\nLength (without connector): 8-15 cm<\/p>\n<p><strong>Packaging:<\/strong><br \/>\n10 pcs.<\/p>","protected":false},"excerpt":{"rendered":"<p>Sterils katetera savienojuma stiprin\u0101jums ar divk\u0101r\u0161u groz\u0101mo savienot\u0101ju. Nodro\u0161ina \u0113rtu un stabilu pievienojumu elpo\u0161anas sist\u0113mai. Ide\u0101li piem\u0113rots anest\u0113zijai un intens\u012bv\u0101s<\/p>","protected":false},"featured_media":21192,"comment_status":"open","ping_status":"closed","template":"","meta":[],"product_brand":[],"product_cat":[244],"product_tag":[],"class_list":{"0":"post-21190","1":"product","2":"type-product","3":"status-publish","4":"has-post-thumbnail","6":"product_cat-anestezijas-piederumi","8":"first","9":"instock","10":"taxable","11":"shipping-taxable","12":"product-type-simple"},"_links":{"self":[{"href":"https:\/\/medapp.lv\/en\/wp-json\/wp\/v2\/product\/21190","targetHints":{"allow":["GET"]}}],"collection":[{"href":"https:\/\/medapp.lv\/en\/wp-json\/wp\/v2\/product"}],"about":[{"href":"https:\/\/medapp.lv\/en\/wp-json\/wp\/v2\/types\/product"}],"replies":[{"embeddable":true,"href":"https:\/\/medapp.lv\/en\/wp-json\/wp\/v2\/comments?post=21190"}],"version-history":[{"count":2,"href":"https:\/\/medapp.lv\/en\/wp-json\/wp\/v2\/product\/21190\/revisions"}],"predecessor-version":[{"id":21194,"href":"https:\/\/medapp.lv\/en\/wp-json\/wp\/v2\/product\/21190\/revisions\/21194"}],"wp:featuredmedia":[{"embeddable":true,"href":"https:\/\/medapp.lv\/en\/wp-json\/wp\/v2\/media\/21192"}],"wp:attachment":[{"href":"https:\/\/medapp.lv\/en\/wp-json\/wp\/v2\/media?parent=21190"}],"wp:term":[{"taxonomy":"product_brand","embeddable":true,"href":"https:\/\/medapp.lv\/en\/wp-json\/wp\/v2\/product_brand?post=21190"},{"taxonomy":"product_cat","embeddable":true,"href":"https:\/\/medapp.lv\/en\/wp-json\/wp\/v2\/product_cat?post=21190"},{"taxonomy":"product_tag","embeddable":true,"href":"https:\/\/medapp.lv\/en\/wp-json\/wp\/v2\/product_tag?post=21190"}],"curies":[{"name":"wp","href":"https:\/\/api.w.org\/{rel}","templated":true}]}}