{"id":21196,"date":"2025-07-02T12:16:11","date_gmt":"2025-07-02T10:16:11","guid":{"rendered":"https:\/\/medapp.lv\/?post_type=product&#038;p=21196"},"modified":"2025-07-17T10:04:00","modified_gmt":"2025-07-17T08:04:00","slug":"sterilizacijas-rulli-200-mm-un-400-mm-x-100-m","status":"publish","type":"product","link":"https:\/\/medapp.lv\/en\/product\/sterilizacijas-rulli-200-mm-un-400-mm-x-100-m\/","title":{"rendered":"Sterilization rolls \u2013 200 mm and 400 mm x 100 m"},"content":{"rendered":"<p>Sterilization rolls are designed for packaging medical instruments and materials before sterilization. Transparent laminate film with sterilization indicator that changes color after the sterilization process. High quality material, suitable for use in autoclaves.<\/p>\n<p><strong>Dimensions and quantity:<\/strong><br \/>\n\u2022 200 mm x 100 m \u2013 2 pieces.<br \/>\n\u2022 400 mm x 100 m \u2013 2 pieces.<\/p>","protected":false},"excerpt":{"rendered":"<p>Steriliz\u0101cijas ru\u013c\u013ci paredz\u0113ti medic\u012bnisko instrumentu un materi\u0101lu iepako\u0161anai pirms steriliz\u0101cijas. Caursp\u012bd\u012bga lamin\u0101ta pl\u0113ve ar steriliz\u0101cijas indikatoru, kas maina kr\u0101su p\u0113c<\/p>","protected":false},"featured_media":21197,"comment_status":"open","ping_status":"closed","template":"","meta":[],"product_brand":[],"product_cat":[300],"product_tag":[],"class_list":{"0":"post-21196","1":"product","2":"type-product","3":"status-publish","4":"has-post-thumbnail","6":"product_cat-sterilizacijas-materiali","8":"first","9":"instock","10":"taxable","11":"shipping-taxable","12":"product-type-simple"},"_links":{"self":[{"href":"https:\/\/medapp.lv\/en\/wp-json\/wp\/v2\/product\/21196","targetHints":{"allow":["GET"]}}],"collection":[{"href":"https:\/\/medapp.lv\/en\/wp-json\/wp\/v2\/product"}],"about":[{"href":"https:\/\/medapp.lv\/en\/wp-json\/wp\/v2\/types\/product"}],"replies":[{"embeddable":true,"href":"https:\/\/medapp.lv\/en\/wp-json\/wp\/v2\/comments?post=21196"}],"version-history":[{"count":1,"href":"https:\/\/medapp.lv\/en\/wp-json\/wp\/v2\/product\/21196\/revisions"}],"predecessor-version":[{"id":21198,"href":"https:\/\/medapp.lv\/en\/wp-json\/wp\/v2\/product\/21196\/revisions\/21198"}],"wp:featuredmedia":[{"embeddable":true,"href":"https:\/\/medapp.lv\/en\/wp-json\/wp\/v2\/media\/21197"}],"wp:attachment":[{"href":"https:\/\/medapp.lv\/en\/wp-json\/wp\/v2\/media?parent=21196"}],"wp:term":[{"taxonomy":"product_brand","embeddable":true,"href":"https:\/\/medapp.lv\/en\/wp-json\/wp\/v2\/product_brand?post=21196"},{"taxonomy":"product_cat","embeddable":true,"href":"https:\/\/medapp.lv\/en\/wp-json\/wp\/v2\/product_cat?post=21196"},{"taxonomy":"product_tag","embeddable":true,"href":"https:\/\/medapp.lv\/en\/wp-json\/wp\/v2\/product_tag?post=21196"}],"curies":[{"name":"wp","href":"https:\/\/api.w.org\/{rel}","templated":true}]}}