{"id":21200,"date":"2025-07-02T12:22:01","date_gmt":"2025-07-02T10:22:01","guid":{"rendered":"https:\/\/medapp.lv\/?post_type=product&#038;p=21200"},"modified":"2025-07-17T10:03:59","modified_gmt":"2025-07-17T08:03:59","slug":"krepe-sterilizacijas-papirs-dazadi-izmeri","status":"publish","type":"product","link":"https:\/\/medapp.lv\/en\/product\/krepe-sterilizacijas-papirs-dazadi-izmeri\/","title":{"rendered":"Crepe sterilization paper \u2013 various sizes"},"content":{"rendered":"<p>Crepe sterilization paper for packaging medical materials before sterilization. The product is suitable for use with steam, ethylene oxide and formaldehyde sterilization methods. The two-layer structure ensures safe and durable packaging. Blue shade.<\/p>\n<p><strong>Available sizes and packages:<\/strong><br \/>\n\u2022 30\u00d730 cm \u2014 2000 plates\/box (1 pack)<br \/>\n\u2022 40\u00d740 cm \u2014 500 plates\/box (1 pack)<br \/>\n\u2022 50\u00d750 cm \u2014 500 plates\/box (1 pack)<br \/>\n\u2022 60\u00d760 cm \u2014 500 plates\/box (1 pack)<br \/>\n\u2022 75\u00d775 cm \u2014 250 plates\/box (3 packs)<br \/>\n\u2022 120\u00d7120 cm \u2014 125 plates\/box (1 pack)<\/p>","protected":false},"excerpt":{"rendered":"<p>Krepe steriliz\u0101cijas pap\u012brs medic\u012bnisko materi\u0101lu iepako\u0161anai pirms steriliz\u0101cijas. Produkts piem\u0113rots izmanto\u0161anai ar tvaika, etil\u0113noks\u012bda un formaldeh\u012bda steriliz\u0101cijas metod\u0113m. Divsl\u0101\u0146u strukt\u016bra<\/p>","protected":false},"featured_media":21201,"comment_status":"open","ping_status":"closed","template":"","meta":[],"product_brand":[],"product_cat":[300],"product_tag":[],"class_list":{"0":"post-21200","1":"product","2":"type-product","3":"status-publish","4":"has-post-thumbnail","6":"product_cat-sterilizacijas-materiali","8":"first","9":"instock","10":"taxable","11":"shipping-taxable","12":"product-type-simple"},"_links":{"self":[{"href":"https:\/\/medapp.lv\/en\/wp-json\/wp\/v2\/product\/21200","targetHints":{"allow":["GET"]}}],"collection":[{"href":"https:\/\/medapp.lv\/en\/wp-json\/wp\/v2\/product"}],"about":[{"href":"https:\/\/medapp.lv\/en\/wp-json\/wp\/v2\/types\/product"}],"replies":[{"embeddable":true,"href":"https:\/\/medapp.lv\/en\/wp-json\/wp\/v2\/comments?post=21200"}],"version-history":[{"count":2,"href":"https:\/\/medapp.lv\/en\/wp-json\/wp\/v2\/product\/21200\/revisions"}],"predecessor-version":[{"id":21203,"href":"https:\/\/medapp.lv\/en\/wp-json\/wp\/v2\/product\/21200\/revisions\/21203"}],"wp:featuredmedia":[{"embeddable":true,"href":"https:\/\/medapp.lv\/en\/wp-json\/wp\/v2\/media\/21201"}],"wp:attachment":[{"href":"https:\/\/medapp.lv\/en\/wp-json\/wp\/v2\/media?parent=21200"}],"wp:term":[{"taxonomy":"product_brand","embeddable":true,"href":"https:\/\/medapp.lv\/en\/wp-json\/wp\/v2\/product_brand?post=21200"},{"taxonomy":"product_cat","embeddable":true,"href":"https:\/\/medapp.lv\/en\/wp-json\/wp\/v2\/product_cat?post=21200"},{"taxonomy":"product_tag","embeddable":true,"href":"https:\/\/medapp.lv\/en\/wp-json\/wp\/v2\/product_tag?post=21200"}],"curies":[{"name":"wp","href":"https:\/\/api.w.org\/{rel}","templated":true}]}}