{"id":21230,"date":"2025-07-02T14:04:46","date_gmt":"2025-07-02T12:04:46","guid":{"rendered":"https:\/\/medapp.lv\/?post_type=product&#038;p=21230"},"modified":"2025-07-17T10:03:56","modified_gmt":"2025-07-17T08:03:56","slug":"kirurgijas-komplekts","status":"publish","type":"product","link":"https:\/\/medapp.lv\/en\/product\/kirurgijas-komplekts\/","title":{"rendered":"Surgical kit"},"content":{"rendered":"<p><strong>Product code:<\/strong> 41025<br \/>\n<strong>Contains:<\/strong> universal surgical drapes, instrument trays, metal trays, compresses, tweezers.<\/p>\n<p><strong>Perfect for:<\/strong> general surgical procedures.<\/p>","protected":false},"excerpt":{"rendered":"<p>Preces kods: 41025 Satur: univers\u0101li \u0137irur\u0123iskie p\u0101rkl\u0101jumi, instrumentu palikt\u0146i, met\u0101la papl\u0101tes, kompreses, pincetes. Lieliski piem\u0113rots: visp\u0101r\u0113j\u0101m \u0137irur\u0123isk\u0101m proced\u016br\u0101m.<\/p>","protected":false},"featured_media":21487,"comment_status":"open","ping_status":"closed","template":"","meta":[],"product_brand":[],"product_cat":[240],"product_tag":[],"class_list":{"0":"post-21230","1":"product","2":"type-product","3":"status-publish","4":"has-post-thumbnail","6":"product_cat-kirurgiskie-komplekti","8":"first","9":"instock","10":"taxable","11":"shipping-taxable","12":"product-type-simple"},"_links":{"self":[{"href":"https:\/\/medapp.lv\/en\/wp-json\/wp\/v2\/product\/21230","targetHints":{"allow":["GET"]}}],"collection":[{"href":"https:\/\/medapp.lv\/en\/wp-json\/wp\/v2\/product"}],"about":[{"href":"https:\/\/medapp.lv\/en\/wp-json\/wp\/v2\/types\/product"}],"replies":[{"embeddable":true,"href":"https:\/\/medapp.lv\/en\/wp-json\/wp\/v2\/comments?post=21230"}],"version-history":[{"count":1,"href":"https:\/\/medapp.lv\/en\/wp-json\/wp\/v2\/product\/21230\/revisions"}],"predecessor-version":[{"id":21232,"href":"https:\/\/medapp.lv\/en\/wp-json\/wp\/v2\/product\/21230\/revisions\/21232"}],"wp:featuredmedia":[{"embeddable":true,"href":"https:\/\/medapp.lv\/en\/wp-json\/wp\/v2\/media\/21487"}],"wp:attachment":[{"href":"https:\/\/medapp.lv\/en\/wp-json\/wp\/v2\/media?parent=21230"}],"wp:term":[{"taxonomy":"product_brand","embeddable":true,"href":"https:\/\/medapp.lv\/en\/wp-json\/wp\/v2\/product_brand?post=21230"},{"taxonomy":"product_cat","embeddable":true,"href":"https:\/\/medapp.lv\/en\/wp-json\/wp\/v2\/product_cat?post=21230"},{"taxonomy":"product_tag","embeddable":true,"href":"https:\/\/medapp.lv\/en\/wp-json\/wp\/v2\/product_tag?post=21230"}],"curies":[{"name":"wp","href":"https:\/\/api.w.org\/{rel}","templated":true}]}}