{"id":21287,"date":"2025-07-07T12:44:44","date_gmt":"2025-07-07T10:44:44","guid":{"rendered":"https:\/\/medapp.lv\/?post_type=product&#038;p=21287"},"modified":"2025-07-16T09:05:22","modified_gmt":"2025-07-16T07:05:22","slug":"papira-roku-dvielis-2-slanu","status":"publish","type":"product","link":"https:\/\/medapp.lv\/en\/product\/papira-roku-dvielis-2-slanu\/","title":{"rendered":"Paper hand towel, 2 ply"},"content":{"rendered":"<p>Durable and highly absorbent paper towels for drying hands. Perfect for use in medical facilities, public spaces, salons or offices.<\/p>\n<p><strong>Specification:<\/strong><br \/>\n\u2022 Layers: 2<br \/>\n\u2022 Size: 25 \u00d7 21 cm<br \/>\n\u2022 Packaging: 210 pieces\/pack<\/p>","protected":false},"excerpt":{"rendered":"<p>Iztur\u012bgi un labi absorb\u0113jo\u0161i pap\u012bra dvie\u013ci roku nosusin\u0101\u0161anai. Lieliski piem\u0113roti lieto\u0161anai medic\u012bnas iest\u0101d\u0113s, sabiedrisk\u0101s telp\u0101s, salonos vai biroj\u0101. Specifik\u0101cija: \u2022<\/p>","protected":false},"featured_media":21288,"comment_status":"open","ping_status":"closed","template":"","meta":[],"product_brand":[],"product_cat":[132],"product_tag":[],"class_list":{"0":"post-21287","1":"product","2":"type-product","3":"status-publish","4":"has-post-thumbnail","6":"product_cat-citi","8":"first","9":"outofstock","10":"taxable","11":"shipping-taxable","12":"purchasable","13":"product-type-simple"},"_links":{"self":[{"href":"https:\/\/medapp.lv\/en\/wp-json\/wp\/v2\/product\/21287","targetHints":{"allow":["GET"]}}],"collection":[{"href":"https:\/\/medapp.lv\/en\/wp-json\/wp\/v2\/product"}],"about":[{"href":"https:\/\/medapp.lv\/en\/wp-json\/wp\/v2\/types\/product"}],"replies":[{"embeddable":true,"href":"https:\/\/medapp.lv\/en\/wp-json\/wp\/v2\/comments?post=21287"}],"version-history":[{"count":2,"href":"https:\/\/medapp.lv\/en\/wp-json\/wp\/v2\/product\/21287\/revisions"}],"predecessor-version":[{"id":21290,"href":"https:\/\/medapp.lv\/en\/wp-json\/wp\/v2\/product\/21287\/revisions\/21290"}],"wp:featuredmedia":[{"embeddable":true,"href":"https:\/\/medapp.lv\/en\/wp-json\/wp\/v2\/media\/21288"}],"wp:attachment":[{"href":"https:\/\/medapp.lv\/en\/wp-json\/wp\/v2\/media?parent=21287"}],"wp:term":[{"taxonomy":"product_brand","embeddable":true,"href":"https:\/\/medapp.lv\/en\/wp-json\/wp\/v2\/product_brand?post=21287"},{"taxonomy":"product_cat","embeddable":true,"href":"https:\/\/medapp.lv\/en\/wp-json\/wp\/v2\/product_cat?post=21287"},{"taxonomy":"product_tag","embeddable":true,"href":"https:\/\/medapp.lv\/en\/wp-json\/wp\/v2\/product_tag?post=21287"}],"curies":[{"name":"wp","href":"https:\/\/api.w.org\/{rel}","templated":true}]}}