{"id":21352,"date":"2025-07-08T10:26:19","date_gmt":"2025-07-08T08:26:19","guid":{"rendered":"https:\/\/medapp.lv\/?post_type=product&#038;p=21352"},"modified":"2025-07-17T10:03:50","modified_gmt":"2025-07-17T08:03:50","slug":"endotraheala-caurule-ar-manseti","status":"publish","type":"product","link":"https:\/\/medapp.lv\/en\/product\/endotraheala-caurule-ar-manseti\/","title":{"rendered":"Endotracheal tube with cuff"},"content":{"rendered":"<p>Sterile, single-use endotracheal tubes with cuff, for use in airway management during anesthesia or resuscitation. Each package contains 20 pieces.<\/p>\n<p><strong>Available sizes:<\/strong><br \/>\n\u2022 ID (mm) 3.5<br \/>\n\u2022 ID (mm) 4.0<br \/>\n\u2022 ID (mm) 4.5<\/p>","protected":false},"excerpt":{"rendered":"<p>Sterilas vienreiz\u0113j\u0101s lieto\u0161anas endotrahe\u0101l\u0101s caurules ar man\u0161eti, izmantojamas elpce\u013cu nodro\u0161in\u0101\u0161anai anest\u0113zijas vai reanim\u0101cijas laik\u0101. Katrs iepakojums satur 20 gab. Pieejamie<\/p>","protected":false},"featured_media":21353,"comment_status":"open","ping_status":"closed","template":"","meta":[],"product_brand":[],"product_cat":[244],"product_tag":[],"class_list":{"0":"post-21352","1":"product","2":"type-product","3":"status-publish","4":"has-post-thumbnail","6":"product_cat-anestezijas-piederumi","8":"first","9":"instock","10":"taxable","11":"shipping-taxable","12":"product-type-simple"},"_links":{"self":[{"href":"https:\/\/medapp.lv\/en\/wp-json\/wp\/v2\/product\/21352","targetHints":{"allow":["GET"]}}],"collection":[{"href":"https:\/\/medapp.lv\/en\/wp-json\/wp\/v2\/product"}],"about":[{"href":"https:\/\/medapp.lv\/en\/wp-json\/wp\/v2\/types\/product"}],"replies":[{"embeddable":true,"href":"https:\/\/medapp.lv\/en\/wp-json\/wp\/v2\/comments?post=21352"}],"version-history":[{"count":1,"href":"https:\/\/medapp.lv\/en\/wp-json\/wp\/v2\/product\/21352\/revisions"}],"predecessor-version":[{"id":21354,"href":"https:\/\/medapp.lv\/en\/wp-json\/wp\/v2\/product\/21352\/revisions\/21354"}],"wp:featuredmedia":[{"embeddable":true,"href":"https:\/\/medapp.lv\/en\/wp-json\/wp\/v2\/media\/21353"}],"wp:attachment":[{"href":"https:\/\/medapp.lv\/en\/wp-json\/wp\/v2\/media?parent=21352"}],"wp:term":[{"taxonomy":"product_brand","embeddable":true,"href":"https:\/\/medapp.lv\/en\/wp-json\/wp\/v2\/product_brand?post=21352"},{"taxonomy":"product_cat","embeddable":true,"href":"https:\/\/medapp.lv\/en\/wp-json\/wp\/v2\/product_cat?post=21352"},{"taxonomy":"product_tag","embeddable":true,"href":"https:\/\/medapp.lv\/en\/wp-json\/wp\/v2\/product_tag?post=21352"}],"curies":[{"name":"wp","href":"https:\/\/api.w.org\/{rel}","templated":true}]}}