{"id":15584,"date":"2024-02-02T16:20:38","date_gmt":"2024-02-02T14:20:38","guid":{"rendered":"http:\/\/mareksj17.sg-host.com\/?page_id=15584"},"modified":"2024-03-13T16:58:37","modified_gmt":"2024-03-13T14:58:37","slug":"privatuma-politika","status":"publish","type":"page","link":"https:\/\/medapp.lv\/et\/privatuma-politika\/","title":{"rendered":"Privaatsuspoliitika"},"content":{"rendered":"<div data-elementor-type=\"wp-page\" data-elementor-id=\"15584\" class=\"elementor elementor-15584\" data-elementor-post-type=\"page\">\n\t\t\t\t<div class=\"wd-negative-gap elementor-element elementor-element-17a30f5 e-flex e-con-boxed e-con e-parent\" data-id=\"17a30f5\" data-element_type=\"container\" data-e-type=\"container\">\n\t\t\t\t\t<div class=\"e-con-inner\">\n\t\t\t\t<div class=\"elementor-element elementor-element-8a7f9d7 elementor-widget elementor-widget-heading\" data-id=\"8a7f9d7\" data-element_type=\"widget\" data-e-type=\"widget\" data-widget_type=\"heading.default\">\n\t\t\t\t<div class=\"elementor-widget-container\">\n\t\t\t\t\t<h1 class=\"elementor-heading-title elementor-size-default\">SIA Medapp privaatsuspoliitika<\/h1>\t\t\t\t<\/div>\n\t\t\t\t<\/div>\n\t\t\t\t\t<\/div>\n\t\t\t\t<\/div>\n\t\t<div class=\"wd-negative-gap elementor-element elementor-element-5cabf26 e-flex e-con-boxed e-con e-parent\" data-id=\"5cabf26\" data-element_type=\"container\" data-e-type=\"container\">\n\t\t\t\t\t<div class=\"e-con-inner\">\n\t\t\t\t<div class=\"elementor-element elementor-element-93ec765 color-scheme-inherit text-left elementor-widget elementor-widget-text-editor\" data-id=\"93ec765\" data-element_type=\"widget\" data-e-type=\"widget\" data-widget_type=\"text-editor.default\">\n\t\t\t\t<div class=\"elementor-widget-container\">\n\t\t\t\t\t\t\t\t\t<ol><li>ANDMEHALDUS<\/li><\/ol><p>1.1 See poliitika kehtib tegevuste kohta Medapp Ltd. veebisaidil ja suhtlusv\u00f5rgustike platvormidel. Teie isikuandmete haldamise eest vastutab SIA Medapp registreerimisnumbriga 40203451999.<\/p><p>kontaktinfo<\/p><p>Aadress: Duntes iela 7, Riia, LV-1013<\/p><p>Tel: (+371)27888303<\/p><p>E-post: info@medapp.lv<\/p><p>SIA Medapp on spetsialiseerunud erinevate meditsiinitoodete jae- ja hulgim\u00fc\u00fcgile kogu L\u00e4tis ja Balti riikides, tehes koost\u00f6\u00f6d mainekate meditsiinitoodete tootjatega.<\/p><ol start=\"2\"><li>ISIKUANDMETE KOGUMINE<\/li><\/ol><p>2.1. Suhtlusandmed: kogume andmeid, mida edastate suhtluse ajal, n\u00e4iteks meilid v\u00f5i sotsiaalmeedia postitused. Nende hulka kuuluvad teie kontaktandmed, teie kirjavahetuse sisu ja vajaduse korral teie sotsiaalmeedia profiiliteave.<\/p><p>2.2. Tehinguandmed: kogume teenuste osutamiseks vajalikku teavet, nagu teie nimi, kontaktandmed ja makseandmed.<\/p><ol start=\"3\"><li>ANDMET\u00d6\u00d6TLUSE EESM\u00c4RGID JA SEADUSLIKKUS<\/li><\/ol><p>3.1. SIA Medapp t\u00f6\u00f6tleb isikuandmeid ainult konkreetsetel seaduslikel eesm\u00e4rkidel. Meie t\u00f6\u00f6tlemistoimingud vastavad isikuandmete kaitse \u00fcldm\u00e4\u00e4ruse ja L\u00e4ti \u00f5igusaktide n\u00f5uetele.<\/p><p>3.2. Suhtlemine ja taotluste t\u00f6\u00f6tlemine: t\u00f6\u00f6tleme teie andmeid teie taotlustele vastamiseks meie \u00f5igustatud huvidest l\u00e4htuvalt.<\/p><p>3.3. Teenuste osutamine: SIA Medapp-lt Toote ostmisel on teie ja SIA Medapp vahelise lepingu t\u00e4itmiseks vajalik andmet\u00f6\u00f6tlus.<\/p><ol start=\"4\"><li>ANDMETE S\u00c4ILITAMINE JA EDASTA<\/li><\/ol><p>4.1. S\u00e4ilitame isikuandmeid kuni t\u00f6\u00f6tlemise eesm\u00e4rgi saavutamiseni, tavaliselt 1 aasta p\u00e4rast andmete kogumist, kui seadusest ei tulene teisiti. P\u00e4rast seda perioodi andmed kustutatakse turvaliselt. Me ei edasta andmeid v\u00e4ljapoole Euroopa Majanduspiirkonda.<\/p><p>4.2. V\u00f5ime jagada andmeid lepingulistel alustel kolmandatest osapooltest tehniliste teenuste pakkujatega, aga ka ametiasutustega, kui see on vajalik juriidiliste kohustuste t\u00e4itmiseks.<\/p><ol start=\"5\"><li>K\u00dcPSISTE KASUTAMINE<\/li><\/ol><p>5.1. K\u00fcpsised (<em>k\u00fcpsised<\/em>) on v\u00e4ikesed failid, mis salvestatakse teie seadmesse veebisaidi funktsionaalsuse parandamiseks. Neid s\u00e4ilitatakse 8 kuud alates teie viimasest k\u00fclastusest ja neid saab hallata brauseri seadete kaudu.<\/p><ol start=\"6\"><li>MEDAPP SIA K\u00dcPSISTE KASUTAMINE<\/li><\/ol><p>6.1. Kasutame funktsionaalk\u00fcpsiseid, et meeles pidada kasutaja eelistusi, n\u00e4iteks keeleseadeid. Nende k\u00fcpsiste kasutamine p\u00f5hineb meie \u00f5igustatud huvidel.<\/p><ol start=\"7\"><li>TEIE \u00d5IGUSED ANDMESUBJEKTI<\/li><\/ol><p>7.1. \u00d5igus teabele: taotleda kinnitust andmet\u00f6\u00f6tluse kohta, juurdep\u00e4\u00e4su oma andmetele v\u00f5i lisateavet meie andmet\u00f6\u00f6tlustavade kohta.<\/p><p>7.2. \u00d5igus andmete parandamisele: \u00f5igus parandada mis tahes meie valduses olevaid andmeid, mis on teie kohta ebat\u00e4psed.<\/p><p>\u00d5igus kustutamisele: teatud juhtudel taotlege oma andmete kustutamist.<\/p><p>7.3. Andmet\u00f6\u00f6tluse piirangud: piirata seda, kuidas me teatud asjaoludel teie andmeid kasutame.<\/p><p>7.4. \u00d5igus andmete teisaldatavusele: saada oma andmed loetavas vormingus v\u00f5i edastada need teisele asutusele.<\/p><p>7.5. \u00d5igus esitada vastuv\u00e4iteid: vaidlustada andmet\u00f6\u00f6tlust, mis p\u00f5hineb meie \u00f5igustatud huvidel.<\/p><p>7.6. Nende \u00f5iguste kasutamine on \u00fcldiselt tasuta. Kuid p\u00f5hjendamatute v\u00f5i \u00fclem\u00e4\u00e4raste taotluste eest v\u00f5idakse n\u00f5uda tasu halduskulude alusel.<\/p><p>7.7. Isiku tuvastamine: v\u00f5ime n\u00f5uda andmesubjekti taotluste t\u00e4itmiseks isikut t\u00f5endavat dokumenti.<\/p><p>Vastamisaeg: P\u00fc\u00fcame vastata \u00fche kuu jooksul, keerukate p\u00e4ringute puhul v\u00f5ib seda pikendada kolme kuuni.<\/p><p><em>Kaebusi saab esitada j\u00e4relevalveasutusele: kui teil on meie andmet\u00f6\u00f6tluspoliitika suhtes kahtlusi, v\u00f5ite p\u00f6\u00f6rduda Andmeriigi Inspektsiooni poole (e-post: <\/em><a href=\"mailto:pasts@dvi.gov.lv\"><em>pasts@dvi.gov.lv<\/em><\/a><em>, aadress: Elijas iela 17, Riia, LV-1050).<\/em><\/p>\t\t\t\t\t\t\t\t<\/div>\n\t\t\t\t<\/div>\n\t\t\t\t\t<\/div>\n\t\t\t\t<\/div>\n\t\t\t\t<\/div>","protected":false},"excerpt":{"rendered":"<p>SIA Medapp privaatsuspoliitika ANDMEHALDUS 1.1 See poliitika kehtib tegevuste kohta SIA Medapp veebisaidil ja suhtlusv\u00f5rgustike platvormidel.<\/p>","protected":false},"author":1,"featured_media":0,"parent":0,"menu_order":0,"comment_status":"closed","ping_status":"closed","template":"","meta":{"footnotes":""},"class_list":["post-15584","page","type-page","status-publish","hentry"],"_links":{"self":[{"href":"https:\/\/medapp.lv\/et\/wp-json\/wp\/v2\/pages\/15584","targetHints":{"allow":["GET"]}}],"collection":[{"href":"https:\/\/medapp.lv\/et\/wp-json\/wp\/v2\/pages"}],"about":[{"href":"https:\/\/medapp.lv\/et\/wp-json\/wp\/v2\/types\/page"}],"author":[{"embeddable":true,"href":"https:\/\/medapp.lv\/et\/wp-json\/wp\/v2\/users\/1"}],"replies":[{"embeddable":true,"href":"https:\/\/medapp.lv\/et\/wp-json\/wp\/v2\/comments?post=15584"}],"version-history":[{"count":14,"href":"https:\/\/medapp.lv\/et\/wp-json\/wp\/v2\/pages\/15584\/revisions"}],"predecessor-version":[{"id":19122,"href":"https:\/\/medapp.lv\/et\/wp-json\/wp\/v2\/pages\/15584\/revisions\/19122"}],"wp:attachment":[{"href":"https:\/\/medapp.lv\/et\/wp-json\/wp\/v2\/media?parent=15584"}],"curies":[{"name":"t\u00f6\u00f6leht","href":"https:\/\/api.w.org\/{rel}","templated":true}]}}