{"id":16092,"date":"2024-02-26T15:26:28","date_gmt":"2024-02-26T13:26:28","guid":{"rendered":"https:\/\/mareksj17.sg-host.com\/?page_id=16092"},"modified":"2024-03-13T16:58:30","modified_gmt":"2024-03-13T14:58:30","slug":"vietnes-lietosanas-noteikumi","status":"publish","type":"page","link":"https:\/\/medapp.lv\/et\/vietnes-lietosanas-noteikumi\/","title":{"rendered":"Saidi kasutustingimused"},"content":{"rendered":"<div data-elementor-type=\"wp-page\" data-elementor-id=\"16092\" class=\"elementor elementor-16092\" data-elementor-post-type=\"page\">\n\t\t\t\t<div class=\"wd-negative-gap elementor-element elementor-element-3430ce8 e-flex e-con-boxed e-con e-parent\" data-id=\"3430ce8\" data-element_type=\"container\" data-e-type=\"container\">\n\t\t\t\t\t<div class=\"e-con-inner\">\n\t\t\t\t<div class=\"elementor-element elementor-element-49fd72b elementor-widget elementor-widget-heading\" data-id=\"49fd72b\" data-element_type=\"widget\" data-e-type=\"widget\" data-widget_type=\"heading.default\">\n\t\t\t\t<div class=\"elementor-widget-container\">\n\t\t\t\t\t<h1 class=\"elementor-heading-title elementor-size-default\">SIA Medapp veebisaidi (www.medapp.lv) kasutustingimused<\/h1>\t\t\t\t<\/div>\n\t\t\t\t<\/div>\n\t\t\t\t\t<\/div>\n\t\t\t\t<\/div>\n\t\t<div class=\"wd-negative-gap elementor-element elementor-element-c4889b7 e-flex e-con-boxed e-con e-parent\" data-id=\"c4889b7\" data-element_type=\"container\" data-e-type=\"container\">\n\t\t\t\t\t<div class=\"e-con-inner\">\n\t\t\t\t<div class=\"elementor-element elementor-element-24aeeb9 color-scheme-inherit text-left elementor-widget elementor-widget-text-editor\" data-id=\"24aeeb9\" data-element_type=\"widget\" data-e-type=\"widget\" data-widget_type=\"text-editor.default\">\n\t\t\t\t<div class=\"elementor-widget-container\">\n\t\t\t\t\t\t\t\t\t<ol><li>M\u00d5ISTED<\/li><\/ol><p>1.1 M\u00fc\u00fcja: SIA Medapp, L\u00e4ti Vabariigi seaduste kohaselt tegutsev ettev\u00f5te, registreerimisnumber LV4020203451999, kontoriga Duntes iela 7, Riia, LV-1013.<\/p><p>1.2. Ostja: 18-aastane ja vanem f\u00fc\u00fcsiline v\u00f5i juriidiline isik, kes ostab kaupu ja teenuseid saidilt medapp.lv.<\/p><p>1.3. Veebipood: veebiplatvorm, mida haldab SIA Medapp ja mis on saadaval aadressil www.medapp.lv.<\/p><p>1.4. Ostu-m\u00fc\u00fcgileping: Ostja ja SIA Medapp vaheline leping kauba m\u00fc\u00fcgiks vastavalt k\u00e4esolevatele tingimustele.<\/p><p>1.5: Kauba k\u00e4ttesaamise koht: Medapp.lv veebipoest ostetud kauba k\u00e4ttesaamise koht.<\/p><ol start=\"2\"><li>\u00dcLDREEGLID<\/li><\/ol><p>2.1 Juriidiline dokument: k\u00e4esolevad Tingimused on siduv juriidiline dokument Ostja ja SIA Medapp vahel ning m\u00e4\u00e4ravad kindlaks Poolte vastastikused \u00f5igused, kohustused ja vastutused seoses tehingutega veebilehel medapp.lv.<\/p><p>2.2. Tingimustega n\u00f5ustumine: ostes kaupu saidilt medapp.lv, n\u00f5ustub Ostja nende tingimustega.<\/p><p>2.3. Territoriaalne ulatus: kaubavahetus toimub L\u00e4tist.<\/p><p>2.4. Muudatused: SIA Medapp v\u00f5ib teha k\u00e4esolevates tingimustes muudatusi ja need j\u00f5ustuvad p\u00e4rast nende avaldamist veebisaidil.<\/p><p>2.5. Toode: m\u00f5iste &quot;toode&quot; h\u00f5lmab nii saidil medapp.lv pakutavaid tooteid kui ka teenuseid.<\/p><ol start=\"3\"><li>OSTU-M\u00dc\u00dcGILEPINGU S\u00d5LMIMINE<\/li><\/ol><p>3.1. Registreerimine: Ostu sooritamiseks peab ostja registreeruma saidil medapp.lv, esitades vajalikud andmed.<\/p><p>3.1.1. Kui Ostja ennast ei registreeri, siis Ostja m\u00e4rgib vajalikud kontaktandmed saadetise \u00fcleandmise hetkel.<\/p><p>3.2. Tellimuse esitamine: Ostja esitab tellimused, t\u00e4ites veebilehel oleva elektroonilise tellimisvormi.<\/p><p>3.3. Lepingu s\u00f5lmimine: iga tellimus, mille on kinnitanud SIA Medapp, moodustab eraldi ostu-m\u00fc\u00fcgilepingu.<\/p><p>3.4. Tellimuse kinnitamine: leping s\u00f5lmitakse, kui Ostja esitab tellimuse, n\u00f5ustub k\u00e4esolevate Tingimustega, valib makseviisi ja M\u00fc\u00fcja kinnitab tellimuse.<\/p><p>3.5. Kinnitamata j\u00e4tmine: SIA Medapp v\u00f5ib tellimuse tagasi l\u00fckata erinevatel p\u00f5hjustel, sealhulgas toodete k\u00e4ttesaamatuse v\u00f5i k\u00e4esolevate tingimuste mittej\u00e4rgimise t\u00f5ttu.<\/p><ol start=\"4\"><li>OSTJA \u00d5IGUSED JA KOHUSTUSED<\/li><\/ol><p>4.1. \u00d5igused: Ostjal on \u00f5igus osta kaupu vastavalt k\u00e4esolevatele tingimustele, tagastada kaup 14 p\u00e4eva jooksul, samuti muud \u00f5igused vastavalt L\u00e4ti Vabariigis kehtivale seadusandlusele.<\/p><p>4.2. Kohustused: Ostja vastutab tellitud kauba eest tasumise ja vastuv\u00f5tmise, kauba \u00fclevaatamise p\u00e4rast selle \u00fcleandmist, isikuandmete uuendamise, samuti k\u00e4esolevate Tingimuste ja L\u00e4ti Vabariigi \u00f5igusaktide t\u00e4itmise eest.<\/p><ol start=\"5\"><li>M\u00dc\u00dcJA \u00d5IGUSED JA KOHUSTUSED<\/li><\/ol><p>5.1. \u00d5igused: SIA Medapp v\u00f5ib piirata juurdep\u00e4\u00e4su Interneti-poele, muuta Tingimusi ja muuta tootepakkumist.<\/p><p>5.2. Kohustused: SIA Medapp kohustub kaitsma Ostjate privaatsust, tarnima tellitud tooteid ja tagastama makseid t\u00e4itmata tellimuste eest.<\/p><ol start=\"6\"><li>TOOTE HINNAD JA MAKSEMINE<\/li><\/ol><p>6.1. Hinnad: hinnad on eurodes koos k\u00e4ibemaksuga ja v\u00f5ivad muutuda.<\/p><p>6.2. Hinnamuutused: Veebipoe hinnad v\u00f5ivad erineda poe hindadest.<\/p><p>6.3. Fikseeritud hind tellimise hetkel: Toote hind m\u00e4\u00e4ratakse tellimuse esitamise hetkel.<\/p><p>6.4. Lisakulud: Kohaletoimetamise ja muud teenustasud ei sisaldu Toote hinnas.<\/p><p>6.5. Makseviisid: Ostja teeb ettemaksu veebilehel n\u00e4idatud viisidel.<\/p><ol start=\"7\"><li>KAUBA VARUSTAMINE<\/li><\/ol><p>7.1. Tarnev\u00f5imalused t\u00e4psustatakse kassas Ostja aadressi alusel.<\/p><p>7.2. Kohaletoimetamise tasud: Kohaletoimetamise teenust osutatakse lisatasu eest ja kohaletoimetamise tasu on m\u00e4rgitud tellimuse vormistamise ajal.<\/p><p>7.3. Tarneaadress: Ostja peab esitama t\u00e4pse tarneaadressi.<\/p><p>7.4. Tarneprotsess: M\u00fc\u00fcja vastutab tellitud Toote volitatud esindaja kaudu Ostjale tarnimise eest.<\/p><p>7.5. Tarnekuup\u00e4evad: Ostjat teavitatakse tarnekuup\u00e4evast ja kellaajast. Kui M\u00fc\u00fcja ei saa Toodet \u00f5igeaegselt tarnida, teavitab ta Ostjat tarne aja muutmisest.<\/p><p>7.6. Kauba vastuv\u00f5tmine: P\u00e4rast \u00fcleandmist peab Ostja Kauba \u00fcle vaatama ja kinnitama selle k\u00e4ttesaamist. K\u00f5ikidest ebak\u00f5ladest tuleb koheselt teavitada SIA Medapp.<\/p><ol start=\"8\"><li>KAUPADE VASTUV\u00d5TT JA LADUSTAMINE<\/li><\/ol><p>8.1. Kauba k\u00e4ttesaamise v\u00f5imalused: kohaletoimetamise teenuse valimata j\u00e4tmisel saab Ostja kauba k\u00e4tte saada m\u00e4\u00e4ratud kogumispunkti.<\/p><p>8.2. Hoiustamistasu: Kui Ostja ei j\u00f5ua kaupa m\u00e4\u00e4ratud aja jooksul k\u00e4tte saama, v\u00f5ib rakenduda ladustamistasu.<\/p><p>8.3. Kauba k\u00e4ttesaamise kohustused: Ostja v\u00f5i volitatud isik peab Toote k\u00e4ttesaamisel esitama asjakohased identifitseerimis- ja tellimuse andmed.<\/p><ol start=\"9\"><li>TOOTE KVALITEET JA GARANTII<\/li><\/ol><p>9.1 Tootekirjeldus: Iga Tootega on kaasas \u00fcksikasjalik kirjeldus ja spetsifikatsioonid.<\/p><p>9.2. Garantiiaeg: Kui ei ole m\u00e4rgitud teisiti, on tootele tavaliselt 1 aasta tootmisdefektide garantii.<\/p><p>9.3. Garantiiteenus: garantii korral peab Ostja p\u00f6\u00f6rduma SIA Medapp poole, et saada juhiseid garantiin\u00f5ude k\u00e4sitlemise korra kohta.<\/p><ol start=\"10\"><li>KAUPA TAGASTAMISE JA TAGASTAMISE \u00d5IGUS<\/li><\/ol><p>10.1. Taganemis\u00f5igus: Ostjal on \u00f5igus ostu-m\u00fc\u00fcgileping \u00fcles \u00f6elda ja toode tagastada 14 p\u00e4eva jooksul peale selle k\u00e4ttesaamist L\u00e4ti Vabariigi \u00f5igusaktidega kehtestatud korras.<\/p><p>10.2. Tagastamisprotsess: Kauba tagastamiseks antakse \u00fcksikasjalikud juhised, sealhulgas aadress, kuhu kaup tuleb tagastada, ja raha tagastamise viis.<\/p><ol start=\"11\"><li>KR\u00dcPTOVALUUTAS TASUTUD TELLIMUSTE T\u00dcHISTAMINE, TAGASTAMINE JA VAHETAMINE<\/li><\/ol><p>11.1. Kr\u00fcptovaluutas tehtud tehingud: Kr\u00fcptovaluutas tasutud tellimustele kehtivad erireeglid, eriti mis puudutab t\u00fchistamist ja tagasimakseid.<\/p><p>11.2. Tagastamise protseduur: Kr\u00fcptovaluutaga tasutud tellimuste eest kantakse raha tagasi Ostja pangakontole, mitte kr\u00fcptovaluutas.<\/p><p>12. ALLAHINDLUSED JA SOODUSTUSED<\/p><p>12.1. Eripakkumised: SIA Medapp v\u00f5ib pakkuda allahindlusi ja tutvustusi, millest teatatakse saidil medapp.lv.<\/p><p>12.2. Kampaania tingimused: igal pakkumisel v\u00f5ivad olla konkreetsed tingimused, mis pakkumise ajal selgelt teatavaks tehakse.<\/p><ol start=\"13\"><li>POOLTE VASTUTUS<\/li><\/ol><p>13.1. Ostja vastutus: Ostja vastutab t\u00e4pse teabe esitamise ja andmete ebat\u00e4psuse korral tekkida v\u00f5ivate tagaj\u00e4rgede eest.<\/p><p>13.2. M\u00fc\u00fcja vastutus: SIA Medapp vastutab k\u00e4esolevate reeglite t\u00e4itmise, kauba kvaliteedi ja kohaletoimetamise eest, v\u00e4lja arvatud v\u00e4\u00e4ramatu j\u00f5u v\u00f5i Ostja s\u00fc\u00fcl.<\/p><ol start=\"14\"><li>TEABE ESITAMINE<\/li><\/ol><p>14.1 Suhtlemine: SIA Medapp v\u00f5tab Ostjaga \u00fchendust eelk\u00f5ige e-posti teel, et edastada tellimuse kinnitus, tarneteave ja muu asjakohane teave.<\/p><p>14.2. Ostja kohustused: Ostja kohustuseks on esitada kehtiv e-posti aadress, telefoninumber, nimi, perekonnanimi ja tarneaadress, samuti teavitada SIA Medapp oma kontaktandmete muutumisest.<\/p><ol start=\"15\"><li>L\u00d5PPSINGIMUSED<\/li><\/ol><p>15.1 Kohaldatavad \u00f5igusaktid: k\u00e4esolevaid Tingimusi reguleerivad L\u00e4ti Vabariigi \u00f5igusaktid.<\/p><p>15.2. Vaidluste lahendamine: K\u00f5ik nendest tingimustest tulenevad vaidlused lahendatakse esmalt poolte vaheliste l\u00e4bir\u00e4\u00e4kimiste teel. Kui vaidlust l\u00e4bir\u00e4\u00e4kimiste teel ei lahendata, lahendatakse see L\u00e4ti Vabariigi p\u00e4devates kohtutes.<\/p><p>KONTAKTANDMED JA ANDMED<\/p><p>Firma nimi: SIA Medapp<\/p><p>Juriidiline aadress: Me\u017ea prospekts 28A, Riia, L\u00e4ti, LV-1014<\/p><p>Tel: (+371) 27888303<\/p><p>E-post: info@medapp.lv<\/p><p>Registreerimisnumber: LV40203451999<\/p>\t\t\t\t\t\t\t\t<\/div>\n\t\t\t\t<\/div>\n\t\t\t\t\t<\/div>\n\t\t\t\t<\/div>\n\t\t\t\t<\/div>","protected":false},"excerpt":{"rendered":"<p>SIA Medapp veebisaidi (www.medapp.lv) kasutustingimused M\u00d5ISTED 1.1 M\u00fc\u00fcja: SIA Medapp, L\u00e4ti Vabariigi seaduste kohaselt tegutsev ettev\u00f5te<\/p>","protected":false},"author":1,"featured_media":0,"parent":0,"menu_order":0,"comment_status":"closed","ping_status":"closed","template":"","meta":{"footnotes":""},"class_list":["post-16092","page","type-page","status-publish","hentry"],"_links":{"self":[{"href":"https:\/\/medapp.lv\/et\/wp-json\/wp\/v2\/pages\/16092","targetHints":{"allow":["GET"]}}],"collection":[{"href":"https:\/\/medapp.lv\/et\/wp-json\/wp\/v2\/pages"}],"about":[{"href":"https:\/\/medapp.lv\/et\/wp-json\/wp\/v2\/types\/page"}],"author":[{"embeddable":true,"href":"https:\/\/medapp.lv\/et\/wp-json\/wp\/v2\/users\/1"}],"replies":[{"embeddable":true,"href":"https:\/\/medapp.lv\/et\/wp-json\/wp\/v2\/comments?post=16092"}],"version-history":[{"count":16,"href":"https:\/\/medapp.lv\/et\/wp-json\/wp\/v2\/pages\/16092\/revisions"}],"predecessor-version":[{"id":19118,"href":"https:\/\/medapp.lv\/et\/wp-json\/wp\/v2\/pages\/16092\/revisions\/19118"}],"wp:attachment":[{"href":"https:\/\/medapp.lv\/et\/wp-json\/wp\/v2\/media?parent=16092"}],"curies":[{"name":"t\u00f6\u00f6leht","href":"https:\/\/api.w.org\/{rel}","templated":true}]}}