{"id":16109,"date":"2024-02-26T15:30:01","date_gmt":"2024-02-26T13:30:01","guid":{"rendered":"https:\/\/mareksj17.sg-host.com\/?page_id=16109"},"modified":"2024-03-13T16:58:59","modified_gmt":"2024-03-13T14:58:59","slug":"precu-atgriesanas-un-naudas-atmaksas-noteikumi","status":"publish","type":"page","link":"https:\/\/medapp.lv\/et\/precu-atgriesanas-un-naudas-atmaksas-noteikumi\/","title":{"rendered":"Tagastamis- ja tagasimaksepoliitika"},"content":{"rendered":"<div data-elementor-type=\"wp-page\" data-elementor-id=\"16109\" class=\"elementor elementor-16109\" data-elementor-post-type=\"page\">\n\t\t\t\t<div class=\"wd-negative-gap elementor-element elementor-element-b7244c6 e-flex e-con-boxed e-con e-parent\" data-id=\"b7244c6\" data-element_type=\"container\" data-e-type=\"container\">\n\t\t\t\t\t<div class=\"e-con-inner\">\n\t\t\t\t<div class=\"elementor-element elementor-element-b94c9a0 elementor-widget elementor-widget-heading\" data-id=\"b94c9a0\" data-element_type=\"widget\" data-e-type=\"widget\" data-widget_type=\"heading.default\">\n\t\t\t\t<div class=\"elementor-widget-container\">\n\t\t\t\t\t<h1 class=\"elementor-heading-title elementor-size-default\">SIA Medapp Toote tagastamise ja raha tagastamise reeglid<\/h1>\t\t\t\t<\/div>\n\t\t\t\t<\/div>\n\t\t\t\t\t<\/div>\n\t\t\t\t<\/div>\n\t\t<div class=\"wd-negative-gap elementor-element elementor-element-c1bea67 e-flex e-con-boxed e-con e-parent\" data-id=\"c1bea67\" data-element_type=\"container\" data-e-type=\"container\">\n\t\t\t\t\t<div class=\"e-con-inner\">\n\t\t\t\t<div class=\"elementor-element elementor-element-beeb0e7 color-scheme-inherit text-left elementor-widget elementor-widget-text-editor\" data-id=\"beeb0e7\" data-element_type=\"widget\" data-e-type=\"widget\" data-widget_type=\"text-editor.default\">\n\t\t\t\t<div class=\"elementor-widget-container\">\n\t\t\t\t\t\t\t\t\t<ol><li>Sissejuhatus<\/li><\/ol><ul><li>Ltd. Medapp on p\u00fchendunud klientide rahulolule. See tagastus- ja tagasimaksepoliitika s\u00e4testab tingimused, mille alusel saate meie veebisaidil medapp.lv ja meie f\u00fc\u00fcsilistes kauplustes tehtud ostude eest tagastada ja raha tagasi saada.<\/li><\/ul><ol start=\"2\"><li>Toote vastavus tagastuspoliitikale<\/li><\/ol><ul><li>T\u00e4htaeg: Kliendid saavad tooteid tagastada 14 p\u00e4eva jooksul p\u00e4rast ostmist.<\/li><li>Kauba seisukord: Kaup tagastatakse kasutamata, originaalpakendis, eemaldamata siltide ja dokumentatsiooniga.<\/li><li>Toodete erandid: kliendid ei saa tagastada kohandatud v\u00f5i isikup\u00e4rastatud tooteid ega tooteid, mis on ostmise ajal m\u00e4rgitud tagastamatuks.<\/li><\/ul><ol start=\"3\"><li>Kauba tagastamise kord<\/li><\/ol><ul><li>Tagastamise taotlemine: Tagastamise algatamiseks v\u00f5tke meiega \u00fchendust e-posti teel <a href=\"mailto:info@medapp.lv\">info@medapp.lv<\/a> v\u00f5i helistades +371 27888303. Palume m\u00e4rkida tellimuse number ja tagastamise p\u00f5hjus.<\/li><li>Tagastamise saatmine: Klient vastutab tagastamise saatmiskulude eest, v\u00e4lja arvatud juhul, kui Toode tagastatakse defekti v\u00f5i eba\u00f5ige saadetise t\u00f5ttu.<\/li><li>Tagastamise \u00fclevaatus: Kauba k\u00e4ttesaamisel kontrollitakse, et see vastaks meie tagastuspoliitikale.<\/li><\/ul><ol start=\"4\"><li>Tagasimakse<\/li><\/ol><ul><li>Tagastamise t\u00f6\u00f6tlemine: Vajadusel tehakse raha tagasi 14 p\u00e4eva jooksul p\u00e4rast tagastatud kauba k\u00e4ttesaamist.<\/li><li>Tagastamise viis: tagasimakse summa krediteeritakse algsele makseviisile.<\/li><li>Osaline raha tagastamine: osalist raha tagasi v\u00f5ib saada juhtudel, kui kaup tagastatakse kasutatud v\u00f5i kahjustatud (v\u00e4lja arvatud juhul, kui tegemist on tootmisdefektiga).<\/li><\/ul><ol start=\"5\"><li>Kaubavahetus<\/li><\/ol><ul><li>Vahetusv\u00f5imalused: Kliendid saavad raha tagastamise v\u00f5imaluse asemel valida ka toote \u00fcmbervahetamise. Vahetusv\u00f5imalused s\u00f5ltuvad soovitud toote saadavusest.<\/li><li>Vahetusprotsess: Vahetusprotsessile kehtivad tagastamistingimused. Kui tagastamine on kinnitatud, saadetakse uus kaup teele.<\/li><li>Kahjustatud v\u00f5i defektiga kaup<\/li><li>Kahjudest teatamine: kui olete saanud kahjustatud v\u00f5i defektse kauba, teatage sellest meile 7 p\u00e4eva jooksul p\u00e4rast tarnimist, et saada t\u00e4ielik raha tagasi v\u00f5i vahetada.<\/li><li>Kahjut\u00f5end: palun esitage meiega \u00fchendust v\u00f5tmisel fotot\u00f5endid defekti v\u00f5i kahjustuste kohta.<\/li><\/ul><ol start=\"6\"><li>Tellimuse t\u00fchistamine<\/li><\/ol><ul><li>T\u00fchistamine enne saatmist: enne saatmist t\u00fchistatud tellimuste eest tagastatakse t\u00e4ielikult.<\/li><li>T\u00fchistamine p\u00e4rast saatmist: Kui tellimus t\u00fchistatakse p\u00e4rast selle saatmist, kohaldatakse tagastuspoliitikat ja saatmiskulud kannab klient.<\/li><li>Piirangud<\/li><li>Tagastamatud teenused: SIA Medapp pakutavad teenused, nagu kohaletoimetamine v\u00f5i paigaldamine, ei kuulu p\u00e4rast l\u00f5petamist tagasi.<\/li><li>\u00d5iguslik vastavus: see poliitika on koosk\u00f5las L\u00e4ti tarbijakaitse seaduste ja m\u00e4\u00e4rustega.<\/li><\/ul><ol start=\"7\"><li>kontaktinfo<\/li><\/ol><ul><li>Kui teil on nende tagastus- ja tagasimaksepoliitika kohta k\u00fcsimusi v\u00f5i muresid, v\u00f5tke meiega \u00fchendust:<\/li><li>E-post: <a href=\"mailto:info@medapp.lv\">info@medapp.lv<\/a><\/li><li>Tel: (+371) 27888303<\/li><li>Aadress: Duntes iela 7, Riia, LV-1013<\/li><\/ul>\t\t\t\t\t\t\t\t<\/div>\n\t\t\t\t<\/div>\n\t\t\t\t\t<\/div>\n\t\t\t\t<\/div>\n\t\t\t\t<\/div>","protected":false},"excerpt":{"rendered":"<p>SIA Medapp tagastus- ja tagasimaksepoliitika Sissejuhatus SIA Medapp on p\u00fchendunud klientide rahulolule. Nendes toote tagastab ja<\/p>","protected":false},"author":1,"featured_media":0,"parent":0,"menu_order":0,"comment_status":"closed","ping_status":"closed","template":"","meta":{"footnotes":""},"class_list":["post-16109","page","type-page","status-publish","hentry"],"_links":{"self":[{"href":"https:\/\/medapp.lv\/et\/wp-json\/wp\/v2\/pages\/16109","targetHints":{"allow":["GET"]}}],"collection":[{"href":"https:\/\/medapp.lv\/et\/wp-json\/wp\/v2\/pages"}],"about":[{"href":"https:\/\/medapp.lv\/et\/wp-json\/wp\/v2\/types\/page"}],"author":[{"embeddable":true,"href":"https:\/\/medapp.lv\/et\/wp-json\/wp\/v2\/users\/1"}],"replies":[{"embeddable":true,"href":"https:\/\/medapp.lv\/et\/wp-json\/wp\/v2\/comments?post=16109"}],"version-history":[{"count":10,"href":"https:\/\/medapp.lv\/et\/wp-json\/wp\/v2\/pages\/16109\/revisions"}],"predecessor-version":[{"id":19130,"href":"https:\/\/medapp.lv\/et\/wp-json\/wp\/v2\/pages\/16109\/revisions\/19130"}],"wp:attachment":[{"href":"https:\/\/medapp.lv\/et\/wp-json\/wp\/v2\/media?parent=16109"}],"curies":[{"name":"t\u00f6\u00f6leht","href":"https:\/\/api.w.org\/{rel}","templated":true}]}}