{"id":16116,"date":"2024-02-26T15:31:06","date_gmt":"2024-02-26T13:31:06","guid":{"rendered":"https:\/\/mareksj17.sg-host.com\/?page_id=16116"},"modified":"2024-03-13T16:58:50","modified_gmt":"2024-03-13T14:58:50","slug":"piegades-politika","status":"publish","type":"page","link":"https:\/\/medapp.lv\/et\/piegades-politika\/","title":{"rendered":"Saatmispoliitika"},"content":{"rendered":"<div data-elementor-type=\"wp-page\" data-elementor-id=\"16116\" class=\"elementor elementor-16116\" data-elementor-post-type=\"page\">\n\t\t\t\t<div class=\"wd-negative-gap elementor-element elementor-element-ba93541 e-flex e-con-boxed e-con e-parent\" data-id=\"ba93541\" data-element_type=\"container\" data-e-type=\"container\">\n\t\t\t\t\t<div class=\"e-con-inner\">\n\t\t\t\t<div class=\"elementor-element elementor-element-ac813ce elementor-widget elementor-widget-heading\" data-id=\"ac813ce\" data-element_type=\"widget\" data-e-type=\"widget\" data-widget_type=\"heading.default\">\n\t\t\t\t<div class=\"elementor-widget-container\">\n\t\t\t\t\t<h1 class=\"elementor-heading-title elementor-size-default\">Ltd. Medapp tarnepoliitika<\/h1>\t\t\t\t<\/div>\n\t\t\t\t<\/div>\n\t\t\t\t\t<\/div>\n\t\t\t\t<\/div>\n\t\t<div class=\"wd-negative-gap elementor-element elementor-element-d19b86f e-flex e-con-boxed e-con e-parent\" data-id=\"d19b86f\" data-element_type=\"container\" data-e-type=\"container\">\n\t\t\t\t\t<div class=\"e-con-inner\">\n\t\t\t\t<div class=\"elementor-element elementor-element-d5bada0 color-scheme-inherit text-left elementor-widget elementor-widget-text-editor\" data-id=\"d5bada0\" data-element_type=\"widget\" data-e-type=\"widget\" data-widget_type=\"text-editor.default\">\n\t\t\t\t<div class=\"elementor-widget-container\">\n\t\t\t\t\t\t\t\t\t<ol><li>Sissejuhatus<\/li><\/ol><p>Ltd. Medapp p\u00fc\u00fcab teie ostud kohale toimetada \u00f5igeaegselt ja t\u00f5husalt. See tarnepoliitika kirjeldab meie veebisaidilt medapp.lv ja meie f\u00fc\u00fcsilistes kauplustes ostetud toodete kohaletoimetamise korda ja protseduure.<\/p><ol start=\"2\"><li>Kohaletoimetamine<\/li><\/ol><ul><li>Tarne L\u00e4ti piires: tarnime kogu L\u00e4tis. Saatmiskulud s\u00f5ltuvad pakendi suurusest ja sihtkohast.<\/li><li>Rahvusvaheline tarne: pakume tarnet Balti riikidesse ja teistesse Euroopa riikidesse. Rahvusvahelised saatmiskulud arvutatakse sihtkoha ja paki kaalu alusel.<\/li><\/ul><ol start=\"3\"><li>Tarne aeg<ul><li>T\u00f6\u00f6tlemisaeg: tellimused t\u00f6\u00f6deldakse tavaliselt 1-2 t\u00f6\u00f6p\u00e4eva jooksul.<\/li><li>Tarne L\u00e4ti piires: eeldatavasti 3-5 t\u00f6\u00f6p\u00e4eva jooksul peale tellimuse t\u00f6\u00f6tlemist.<\/li><li>Rahvusvaheline tarne: rahvusvaheliste saadetiste tarneajad v\u00f5ivad erineda, kuid tarnitakse tavaliselt 7-14 t\u00f6\u00f6p\u00e4eva jooksul.<\/li><\/ul><\/li><\/ol><ol start=\"4\"><li>Kandjad<\/li><\/ol><ul><li>Kasutame tunnustatud kohaletoimetamisettev\u00f5tete teenuseid, et tagada teie tellimuse ohutu ja \u00f5igeaegne kohaletoimetamine. Vedaja valik s\u00f5ltub saadetise suurusest ja sihtkohast.<\/li><\/ul><ol start=\"5\"><li>Tellimuse j\u00e4lgimine<\/li><\/ol><ul><li>Saadetise kinnitus: p\u00e4rast tellimuse saatmist saate kinnitusmeili koos saadetise j\u00e4lgimisnumbriga.<\/li><li>J\u00e4lgimine: saate j\u00e4lgida oma saadetise olekut, kasutades vedaja veebisaidil toodud j\u00e4lgimisnumbrit.<\/li><\/ul><ol start=\"6\"><li>Tarnepiirangud<\/li><\/ol><ul><li>Tootepiirangud: m\u00f5ne toote t\u00fc\u00fcbi v\u00f5i suuruse t\u00f5ttu v\u00f5ivad tarnev\u00f5imalused olla piiratud.<\/li><li>Aadressipiirangud: me ei pruugi saada tarnida teatud aadressidele, n\u00e4iteks postkastidesse v\u00f5i s\u00f5jav\u00e4ebaasidele.<\/li><\/ul><ol start=\"7\"><li>Tolli- ja impordimaksud<\/li><\/ol><ul><li>Rahvusvahelised saadetised: v\u00e4ljaspool L\u00e4tit saadetavate tellimuste puhul v\u00f5ivad kehtida tolli-, impordi- ja muud tasud, mille eest vastutab saaja.<\/li><\/ul><ol start=\"8\"><li>Kahjustatud saadetised<\/li><\/ol><ul><li>Kahjudest teatamine: Kui saate kahjustatud paki, teatage sellest meile 7 p\u00e4eva jooksul p\u00e4rast k\u00e4ttesaamist.<\/li><li>Kaebuste esitamise protsess: teeme teie kaebuse l\u00e4bivaatamiseks ja raha tagasimaksmiseks v\u00f5i vahetuseks koost\u00f6\u00f6d operaatoriga.<\/li><\/ul><ol start=\"9\"><li>Tellimuste muutmine ja t\u00fchistamine<\/li><\/ol><ul><li>Muudatused: kui teil on vaja muuta tarneaadressi v\u00f5i tellimust, v\u00f5tke meiega \u00fchendust niipea kui v\u00f5imalik.<\/li><li>T\u00fchistamine: tellimusi saab t\u00fchistada enne nende saatmist. P\u00e4rast l\u00e4hetamist t\u00f6\u00f6deldakse tellimusi vastavalt meie tagastus- ja tagasimaksepoliitikale.<\/li><\/ul><p>Kasutajatugi<\/p><p>Kui teil on k\u00fcsimusi v\u00f5i muresid kauba kohaletoimetamise kohta, v\u00f5tke meiega \u00fchendust:<\/p><p>E-post: <a href=\"mailto:info@medapp.lv\">info@medapp.lv<\/a><\/p><p>Tel: (+371) 27888303<\/p><p>Aadress: Duntes iela 7, Riia, LV-1013<\/p>\t\t\t\t\t\t\t\t<\/div>\n\t\t\t\t<\/div>\n\t\t\t\t\t<\/div>\n\t\t\t\t<\/div>\n\t\t\t\t<\/div>","protected":false},"excerpt":{"rendered":"<p>SIA Medapp tarnepoliitika Sissejuhatus SIA Medapp eesm\u00e4rk on tarnida teie ostud \u00f5igeaegselt ja t\u00f5husalt. See kohaletoimetamispoliitika s\u00e4testab meie<\/p>","protected":false},"author":1,"featured_media":0,"parent":0,"menu_order":0,"comment_status":"closed","ping_status":"closed","template":"","meta":{"footnotes":""},"class_list":["post-16116","page","type-page","status-publish","hentry"],"_links":{"self":[{"href":"https:\/\/medapp.lv\/et\/wp-json\/wp\/v2\/pages\/16116","targetHints":{"allow":["GET"]}}],"collection":[{"href":"https:\/\/medapp.lv\/et\/wp-json\/wp\/v2\/pages"}],"about":[{"href":"https:\/\/medapp.lv\/et\/wp-json\/wp\/v2\/types\/page"}],"author":[{"embeddable":true,"href":"https:\/\/medapp.lv\/et\/wp-json\/wp\/v2\/users\/1"}],"replies":[{"embeddable":true,"href":"https:\/\/medapp.lv\/et\/wp-json\/wp\/v2\/comments?post=16116"}],"version-history":[{"count":10,"href":"https:\/\/medapp.lv\/et\/wp-json\/wp\/v2\/pages\/16116\/revisions"}],"predecessor-version":[{"id":19126,"href":"https:\/\/medapp.lv\/et\/wp-json\/wp\/v2\/pages\/16116\/revisions\/19126"}],"wp:attachment":[{"href":"https:\/\/medapp.lv\/et\/wp-json\/wp\/v2\/media?parent=16116"}],"curies":[{"name":"t\u00f6\u00f6leht","href":"https:\/\/api.w.org\/{rel}","templated":true}]}}