{"id":16117,"date":"2024-02-26T15:31:32","date_gmt":"2024-02-26T13:31:32","guid":{"rendered":"https:\/\/mareksj17.sg-host.com\/?page_id=16117"},"modified":"2024-03-13T16:59:11","modified_gmt":"2024-03-13T14:59:11","slug":"juridiskais-pazinojums","status":"publish","type":"page","link":"https:\/\/medapp.lv\/et\/juridiskais-pazinojums\/","title":{"rendered":"\u00d5iguslik teade"},"content":{"rendered":"<div data-elementor-type=\"wp-page\" data-elementor-id=\"16117\" class=\"elementor elementor-16117\" data-elementor-post-type=\"page\">\n\t\t\t\t<div class=\"wd-negative-gap elementor-element elementor-element-8550b83 e-flex e-con-boxed e-con e-parent\" data-id=\"8550b83\" data-element_type=\"container\" data-e-type=\"container\">\n\t\t\t\t\t<div class=\"e-con-inner\">\n\t\t\t\t<div class=\"elementor-element elementor-element-468889b elementor-widget elementor-widget-heading\" data-id=\"468889b\" data-element_type=\"widget\" data-e-type=\"widget\" data-widget_type=\"heading.default\">\n\t\t\t\t<div class=\"elementor-widget-container\">\n\t\t\t\t\t<h1 class=\"elementor-heading-title elementor-size-default\">Juriidiline teade SIA Medapp veebisaidi kohta<\/h1>\t\t\t\t<\/div>\n\t\t\t\t<\/div>\n\t\t\t\t\t<\/div>\n\t\t\t\t<\/div>\n\t\t<div class=\"wd-negative-gap elementor-element elementor-element-c8c8134 e-flex e-con-boxed e-con e-parent\" data-id=\"c8c8134\" data-element_type=\"container\" data-e-type=\"container\">\n\t\t\t\t\t<div class=\"e-con-inner\">\n\t\t\t\t<div class=\"elementor-element elementor-element-bb0460b color-scheme-inherit text-left elementor-widget elementor-widget-text-editor\" data-id=\"bb0460b\" data-element_type=\"widget\" data-e-type=\"widget\" data-widget_type=\"text-editor.default\">\n\t\t\t\t<div class=\"elementor-widget-container\">\n\t\t\t\t\t\t\t\t\t<ol><li>Sissejuhatus<\/li><\/ol><p>See juriidiline teade kehtib k\u00f5igile SIA Medapp veebisaidi (medapp.lv) k\u00fclastajatele ja kasutajatele. Sellele veebisaidile sisenedes n\u00f5ustute k\u00e4esolevas teatises s\u00e4testatud tingimustega.<\/p><ol start=\"2\"><li>Veebisaidi omandi\u00f5igus<\/li><\/ol><p>Veebilehe haldur: veebisaiti medapp.lv haldab SIA Medapp.<\/p><p>Registreerimisandmed: SIA Medapp, registreeritud L\u00e4tis registreerimisnumbriga 40203451999.<\/p><p>Kontori aadress: Duntes iela 7, Riia, LV-1013.<\/p><ol start=\"3\"><li>Intellektuaalse omandi \u00f5igused<\/li><\/ol><p>Kogu selle veebisaidi sisu, sealhulgas tekst, graafika, logod, pildid ja tarkvara, on SIA Medapp v\u00f5i selle sisutarnijate omand ning on kaitstud L\u00e4ti ja rahvusvaheliste autori\u00f5iguse ja intellektuaalomandi seadustega.<\/p><p>SIA Medapp nimi ja logo, samuti k\u00f5ik sellega seotud toodete ja teenuste nimed, kujundusm\u00e4rgid ja loosungid on SIA Medapp kaubam\u00e4rgid v\u00f5i teenusem\u00e4rgid. Sellel veebisaidil sisalduvate materjalidega seoses ei anta kaubam\u00e4rgi- ega teenusem\u00e4rgilitsentsi.<\/p><ol start=\"4\"><li>Veebilehe kasutamine<\/li><\/ol><p>See veebisait on m\u00f5eldud isiklikuks ja mitte\u00e4riliseks kasutamiseks. Te ei tohi muuta, kopeerida, levitada, edastada, kuvada, reprodutseerida, avaldada, litsentsida ega luua tuletatud teoseid, edastada ega m\u00fc\u00fca sellelt veebisaidilt saadud teavet, tarkvara, tooteid v\u00f5i teenuseid ilma SIA Medapp eelneva kirjaliku n\u00f5usolekuta.<\/p><ol start=\"5\"><li>Vastutusest loobumine<\/li><\/ol><p>SIA Medapp veebisaidi sisu on antud praegusel kujul ainult \u00fcldiseks teavitamiseks. See ei ole m\u00f5eldud meditsiiniliseks n\u00f5uandeks ega professionaalse tervishoiualase n\u00f5ustamise asendajaks.<\/p><p>SIA Medapp ei garanteeri sellel veebisaidil esitatud teabe t\u00e4psust, t\u00e4ielikkust ega kasulikkust, samuti ei aktsepteeri, kinnita ega vastuta mis tahes arvamuste, n\u00f5uannete v\u00f5i v\u00e4idete t\u00e4psuse v\u00f5i usaldusv\u00e4\u00e4rsuse eest.<\/p><p>Vastutuse piirangud<\/p><p>Medapp Ltd. ei vastuta \u00fchelgi juhul otseste, kaudsete, juhuslike, eriliste v\u00f5i kaudsete kahjude eest, mis tulenevad sellel veebisaidil olevate materjalide kasutamisest v\u00f5i v\u00f5imetusest neid kasutada.<\/p><ol start=\"6\"><li>Privaatsus<\/li><\/ol><p>SIA Medapp privaatsuspoliitika kehtib ka saidi medapp.lv kasutamisel. Vaadake \u00fcle meie privaatsuspoliitika, mis reguleerib ka veebisaidi toimimist ja teavitab kasutajaid andmete kogumise tavadest.<\/p><ol start=\"7\"><li>Kohaldatav seadus<\/li><\/ol><p>Seda juriidilist teadet reguleeritakse ja t\u00f5lgendatakse vastavalt L\u00e4ti Vabariigi seadustele. K\u00f5ik vaidlused, mis tulenevad siin sisalduvast teabest v\u00f5i on sellega seotud, kuuluvad l\u00e4bivaatamisele L\u00e4ti jurisdiktsioonis.<\/p><p>Muudatused juriidilises teatises<\/p><p>SIA Medapp j\u00e4tab endale \u00f5iguse seda \u00f5iguslikku teadet igal ajal muuta. Kui j\u00e4tkate selle veebisaidi kasutamist p\u00e4rast muudatuste postitamist, siis n\u00f5ustute nende muudatustega.<\/p><ol start=\"8\"><li>kontaktinfo<\/li><\/ol><p>Kui teil on selle juriidilise teatise kohta k\u00fcsimusi v\u00f5i muresid, v\u00f5tke meiega \u00fchendust:<\/p><p>E-post: <a href=\"mailto:info@medapp.lv\">info@medapp.lv<\/a><\/p><p>Tel: (+371) 27888303<\/p><p>Aadress: Duntes iela 7, Riia, LV-1013<\/p>\t\t\t\t\t\t\t\t<\/div>\n\t\t\t\t<\/div>\n\t\t\t\t\t<\/div>\n\t\t\t\t<\/div>\n\t\t\t\t<\/div>","protected":false},"excerpt":{"rendered":"<p>Juriidiline teade SIA Medapp veebisaidi kohta Sissejuhatus See juriidiline teade kehtib k\u00f5ikidele SIA Medapp veebisaidi (medapp.lv) k\u00fclastajatele ja<\/p>","protected":false},"author":1,"featured_media":0,"parent":0,"menu_order":0,"comment_status":"closed","ping_status":"closed","template":"","meta":{"footnotes":""},"class_list":["post-16117","page","type-page","status-publish","hentry"],"_links":{"self":[{"href":"https:\/\/medapp.lv\/et\/wp-json\/wp\/v2\/pages\/16117","targetHints":{"allow":["GET"]}}],"collection":[{"href":"https:\/\/medapp.lv\/et\/wp-json\/wp\/v2\/pages"}],"about":[{"href":"https:\/\/medapp.lv\/et\/wp-json\/wp\/v2\/types\/page"}],"author":[{"embeddable":true,"href":"https:\/\/medapp.lv\/et\/wp-json\/wp\/v2\/users\/1"}],"replies":[{"embeddable":true,"href":"https:\/\/medapp.lv\/et\/wp-json\/wp\/v2\/comments?post=16117"}],"version-history":[{"count":10,"href":"https:\/\/medapp.lv\/et\/wp-json\/wp\/v2\/pages\/16117\/revisions"}],"predecessor-version":[{"id":19134,"href":"https:\/\/medapp.lv\/et\/wp-json\/wp\/v2\/pages\/16117\/revisions\/19134"}],"wp:attachment":[{"href":"https:\/\/medapp.lv\/et\/wp-json\/wp\/v2\/media?parent=16117"}],"curies":[{"name":"t\u00f6\u00f6leht","href":"https:\/\/api.w.org\/{rel}","templated":true}]}}