{"id":4400,"date":"2021-10-12T15:51:09","date_gmt":"2021-10-12T15:51:09","guid":{"rendered":"http:\/\/dummy.xtemos.com\/woodmart2\/elementor\/?page_id=4400"},"modified":"2025-07-01T14:50:58","modified_gmt":"2025-07-01T12:50:58","slug":"par-mums","status":"publish","type":"page","link":"https:\/\/medapp.lv\/et\/par-mums\/","title":{"rendered":"Meist"},"content":{"rendered":"<div data-elementor-type=\"wp-page\" data-elementor-id=\"4400\" class=\"elementor elementor-4400\" data-elementor-post-type=\"page\">\n\t\t\t\t<div class=\"wd-negative-gap elementor-element elementor-element-ea504bd wd-section-stretch e-flex e-con-boxed e-con e-parent\" data-id=\"ea504bd\" data-element_type=\"container\" data-e-type=\"container\" data-settings=\"{&quot;background_background&quot;:&quot;classic&quot;}\">\n\t\t\t\t\t<div class=\"e-con-inner\">\n\t\t\t\t<div class=\"elementor-element elementor-element-21f2d23 wd-width-100 elementor-widget elementor-widget-wd_title\" data-id=\"21f2d23\" data-element_type=\"widget\" data-e-type=\"widget\" data-widget_type=\"wd_title.default\">\n\t\t\t\t<div class=\"elementor-widget-container\">\n\t\t\t\t\t\t\t<div class=\"title-wrapper wd-set-mb reset-last-child wd-title-color-primary wd-title-style-default wd-title-size-default text-center\">\n\n\t\t\t\n\t\t\t<div class=\"liner-continer\">\n\t\t\t\t<h2 class=\"woodmart-title-container title wd-fontsize-l\">Tutvuge Medappi meeskonnaga<\/h2> \n\t\t\t\t\t\t\t<\/div>\n\n\t\t\t\t\t<\/div>\n\t\t\t\t\t\t<\/div>\n\t\t\t\t<\/div>\n\t\t\t\t<div class=\"elementor-element elementor-element-56c5be3 elementor-align-center elementor-widget elementor-widget-breadcrumbs\" data-id=\"56c5be3\" data-element_type=\"widget\" data-e-type=\"widget\" data-widget_type=\"breadcrumbs.default\">\n\t\t\t\t<div class=\"elementor-widget-container\">\n\t\t\t\t\t<nav aria-label=\"riivsai\" class=\"rank-math-breadcrumb\"><p><span class=\"last\">Koduleht<\/span><\/p><\/nav>\t\t\t\t<\/div>\n\t\t\t\t<\/div>\n\t\t\t\t\t<\/div>\n\t\t\t\t<\/div>\n\t\t\t\t<section class=\"wd-negative-gap elementor-section elementor-top-section elementor-element elementor-element-36612b13 wd-section-stretch elementor-section-content-middle elementor-section-full_width elementor-section-height-default elementor-section-height-default\" data-id=\"36612b13\" data-element_type=\"section\" data-e-type=\"section\" data-settings=\"{&quot;background_background&quot;:&quot;classic&quot;}\">\n\t\t\t\t\t\t<div class=\"elementor-container elementor-column-gap-default\">\n\t\t\t\t\t<div class=\"elementor-column elementor-col-100 elementor-top-column elementor-element elementor-element-73580a01\" data-id=\"73580a01\" data-element_type=\"column\" data-e-type=\"column\">\n\t\t\t<div class=\"elementor-widget-wrap elementor-element-populated\">\n\t\t\t\t\t\t<div class=\"elementor-element elementor-element-0d8dd30 elementor-view-default elementor-widget elementor-widget-icon\" data-id=\"0d8dd30\" data-element_type=\"widget\" data-e-type=\"widget\" data-widget_type=\"icon.default\">\n\t\t\t\t<div class=\"elementor-widget-container\">\n\t\t\t\t\t\t\t<div class=\"elementor-icon-wrapper\">\n\t\t\t<div class=\"elementor-icon\">\n\t\t\t<svg aria-hidden=\"true\" class=\"e-font-icon-svg e-fas-info\" viewbox=\"0 0 192 512\" xmlns=\"http:\/\/www.w3.org\/2000\/svg\"><path d=\"M20 424.229h20V279.771H20c-11.046 0-20-8.954-20-20V212c0-11.046 8.954-20 20-20h112c11.046 0 20 8.954 20 20v212.229h20c11.046 0 20 8.954 20 20V492c0 11.046-8.954 20-20 20H20c-11.046 0-20-8.954-20-20v-47.771c0-11.046 8.954-20 20-20zM96 0C56.235 0 24 32.235 24 72s32.235 72 72 72 72-32.235 72-72S135.764 0 96 0z\"><\/path><\/svg>\t\t\t<\/div>\n\t\t<\/div>\n\t\t\t\t\t\t<\/div>\n\t\t\t\t<\/div>\n\t\t\t\t<div class=\"elementor-element elementor-element-e4fefad wd-width-100 elementor-widget elementor-widget-wd_title\" data-id=\"e4fefad\" data-element_type=\"widget\" data-e-type=\"widget\" data-widget_type=\"wd_title.default\">\n\t\t\t\t<div class=\"elementor-widget-container\">\n\t\t\t\t\t\t\t<div class=\"title-wrapper wd-set-mb reset-last-child wd-title-color-primary wd-title-style-default wd-title-size-default text-center\">\n\n\t\t\t\n\t\t\t<div class=\"liner-continer\">\n\t\t\t\t<h2 class=\"woodmart-title-container title wd-fontsize-l\">Kes me oleme?<\/h2> \n\t\t\t\t\t\t\t<\/div>\n\n\t\t\t\t\t\t\t<div class=\"title-after_title reset-last-child wd-fontsize-xs\">\n\t\t\t\t\t<p>Firma SIA &quot;MedApp&quot; asutasid 2023. aastal kaks venda, kes t\u00f6\u00f6tavad meditsiinit\u00f6\u00f6stuses teist p\u00f5lvkonda.<\/p><p>SIA MedApp meditsiinitoodete valik t\u00e4ieneb iga p\u00e4ev. Hetkel on pakkumises \u00fcle 200 erineva toote, mis on hoolikalt valitud vastavalt ettev\u00f5tte ja meditsiinit\u00f6\u00f6stuse k\u00f5rgeimatele standarditele. Meditsiinitoodete valik on koostatud koost\u00f6\u00f6partnerite parimaid pakkumisi ja klientide soove arvestades.<\/p><p>MedApp on kasvav ettev\u00f5te, mis j\u00e4rgib tootjate pakkumisi ja globaalseid trende meditsiinit\u00f6\u00f6stuses. Liituge meiega ja kujundame koos tervishoiu tulevikku.<\/p>\t\t\t\t<\/div>\n\t\t\t\t\t<\/div>\n\t\t\t\t\t\t<\/div>\n\t\t\t\t<\/div>\n\t\t\t\t\t<\/div>\n\t\t<\/div>\n\t\t\t\t\t<\/div>\n\t\t<\/section>\n\t\t\t\t<section class=\"wd-negative-gap elementor-section elementor-top-section elementor-element elementor-element-517b4a14 elementor-section-boxed elementor-section-height-default elementor-section-height-default\" data-id=\"517b4a14\" data-element_type=\"section\" data-e-type=\"section\">\n\t\t\t\t\t\t<div class=\"elementor-container elementor-column-gap-default\">\n\t\t\t\t\t<div class=\"elementor-column elementor-col-100 elementor-top-column elementor-element elementor-element-1f200195\" data-id=\"1f200195\" data-element_type=\"column\" data-e-type=\"column\" data-settings=\"{&quot;background_background&quot;:&quot;classic&quot;}\">\n\t\t\t<div class=\"elementor-widget-wrap elementor-element-populated\">\n\t\t\t\t\t\t<section class=\"wd-negative-gap elementor-section elementor-inner-section elementor-element elementor-element-5bfd9664 elementor-section-boxed elementor-section-height-default elementor-section-height-default\" data-id=\"5bfd9664\" data-element_type=\"section\" data-e-type=\"section\">\n\t\t\t\t\t\t<div class=\"elementor-container elementor-column-gap-extended\">\n\t\t\t\t\t<div class=\"elementor-column elementor-col-100 elementor-top-column elementor-element elementor-element-4b52bf4a\" data-id=\"4b52bf4a\" data-element_type=\"column\" data-e-type=\"column\">\n\t\t\t<div class=\"elementor-widget-wrap elementor-element-populated\">\n\t\t\t\t\t\t<div class=\"elementor-element elementor-element-9b76292 elementor-widget elementor-widget-image\" data-id=\"9b76292\" data-element_type=\"widget\" data-e-type=\"widget\" data-widget_type=\"image.default\">\n\t\t\t\t<div class=\"elementor-widget-container\">\n\t\t\t\t\t\t\t\t\t\t\t\t\t\t\t<img decoding=\"async\" width=\"619\" height=\"800\" src=\"https:\/\/medapp.lv\/wp-content\/uploads\/2025\/07\/Medapp-drons-JPG-Par-mums-619x800.jpg\" class=\"attachment-large size-large wp-image-21122\" alt=\"\" srcset=\"https:\/\/medapp.lv\/wp-content\/uploads\/2025\/07\/Medapp-drons-JPG-Par-mums-619x800.jpg 619w, https:\/\/medapp.lv\/wp-content\/uploads\/2025\/07\/Medapp-drons-JPG-Par-mums-232x300.jpg 232w, https:\/\/medapp.lv\/wp-content\/uploads\/2025\/07\/Medapp-drons-JPG-Par-mums-768x992.jpg 768w, https:\/\/medapp.lv\/wp-content\/uploads\/2025\/07\/Medapp-drons-JPG-Par-mums-1189x1536.jpg 1189w, https:\/\/medapp.lv\/wp-content\/uploads\/2025\/07\/Medapp-drons-JPG-Par-mums-1586x2048.jpg 1586w, https:\/\/medapp.lv\/wp-content\/uploads\/2025\/07\/Medapp-drons-JPG-Par-mums-9x12.jpg 9w, https:\/\/medapp.lv\/wp-content\/uploads\/2025\/07\/Medapp-drons-JPG-Par-mums-430x555.jpg 430w, https:\/\/medapp.lv\/wp-content\/uploads\/2025\/07\/Medapp-drons-JPG-Par-mums-700x904.jpg 700w, https:\/\/medapp.lv\/wp-content\/uploads\/2025\/07\/Medapp-drons-JPG-Par-mums-150x194.jpg 150w, https:\/\/medapp.lv\/wp-content\/uploads\/2025\/07\/Medapp-drons-JPG-Par-mums-scaled.jpg 1982w\" sizes=\"(max-width: 619px) 100vw, 619px\" \/>\t\t\t\t\t\t\t\t\t\t\t\t\t\t\t<\/div>\n\t\t\t\t<\/div>\n\t\t\t\t\t<\/div>\n\t\t<\/div>\n\t\t\t\t\t<\/div>\n\t\t<\/section>\n\t\t\t\t\t<\/div>\n\t\t<\/div>\n\t\t\t\t\t<\/div>\n\t\t<\/section>\n\t\t<div class=\"wd-negative-gap elementor-element elementor-element-3066752 e-flex e-con-boxed e-con e-parent\" data-id=\"3066752\" data-element_type=\"container\" data-e-type=\"container\">\n\t\t\t\t\t<div class=\"e-con-inner\">\n\t\t<div class=\"elementor-element elementor-element-6277305 e-con-full e-flex e-con e-child\" data-id=\"6277305\" data-element_type=\"container\" data-e-type=\"container\">\n\t\t\t\t<div class=\"elementor-element elementor-element-885ebeb elementor-widget__width-auto elementor-widget elementor-widget-wd_infobox\" data-id=\"885ebeb\" data-element_type=\"widget\" data-e-type=\"widget\" data-widget_type=\"wd_infobox.default\">\n\t\t\t\t<div class=\"elementor-widget-container\">\n\t\t\t\t\t\t\t<div class=\"info-box-wrapper\">\n\t\t\t<div class=\"wd-info-box text-left box-icon-align-top box-style-base color-scheme-\">\n\t\t\t\t\n\t\t\t\t<div class=\"info-box-content\">\n\t\t\t\t\t\n\t\t\t\t\t\t\t\t\t\t\t<h4\t\t\t\t\t\tclass=\"info-box-title title box-title-style-default wd-fontsize-m\" data-elementor-setting-key=\"title\">\n\t\t\t\t\t\t\t\tMissioon \u2013 Visioon \u2013 Eesm\u00e4rk\t\t\t\t\t\t<\/h4>\n\t\t\t\t\t\n\t\t\t\t\t<div class=\"info-box-inner reset-last-child\"data-elementor-setting-key=\"content\"><p class=\"sqsrte-large preFade fadeIn\">SIA MedApp eesm\u00e4rk on saada Baltikumi usaldusv\u00e4\u00e4rseimaks meditsiinitoodete tarnijaks \u2013 selliseks, kelle klient on nagu pereliige, kes saab parimat, seega hindame k\u00f5rgelt kliendi soove ja soovitusi.<\/p>\n<p class=\"sqsrte-large preFade fadeIn\">P\u00fc\u00fcame olla hea ja usaldusv\u00e4\u00e4rne abiline arstidele, kes vajavad kvaliteetset ja kaasaegset meditsiinitoodete valikut kvaliteetse arstiabi pakkumiseks.<\/p>\n<p>\u00a0<\/p>\n<p class=\"sqsrte-large preFade fadeIn\"><strong>T\u00f6\u00f6tame sihikindlalt, et tagada professionaalsus, uuenduslik tootevalik, konkurentsiv\u00f5imelised hinnad ja kiire tarne.<\/strong><\/p>\n<\/div>\n\n\t\t\t\t\t\t\t\t\t<\/div>\n\n\t\t\t\t\t\t\t<\/div>\n\t\t<\/div>\n\t\t\t\t\t\t<\/div>\n\t\t\t\t<\/div>\n\t\t\t\t<\/div>\n\t\t<div class=\"elementor-element elementor-element-7daab44 e-con-full e-flex e-con e-child\" data-id=\"7daab44\" data-element_type=\"container\" data-e-type=\"container\" data-settings=\"{&quot;background_background&quot;:&quot;classic&quot;}\">\n\t\t\t\t<div class=\"elementor-element elementor-element-e19b7c9 elementor-widget elementor-widget-spacer\" data-id=\"e19b7c9\" data-element_type=\"widget\" data-e-type=\"widget\" data-widget_type=\"spacer.default\">\n\t\t\t\t<div class=\"elementor-widget-container\">\n\t\t\t\t\t\t\t<div class=\"elementor-spacer\">\n\t\t\t<div class=\"elementor-spacer-inner\"><\/div>\n\t\t<\/div>\n\t\t\t\t\t\t<\/div>\n\t\t\t\t<\/div>\n\t\t\t\t<\/div>\n\t\t\t\t\t<\/div>\n\t\t\t\t<\/div>\n\t\t<div class=\"wd-negative-gap elementor-element elementor-element-d20df5f e-flex e-con-boxed e-con e-parent\" data-id=\"d20df5f\" data-element_type=\"container\" data-e-type=\"container\">\n\t\t\t\t\t<div class=\"e-con-inner\">\n\t\t<div class=\"elementor-element elementor-element-8636761 e-con-full e-flex e-con e-child\" data-id=\"8636761\" data-element_type=\"container\" data-e-type=\"container\">\n\t\t\t\t<div class=\"elementor-element elementor-element-9f4cdfd elementor-widget__width-auto elementor-widget elementor-widget-wd_infobox\" data-id=\"9f4cdfd\" data-element_type=\"widget\" data-e-type=\"widget\" data-widget_type=\"wd_infobox.default\">\n\t\t\t\t<div class=\"elementor-widget-container\">\n\t\t\t\t\t\t\t<div class=\"info-box-wrapper\">\n\t\t\t<div class=\"wd-info-box text-left box-icon-align-top box-style-base color-scheme-\">\n\t\t\t\t\n\t\t\t\t<div class=\"info-box-content\">\n\t\t\t\t\t\n\t\t\t\t\t\t\t\t\t\t\t<h4\t\t\t\t\t\tclass=\"info-box-title title box-title-style-default wd-fontsize-m\" data-elementor-setting-key=\"title\">\n\t\t\t\t\t\t\t\tMeeskonna v\u00e4\u00e4rtused<\/br>\t\t\t\t\t\t<\/h4>\n\t\t\t\t\t\n\t\t\t\t\t<div class=\"info-box-inner reset-last-child\"data-elementor-setting-key=\"content\"><ul data-rte-list=\"default\">\n<li>\n<p class=\"sqsrte-large preFade fadeIn\">Kiire ja t\u00f5hus kauba kohaletoimetamine<\/p>\n<\/li>\n<li>\n<p class=\"sqsrte-large preFade fadeIn\">Individuaalne l\u00e4henemine klientidele<\/p>\n<\/li>\n<li>\n<p class=\"sqsrte-large preFade fadeIn\">Konkurentsiv\u00f5imelised hinnad<\/p>\n<\/li>\n<li>\n<p class=\"sqsrte-large preFade fadeIn\">V\u00e4\u00e4rtuslikumate ja tehnoloogiliselt arenenumate (3D implantaadid) toodete pakkumine Balti riikide kliinikutele ja meditsiinipersonalile l\u00fclisambakirurgia, traumatoloogia, ortopeedia, f\u00fcsioteraapia, raviprotseduuride jms valdkondades.<\/p>\n<\/li>\n<\/ul>\n<\/div>\n\n\t\t\t\t\t\t\t\t\t<\/div>\n\n\t\t\t\t\t\t\t<\/div>\n\t\t<\/div>\n\t\t\t\t\t\t<\/div>\n\t\t\t\t<\/div>\n\t\t\t\t<div class=\"elementor-element elementor-element-2c814f4 elementor-widget__width-auto elementor-widget elementor-widget-wd_infobox\" data-id=\"2c814f4\" data-element_type=\"widget\" data-e-type=\"widget\" data-widget_type=\"wd_infobox.default\">\n\t\t\t\t<div class=\"elementor-widget-container\">\n\t\t\t\t\t\t\t<div class=\"info-box-wrapper\">\n\t\t\t<div class=\"wd-info-box text-left box-icon-align-top box-style-base color-scheme-\">\n\t\t\t\t\n\t\t\t\t<div class=\"info-box-content\">\n\t\t\t\t\t\n\t\t\t\t\t\t\t\t\t\t\t<h4\t\t\t\t\t\tclass=\"info-box-title title box-title-style-default wd-fontsize-m\" data-elementor-setting-key=\"title\">\n\t\t\t\t\t\t\t\tTeadmised rahvusvahelisel tasemel\t\t\t\t\t\t<\/h4>\n\t\t\t\t\t\n\t\t\t\t\t<div class=\"info-box-inner reset-last-child\"data-elementor-setting-key=\"content\"><p>Olles \u00f5ppinud Ameerikas ja Londonis majandust ja \u00f5igusteadust, on nad suutnud luua vastutustundlikest, loomingulistest ja professionaalsetest t\u00f6\u00f6tajatest koosneva meeskonna.<\/p>\n<\/div>\n\n\t\t\t\t\t\t\t\t\t<\/div>\n\n\t\t\t\t\t\t\t<\/div>\n\t\t<\/div>\n\t\t\t\t\t\t<\/div>\n\t\t\t\t<\/div>\n\t\t\t\t<\/div>\n\t\t\t\t\t<\/div>\n\t\t\t\t<\/div>\n\t\t<div class=\"wd-negative-gap elementor-element elementor-element-e8b57a4 wd-section-stretch e-flex e-con-boxed e-con e-parent\" data-id=\"e8b57a4\" data-element_type=\"container\" data-e-type=\"container\" data-settings=\"{&quot;background_background&quot;:&quot;classic&quot;}\">\n\t\t\t\t\t<div class=\"e-con-inner\">\n\t\t\t\t<div class=\"elementor-element elementor-element-b3ccd54 wd-width-100 elementor-widget elementor-widget-wd_title\" data-id=\"b3ccd54\" data-element_type=\"widget\" data-e-type=\"widget\" data-widget_type=\"wd_title.default\">\n\t\t\t\t<div class=\"elementor-widget-container\">\n\t\t\t\t\t\t\t<div class=\"title-wrapper wd-set-mb reset-last-child wd-title-color-primary wd-title-style-default wd-title-size-default text-center\">\n\n\t\t\t\n\t\t\t<div class=\"liner-continer\">\n\t\t\t\t<h2 class=\"woodmart-title-container title wd-fontsize-l\">Kas teil on k\u00fcsimus? T\u00e4ida k\u00fcsimustik<\/h2> \n\t\t\t\t\t\t\t<\/div>\n\n\t\t\t\t\t\t\t<div class=\"title-after_title reset-last-child wd-fontsize-xs\">\n\t\t\t\t\t<p>Medappi spetsialist v\u00f5tab teiega 24 tunni jooksul \u00fchendust, et t\u00e4psustada k\u00fcsimuse \u00fcksikasju<\/p>\t\t\t\t<\/div>\n\t\t\t\t\t<\/div>\n\t\t\t\t\t\t<\/div>\n\t\t\t\t<\/div>\n\t\t\t\t<div class=\"elementor-element elementor-element-35ce1cd elementor-button-align-stretch elementor-widget elementor-widget-form\" data-id=\"35ce1cd\" data-element_type=\"widget\" data-e-type=\"widget\" data-settings=\"{&quot;step_next_label&quot;:&quot;Next&quot;,&quot;step_previous_label&quot;:&quot;Previous&quot;,&quot;button_width&quot;:&quot;100&quot;,&quot;step_type&quot;:&quot;number_text&quot;,&quot;step_icon_shape&quot;:&quot;circle&quot;}\" data-widget_type=\"form.default\">\n\t\t\t\t<div class=\"elementor-widget-container\">\n\t\t\t\t\t\t\t<form class=\"elementor-form\" method=\"post\" name=\"Par mums\" aria-label=\"Meist\" action=\"\">\r\n\t\t\t<input type=\"hidden\" name=\"post_id\" value=\"4400\"\/>\r\n\t\t\t<input type=\"hidden\" name=\"form_id\" value=\"35ce1cd\"\/>\r\n\t\t\t<input type=\"hidden\" name=\"referer_title\" value=\"MedApp\" \/>\r\n\r\n\t\t\t\r\n\t\t\t<div class=\"elementor-form-fields-wrapper elementor-labels-above\">\r\n\t\t\t\t\t\t\t\t<div class=\"elementor-field-type-text elementor-field-group elementor-column elementor-field-group-name elementor-col-100 elementor-field-required elementor-mark-required\">\r\n\t\t\t\t\t\t\t\t\t\t\t\t<label for=\"form-field-name\" class=\"elementor-field-label\">\r\n\t\t\t\t\t\t\t\tEesnimi\t\t\t\t\t\t\t<\/label>\r\n\t\t\t\t\t\t\t\t\t\t\t\t\t\t<input size=\"1\" type=\"text\" name=\"form_fields[name]\" id=\"form-field-name\" class=\"elementor-field elementor-size-md  elementor-field-textual\" placeholder=\"Sinu nimi\" required=\"required\">\r\n\t\t\t\t\t\t\t\t\t\t\t<\/div>\r\n\t\t\t\t\t\t\t\t<div class=\"elementor-field-type-email elementor-field-group elementor-column elementor-field-group-email elementor-col-100 elementor-field-required elementor-mark-required\">\r\n\t\t\t\t\t\t\t\t\t\t\t\t<label for=\"form-field-email\" class=\"elementor-field-label\">\r\n\t\t\t\t\t\t\t\tE-post\t\t\t\t\t\t\t<\/label>\r\n\t\t\t\t\t\t\t\t\t\t\t\t\t\t<input size=\"1\" type=\"email\" name=\"form_fields[email]\" id=\"form-field-email\" class=\"elementor-field elementor-size-md  elementor-field-textual\" placeholder=\"E-post\" required=\"required\">\r\n\t\t\t\t\t\t\t\t\t\t\t<\/div>\r\n\t\t\t\t\t\t\t\t<div class=\"elementor-field-type-tel elementor-field-group elementor-column elementor-field-group-phone elementor-col-100 elementor-field-required elementor-mark-required\">\r\n\t\t\t\t\t\t\t\t\t\t\t\t<label for=\"form-field-phone\" class=\"elementor-field-label\">\r\n\t\t\t\t\t\t\t\tTelefon\t\t\t\t\t\t\t<\/label>\r\n\t\t\t\t\t\t\t\t<input size=\"1\" type=\"tel\" name=\"form_fields[phone]\" id=\"form-field-phone\" class=\"elementor-field elementor-size-md  elementor-field-textual\" placeholder=\"Mobiiltelefoni number\" required=\"required\" pattern=\"[0-9()#&amp;+*-=.]+\" title=\"Lubatud on ainult numbrid ja telefoninumbrid (#, -, * jne).\">\r\n\r\n\t\t\t\t\t\t<\/div>\r\n\t\t\t\t\t\t\t\t<div class=\"elementor-field-type-textarea elementor-field-group elementor-column elementor-field-group-field_485434d elementor-col-100\">\r\n\t\t\t\t\t\t\t\t\t\t\t\t<label for=\"form-field-field_485434d\" class=\"elementor-field-label\">\r\n\t\t\t\t\t\t\t\tS\u00f5num\t\t\t\t\t\t\t<\/label>\r\n\t\t\t\t\t\t<textarea class=\"elementor-field-textual elementor-field  elementor-size-md\" name=\"form_fields[field_485434d]\" id=\"form-field-field_485434d\" rows=\"4\" placeholder=\"K\u00fcsimused?\"><\/textarea>\t\t\t\t<\/div>\r\n\t\t\t\t\t\t\t\t<div class=\"elementor-field-type-recaptcha_v3 elementor-field-group elementor-column elementor-field-group-field_9142334 elementor-col-100 recaptcha_v3-inline\">\r\n\t\t\t\t\t<div class=\"elementor-field\" id=\"form-field-field_9142334\"><div class=\"elementor-g-recaptcha\" data-sitekey=\"6LfnlWQpAAAAAA3u0Qu4riSJSYViLj9a0NuNp-y1\" data-type=\"v3\" data-action=\"Form\" data-badge=\"inline\" data-size=\"invisible\"><\/div><\/div>\t\t\t\t<\/div>\r\n\t\t\t\t\t\t\t\t<div class=\"elementor-field-group elementor-column elementor-field-type-submit elementor-col-100 e-form__buttons\">\r\n\t\t\t\t\t<button class=\"elementor-button elementor-size-sm\" type=\"submit\">\r\n\t\t\t\t\t\t<span class=\"elementor-button-content-wrapper\">\r\n\t\t\t\t\t\t\t\t\t\t\t\t\t\t\t\t\t\t\t\t\t\t<span class=\"elementor-button-text\">saada<\/span>\r\n\t\t\t\t\t\t\t\t\t\t\t\t\t<\/span>\r\n\t\t\t\t\t<\/button>\r\n\t\t\t\t<\/div>\r\n\t\t\t<\/div>\r\n\t\t<input type=\"hidden\" name=\"trp-form-language\" value=\"et\"\/><\/form>\r\n\t\t\t\t\t\t<\/div>\n\t\t\t\t<\/div>\n\t\t\t\t<div class=\"elementor-element elementor-element-58bb46c elementor-widget elementor-widget-wd_social_buttons\" data-id=\"58bb46c\" data-element_type=\"widget\" data-e-type=\"widget\" data-widget_type=\"wd_social_buttons.default\">\n\t\t\t\t<div class=\"elementor-widget-container\">\n\t\t\t\t\t\t\t\t<div\n\t\t\t\t\t\tclass=\"wd-social-icons wd-style-bordered wd-size-large social-follow wd-shape-circle color-scheme-dark text-center\">\n\t\t\t\t\n\t\t\t\t\n\t\t\t\t\t\t\t\t\t<a rel=\"noopener noreferrer nofollow\" href=\"https:\/\/www.facebook.com\/profile.php?id=61552421013006\" target=\"_blank\" class=\"wd-social-icon social-facebook\" aria-label=\"Facebooki sotsiaalne link\">\n\t\t\t\t\t\t<span class=\"wd-icon\"><\/span>\n\t\t\t\t\t\t\t\t\t\t\t<\/a>\n\t\t\t\t\n\t\t\t\t\n\t\t\t\t\n\t\t\t\t\n\t\t\t\t\t\t\t\t\t<a rel=\"noopener noreferrer nofollow\" href=\"https:\/\/www.instagram.com\/medapp.lv\/\" target=\"_blank\" class=\"wd-social-icon social-instagram\" aria-label=\"Instagrami sotsiaalne link\">\n\t\t\t\t\t\t<span class=\"wd-icon\"><\/span>\n\t\t\t\t\t\t\t\t\t\t\t<\/a>\n\t\t\t\t\n\t\t\t\t\n\t\t\t\t\n\t\t\t\t\n\t\t\t\t\n\t\t\t\t\n\t\t\t\t\n\t\t\t\t\n\t\t\t\t\n\t\t\t\t\n\t\t\t\t\n\t\t\t\t\n\t\t\t\t\n\t\t\t\t\n\t\t\t\t\n\t\t\t\t\n\t\t\t\t\n\t\t\t\t\t\t\t\t\t<a rel=\"noopener noreferrer nofollow\" href=\"https:\/\/www.tiktok.com\/@medapp.lv\" target=\"_blank\" class=\"wd-social-icon social-tiktok\" aria-label=\"TikToki sotsiaalne link\">\n\t\t\t\t\t\t<span class=\"wd-icon\"><\/span>\n\t\t\t\t\t\t\t\t\t\t\t<\/a>\n\t\t\t\t\n\t\t\t\t\n\t\t\t\t\n\t\t\t\t\n\t\t\t\t\n\t\t\t<\/div>\n\n\t\t\t\t\t\t<\/div>\n\t\t\t\t<\/div>\n\t\t\t\t\t<\/div>\n\t\t\t\t<\/div>\n\t\t\t\t<\/div>","protected":false},"excerpt":{"rendered":"<p>Tutvuge Medappi meeskonnaga Avaleht Kes me oleme? Ettev\u00f5tte SIA \u201cMedApp\u201d asutasid 2023. aastal kaks venda, kes on meditsiinivaldkonnas t\u00f6\u00f6tanud<\/p>","protected":false},"author":1,"featured_media":0,"parent":0,"menu_order":0,"comment_status":"closed","ping_status":"closed","template":"","meta":{"footnotes":""},"class_list":["post-4400","page","type-page","status-publish","hentry"],"_links":{"self":[{"href":"https:\/\/medapp.lv\/et\/wp-json\/wp\/v2\/pages\/4400","targetHints":{"allow":["GET"]}}],"collection":[{"href":"https:\/\/medapp.lv\/et\/wp-json\/wp\/v2\/pages"}],"about":[{"href":"https:\/\/medapp.lv\/et\/wp-json\/wp\/v2\/types\/page"}],"author":[{"embeddable":true,"href":"https:\/\/medapp.lv\/et\/wp-json\/wp\/v2\/users\/1"}],"replies":[{"embeddable":true,"href":"https:\/\/medapp.lv\/et\/wp-json\/wp\/v2\/comments?post=4400"}],"version-history":[{"count":313,"href":"https:\/\/medapp.lv\/et\/wp-json\/wp\/v2\/pages\/4400\/revisions"}],"predecessor-version":[{"id":21125,"href":"https:\/\/medapp.lv\/et\/wp-json\/wp\/v2\/pages\/4400\/revisions\/21125"}],"wp:attachment":[{"href":"https:\/\/medapp.lv\/et\/wp-json\/wp\/v2\/media?parent=4400"}],"curies":[{"name":"t\u00f6\u00f6leht","href":"https:\/\/api.w.org\/{rel}","templated":true}]}}