{"id":15665,"date":"2024-02-02T19:00:17","date_gmt":"2024-02-02T17:00:17","guid":{"rendered":"http:\/\/mareksj17.sg-host.com\/?post_type=product&#038;p=15665"},"modified":"2026-02-06T11:09:37","modified_gmt":"2026-02-06T09:09:37","slug":"revvi-fast-recovery-gels-muskuliem-pec-trenina","status":"publish","type":"product","link":"https:\/\/medapp.lv\/et\/product\/revvi-fast-recovery-gels-muskuliem-pec-trenina\/","title":{"rendered":"R\u00c9VVI Lihaste kiire taastumise geel"},"content":{"rendered":"<p>Sisaldab:<br \/>\n\u2013 Rosmariin, taastab ja stimuleerib mikropragude k\u00f5rvaldamist.<br \/>\n\u2013 Hobukastan p\u00e4rsib p\u00f5letikku ja hoiab \u00e4ra vasokonstriktsiooni.<br \/>\n\u2013 Karambola aitab vabaneda lihasvaludest ja on valuvaigistava toimega.<\/p>\n<p>Kasutamine:<br \/>\n\u2013 Sobib igap\u00e4evaseks kasutamiseks.<br \/>\n- Igas vanuses (alates 12 eluaastast).<br \/>\n\u2013 Kandke toode nahale. Seej\u00e4rel pese k\u00e4ed.<br \/>\n- Ainult v\u00e4lispidiseks kasutamiseks.<br \/>\n\u2013 Mittekleepuv ega j\u00e4ta nahale ega riietele v\u00e4rvilaike.<br \/>\n\u2013 <strong>K\u00f5lblikkusaeg: 12 kuud p\u00e4rast avamist.<\/strong><\/p>","protected":false},"excerpt":{"rendered":"<p>Leevendab kiiresti lihasvalu, l\u00f5dvestades lihaseid ja aidates taastuda p\u00e4rast intensiivset f\u00fc\u00fcsilist pingutust. See geel aitab lihastel l\u00f5\u00f5gastuda ja taastuda, soodustades maksimaalset taastumist. Kaitseb keha lihaskrampide ja spasmide eest. Rahustab v\u00e4sinud lihaseid, sidemeid ja liigeseid.<\/p>","protected":false},"featured_media":20803,"comment_status":"open","ping_status":"closed","template":"","meta":[],"product_brand":[],"product_cat":[142,141],"product_tag":[149],"class_list":{"0":"post-15665","1":"product","2":"type-product","3":"status-publish","4":"has-post-thumbnail","6":"product_cat-geli","7":"product_cat-preces-muskuliem","8":"product_tag-pec-sporta","10":"first","11":"instock","12":"taxable","13":"shipping-taxable","14":"purchasable","15":"product-type-variable"},"_links":{"self":[{"href":"https:\/\/medapp.lv\/et\/wp-json\/wp\/v2\/product\/15665","targetHints":{"allow":["GET"]}}],"collection":[{"href":"https:\/\/medapp.lv\/et\/wp-json\/wp\/v2\/product"}],"about":[{"href":"https:\/\/medapp.lv\/et\/wp-json\/wp\/v2\/types\/product"}],"replies":[{"embeddable":true,"href":"https:\/\/medapp.lv\/et\/wp-json\/wp\/v2\/comments?post=15665"}],"version-history":[{"count":12,"href":"https:\/\/medapp.lv\/et\/wp-json\/wp\/v2\/product\/15665\/revisions"}],"predecessor-version":[{"id":20804,"href":"https:\/\/medapp.lv\/et\/wp-json\/wp\/v2\/product\/15665\/revisions\/20804"}],"wp:featuredmedia":[{"embeddable":true,"href":"https:\/\/medapp.lv\/et\/wp-json\/wp\/v2\/media\/20803"}],"wp:attachment":[{"href":"https:\/\/medapp.lv\/et\/wp-json\/wp\/v2\/media?parent=15665"}],"wp:term":[{"taxonomy":"product_brand","embeddable":true,"href":"https:\/\/medapp.lv\/et\/wp-json\/wp\/v2\/product_brand?post=15665"},{"taxonomy":"product_cat","embeddable":true,"href":"https:\/\/medapp.lv\/et\/wp-json\/wp\/v2\/product_cat?post=15665"},{"taxonomy":"product_tag","embeddable":true,"href":"https:\/\/medapp.lv\/et\/wp-json\/wp\/v2\/product_tag?post=15665"}],"curies":[{"name":"t\u00f6\u00f6leht","href":"https:\/\/api.w.org\/{rel}","templated":true}]}}