{"id":15948,"date":"2024-02-04T21:30:47","date_gmt":"2024-02-04T19:30:47","guid":{"rendered":"http:\/\/mareksj17.sg-host.com\/?post_type=product&#038;p=15948"},"modified":"2025-07-17T07:47:41","modified_gmt":"2025-07-17T05:47:41","slug":"tecnoway-hiperekstenzijas-ortozes-ramis","status":"publish","type":"product","link":"https:\/\/medapp.lv\/et\/product\/tecnoway-hiperekstenzijas-ortozes-ramis\/","title":{"rendered":"TECNOWAY H\u00fcperekstensiooniga ortoosiraam"},"content":{"rendered":"<p>N\u00e4idustused:<\/p>\n<ul>\n<li>L\u00fclisamba murrud;<\/li>\n<li>L\u00fclisamba p\u00f5letik ja l\u00fclisamba nimmepiirkonna artriit;<\/li>\n<li>L\u00fclisamba ja\/v\u00f5i nimmepiirkonna artriit;<\/li>\n<li>Spond\u00fcloartroos skolioosiga v\u00f5i ilma.<\/li>\n<\/ul>\n<p>Lisainformatsioon:<\/p>\n<p>Sobib basseiniteraapiaks.<\/p>","protected":false},"excerpt":{"rendered":"<p>Korrosioonivastane sulamist raam polsterdatud tugede ja kunstnahast voodriga. Liigendiga rinnapadi. Mehhanismiga vaagnav\u00f6\u00f6, mida saab lukustada soovitud asendisse. Reguleeritava rihmaga kapp. Vertikaalselt ja horisontaalselt reguleeritav seljapolster.<\/p>","protected":false},"featured_media":15640,"comment_status":"open","ping_status":"closed","template":"","meta":[],"product_brand":[],"product_cat":[138,133],"product_tag":[],"class_list":{"0":"post-15948","1":"product","2":"type-product","3":"status-publish","4":"has-post-thumbnail","6":"product_cat-muguras-jostas","7":"product_cat-ortozes","9":"first","10":"instock","11":"taxable","12":"shipping-taxable","13":"purchasable","14":"product-type-variable"},"_links":{"self":[{"href":"https:\/\/medapp.lv\/et\/wp-json\/wp\/v2\/product\/15948","targetHints":{"allow":["GET"]}}],"collection":[{"href":"https:\/\/medapp.lv\/et\/wp-json\/wp\/v2\/product"}],"about":[{"href":"https:\/\/medapp.lv\/et\/wp-json\/wp\/v2\/types\/product"}],"replies":[{"embeddable":true,"href":"https:\/\/medapp.lv\/et\/wp-json\/wp\/v2\/comments?post=15948"}],"version-history":[{"count":7,"href":"https:\/\/medapp.lv\/et\/wp-json\/wp\/v2\/product\/15948\/revisions"}],"predecessor-version":[{"id":20006,"href":"https:\/\/medapp.lv\/et\/wp-json\/wp\/v2\/product\/15948\/revisions\/20006"}],"wp:featuredmedia":[{"embeddable":true,"href":"https:\/\/medapp.lv\/et\/wp-json\/wp\/v2\/media\/15640"}],"wp:attachment":[{"href":"https:\/\/medapp.lv\/et\/wp-json\/wp\/v2\/media?parent=15948"}],"wp:term":[{"taxonomy":"product_brand","embeddable":true,"href":"https:\/\/medapp.lv\/et\/wp-json\/wp\/v2\/product_brand?post=15948"},{"taxonomy":"product_cat","embeddable":true,"href":"https:\/\/medapp.lv\/et\/wp-json\/wp\/v2\/product_cat?post=15948"},{"taxonomy":"product_tag","embeddable":true,"href":"https:\/\/medapp.lv\/et\/wp-json\/wp\/v2\/product_tag?post=15948"}],"curies":[{"name":"t\u00f6\u00f6leht","href":"https:\/\/api.w.org\/{rel}","templated":true}]}}