{"id":15950,"date":"2024-02-04T21:34:10","date_gmt":"2024-02-04T19:34:10","guid":{"rendered":"http:\/\/mareksj17.sg-host.com\/?post_type=product&#038;p=15950"},"modified":"2025-07-17T07:52:58","modified_gmt":"2025-07-17T05:52:58","slug":"alfess-funkcionalas-elektriskas-stimulacijas-sistema-ar-iebuvetu-maksligo-intelektu","status":"publish","type":"product","link":"https:\/\/medapp.lv\/et\/product\/alfess-funkcionalas-elektriskas-stimulacijas-sistema-ar-iebuvetu-maksligo-intelektu\/","title":{"rendered":"ALFESS\u2122 funktsionaalne elektriline stimulatsioonis\u00fcsteem koos sisseehitatud tehisintellektiga"},"content":{"rendered":"<p>ALFESS\u2122 on uus tipptasemel seade, mis on loodud k\u00f5nni parandamiseks, kui jalg on langenud ning jalalaba ja varvaste kliirens on v\u00e4henenud. See aitab s\u00e4\u00e4reluu eesmistel n\u00e4rvidel jalga aktiivselt painutada. Seade kantakse \u00fclaosale. K\u00f5ndimise ajal tuvastavad andurid k\u00f5nnikiiruse ja jalgade nurgad, et kohaneda teie k\u00f5nniviisiga. Algoritm t\u00f6\u00f6tleb teavet ja saadab jala t\u00f5stmiseks n\u00e4rvidele elektrilisi impulsse. Kasutaja saab igal ajal kergesti suurendada v\u00f5i v\u00e4hendada n\u00e4rvistimulatsiooni taset.<br \/>\nSeade on klanitud ja tihedalt istuva ning sobib h\u00e4sti nii parema kui ka vasaku jala kandmiseks. T\u00e4nu magnetsulgurile ja ainulaadsele juhtseadmele saab seadet kasutada \u00fche k\u00e4ega!<br \/>\nTreeningre\u017eiim aitab saavutada parimaid taastusravi tulemusi. Koolituse v\u00f5ib l\u00e4bi viia kas koos patsiendi arstiga v\u00f5i saab patsient koolituse l\u00e4bida iseseisvalt p\u00e4rast arstilt selgete juhiste saamist.<br \/>\nSeadet on lihtne kasutada ja laadida. Juhtige seadeid seadmes v\u00f5i kaugjuhtimispuldi v\u00f5i nutitelefoni rakendusega.<\/p>","protected":false},"excerpt":{"rendered":"<p>ALFESS\u2122 on uus tipptasemel seade, mis on loodud k\u00f5nni parandamiseks, kui jalad langevad ning jalalaba ja varvaste kliirens v\u00e4heneb. Algoritm t\u00f6\u00f6tleb teavet ja saadab jala t\u00f5stmiseks n\u00e4rvidele elektrilisi impulsse. Kasutaja saab igal ajal kergesti suurendada v\u00f5i v\u00e4hendada n\u00e4rvistimulatsiooni taset. Seade on klanitud ja tihedalt istuva ning sobib h\u00e4sti nii parema kui ka vasaku jala kandmiseks<\/p>","protected":false},"featured_media":15637,"comment_status":"open","ping_status":"closed","template":"","meta":[],"product_brand":[],"product_cat":[133,137],"product_tag":[],"class_list":{"0":"post-15950","1":"product","2":"type-product","3":"status-publish","4":"has-post-thumbnail","6":"product_cat-ortozes","7":"product_cat-kajai-cela-locitivai-un-pedai","9":"first","10":"instock","11":"taxable","12":"shipping-taxable","13":"purchasable","14":"product-type-simple"},"_links":{"self":[{"href":"https:\/\/medapp.lv\/et\/wp-json\/wp\/v2\/product\/15950","targetHints":{"allow":["GET"]}}],"collection":[{"href":"https:\/\/medapp.lv\/et\/wp-json\/wp\/v2\/product"}],"about":[{"href":"https:\/\/medapp.lv\/et\/wp-json\/wp\/v2\/types\/product"}],"replies":[{"embeddable":true,"href":"https:\/\/medapp.lv\/et\/wp-json\/wp\/v2\/comments?post=15950"}],"version-history":[{"count":2,"href":"https:\/\/medapp.lv\/et\/wp-json\/wp\/v2\/product\/15950\/revisions"}],"predecessor-version":[{"id":20056,"href":"https:\/\/medapp.lv\/et\/wp-json\/wp\/v2\/product\/15950\/revisions\/20056"}],"wp:featuredmedia":[{"embeddable":true,"href":"https:\/\/medapp.lv\/et\/wp-json\/wp\/v2\/media\/15637"}],"wp:attachment":[{"href":"https:\/\/medapp.lv\/et\/wp-json\/wp\/v2\/media?parent=15950"}],"wp:term":[{"taxonomy":"product_brand","embeddable":true,"href":"https:\/\/medapp.lv\/et\/wp-json\/wp\/v2\/product_brand?post=15950"},{"taxonomy":"product_cat","embeddable":true,"href":"https:\/\/medapp.lv\/et\/wp-json\/wp\/v2\/product_cat?post=15950"},{"taxonomy":"product_tag","embeddable":true,"href":"https:\/\/medapp.lv\/et\/wp-json\/wp\/v2\/product_tag?post=15950"}],"curies":[{"name":"t\u00f6\u00f6leht","href":"https:\/\/api.w.org\/{rel}","templated":true}]}}