{"id":15952,"date":"2024-02-04T21:38:06","date_gmt":"2024-02-04T19:38:06","guid":{"rendered":"http:\/\/mareksj17.sg-host.com\/?post_type=product&#038;p=15952"},"modified":"2025-07-17T10:04:56","modified_gmt":"2025-07-17T08:04:56","slug":"navyxtra-3d-kermena-formai-pielagojams-muguras-atbalsts","status":"publish","type":"product","link":"https:\/\/medapp.lv\/et\/product\/navyxtra-3d-kermena-formai-pielagojams-muguras-atbalsts\/","title":{"rendered":"NAVYXTRA 3D kehakujuga reguleeritav seljatugi"},"content":{"rendered":"<p>Navy\u2122Xtra on \u00e4sja disainitud seljatugi, mis tagab t\u00e4iendava stabiilsuse eraldi kinnitatud 3D-LITE\u2122-i seljaplaadiga. Tagaplaat on valmistatud kergest ja hingavast madala temperatuuriga termoplastsest materjalist, mida on lihtne kohandada ka keerukate patsienditingimustega. Ees olevad eemaldatavad plastikplaadid pakuvad v\u00e4ga stabiilset tuge raskemate l\u00fclisambavigastuste korral.<br \/>\nN\u00e4idustused:<br \/>\nLuumurrud, operatsioonij\u00e4rgne l\u00fclisamba stabiliseerimine, operatsioonij\u00e4rgne kettaoperatsioon, degeneratiivsed ketashaigused, ketta song, punnis kettad, spond\u00fclolistees, spond\u00fcloos, fasets\u00fcndroom, seljaaju stenoos.<\/p>\n<p>XS: puusa\u00fcmberm\u00f5\u00f5t 75-85 cm<br \/>\nS: puusa\u00fcmberm\u00f5\u00f5t 85-95cm<br \/>\nM: puusa\u00fcmberm\u00f5\u00f5t 95-105cm<br \/>\nL: puusa\u00fcmberm\u00f5\u00f5t 105-115 cm<br \/>\nXL: puusa\u00fcmberm\u00f5\u00f5t 115-125 cm<br \/>\nXXL: puusa\u00fcmberm\u00f5\u00f5t 125-135 cm<\/p>","protected":false},"excerpt":{"rendered":"<p>Navy\u2122Xtra on \u00e4sja disainitud seljatugi, mis tagab t\u00e4iendava stabiilsuse eraldi kinnitatud 3D-LITE\u2122-i seljaplaadiga. Tagaplaat on valmistatud kergest materjalist<\/p>","protected":false},"featured_media":15644,"comment_status":"open","ping_status":"closed","template":"","meta":[],"product_brand":[],"product_cat":[211,108],"product_tag":[],"class_list":{"0":"post-15952","1":"product","2":"type-product","3":"status-publish","4":"has-post-thumbnail","6":"product_cat-profesionalas-ortozes","7":"product_cat-produkti-profesionaliem","9":"first","10":"instock","11":"taxable","12":"shipping-taxable","13":"product-type-simple"},"_links":{"self":[{"href":"https:\/\/medapp.lv\/et\/wp-json\/wp\/v2\/product\/15952","targetHints":{"allow":["GET"]}}],"collection":[{"href":"https:\/\/medapp.lv\/et\/wp-json\/wp\/v2\/product"}],"about":[{"href":"https:\/\/medapp.lv\/et\/wp-json\/wp\/v2\/types\/product"}],"replies":[{"embeddable":true,"href":"https:\/\/medapp.lv\/et\/wp-json\/wp\/v2\/comments?post=15952"}],"version-history":[{"count":3,"href":"https:\/\/medapp.lv\/et\/wp-json\/wp\/v2\/product\/15952\/revisions"}],"predecessor-version":[{"id":20008,"href":"https:\/\/medapp.lv\/et\/wp-json\/wp\/v2\/product\/15952\/revisions\/20008"}],"wp:featuredmedia":[{"embeddable":true,"href":"https:\/\/medapp.lv\/et\/wp-json\/wp\/v2\/media\/15644"}],"wp:attachment":[{"href":"https:\/\/medapp.lv\/et\/wp-json\/wp\/v2\/media?parent=15952"}],"wp:term":[{"taxonomy":"product_brand","embeddable":true,"href":"https:\/\/medapp.lv\/et\/wp-json\/wp\/v2\/product_brand?post=15952"},{"taxonomy":"product_cat","embeddable":true,"href":"https:\/\/medapp.lv\/et\/wp-json\/wp\/v2\/product_cat?post=15952"},{"taxonomy":"product_tag","embeddable":true,"href":"https:\/\/medapp.lv\/et\/wp-json\/wp\/v2\/product_tag?post=15952"}],"curies":[{"name":"t\u00f6\u00f6leht","href":"https:\/\/api.w.org\/{rel}","templated":true}]}}