{"id":15956,"date":"2024-02-04T21:46:37","date_gmt":"2024-02-04T19:46:37","guid":{"rendered":"http:\/\/mareksj17.sg-host.com\/?post_type=product&#038;p=15956"},"modified":"2026-01-28T17:33:12","modified_gmt":"2026-01-28T15:33:12","slug":"reh4mat-puscieta-kakla-stabilizacijas-ortoze","status":"publish","type":"product","link":"https:\/\/medapp.lv\/et\/product\/reh4mat-puscieta-kakla-stabilizacijas-ortoze\/","title":{"rendered":"REH4MAT Poolj\u00e4ik kaela stabilisaatorortoos"},"content":{"rendered":"<p>Poolj\u00e4ik ortopeediline ortoos, mis koosneb anatoomilise kujuga pol\u00fcuretaanplaadist ja VELCRO teipidest suuruse reguleerimiseks. Ortoos stabiliseerib ja vabastab l\u00fclisamba survest kaelapiirkonnas, samuti kaela kaelalihaste pingest.<br \/>\nN\u00e4idustused:<br \/>\nP\u00e4rast l\u00fclisamba kaelaosa vigastusi (nikastused ja verevalumid).<br \/>\nRehabilitatsiooniperioodil p\u00e4rast selgroomurdu ennetavas v\u00f5i kirurgilises ravis.<br \/>\nKui esineb vigastustest, \u00fclekoormusest v\u00f5i degeneratiivsetest muutustest tingitud tugev ja krooniline kaela- ja \u00f5lavalu.<br \/>\nL\u00fclisamba kaelaosa degeneratiivsete muutuste korral, millega kaasnevad neuroloogilised s\u00fcmptomid (emakakaela radikulopaatia, \u00fclaj\u00e4semete parees, tasakaaluh\u00e4ired, vertiigo).<br \/>\nKurguprobleemidest p\u00f5hjustatud peavalude ja t\u00fcmpanofoonia korral.<br \/>\nTortikollis erinevatel p\u00f5hjustel.<br \/>\n8 cm<br \/>\n10 cm<br \/>\n12 cm<\/p>","protected":false},"excerpt":{"rendered":"<p>Poolj\u00e4ik ortopeediline ortoos, mis koosneb anatoomilise kujuga pol\u00fcuretaanplaadist ja VELCRO teipidest suuruse reguleerimiseks. Ortoos stabiliseerib ja leevendab selgroogu<\/p>","protected":false},"featured_media":15957,"comment_status":"open","ping_status":"closed","template":"","meta":[],"product_brand":[],"product_cat":[134,133],"product_tag":[],"class_list":{"0":"post-15956","1":"product","2":"type-product","3":"status-publish","4":"has-post-thumbnail","6":"product_cat-kaklam","7":"product_cat-ortozes","9":"first","10":"instock","11":"taxable","12":"shipping-taxable","13":"purchasable","14":"product-type-variable"},"_links":{"self":[{"href":"https:\/\/medapp.lv\/et\/wp-json\/wp\/v2\/product\/15956","targetHints":{"allow":["GET"]}}],"collection":[{"href":"https:\/\/medapp.lv\/et\/wp-json\/wp\/v2\/product"}],"about":[{"href":"https:\/\/medapp.lv\/et\/wp-json\/wp\/v2\/types\/product"}],"replies":[{"embeddable":true,"href":"https:\/\/medapp.lv\/et\/wp-json\/wp\/v2\/comments?post=15956"}],"version-history":[{"count":5,"href":"https:\/\/medapp.lv\/et\/wp-json\/wp\/v2\/product\/15956\/revisions"}],"predecessor-version":[{"id":20003,"href":"https:\/\/medapp.lv\/et\/wp-json\/wp\/v2\/product\/15956\/revisions\/20003"}],"wp:featuredmedia":[{"embeddable":true,"href":"https:\/\/medapp.lv\/et\/wp-json\/wp\/v2\/media\/15957"}],"wp:attachment":[{"href":"https:\/\/medapp.lv\/et\/wp-json\/wp\/v2\/media?parent=15956"}],"wp:term":[{"taxonomy":"product_brand","embeddable":true,"href":"https:\/\/medapp.lv\/et\/wp-json\/wp\/v2\/product_brand?post=15956"},{"taxonomy":"product_cat","embeddable":true,"href":"https:\/\/medapp.lv\/et\/wp-json\/wp\/v2\/product_cat?post=15956"},{"taxonomy":"product_tag","embeddable":true,"href":"https:\/\/medapp.lv\/et\/wp-json\/wp\/v2\/product_tag?post=15956"}],"curies":[{"name":"t\u00f6\u00f6leht","href":"https:\/\/api.w.org\/{rel}","templated":true}]}}