{"id":15961,"date":"2024-02-04T21:49:34","date_gmt":"2024-02-04T19:49:34","guid":{"rendered":"http:\/\/mareksj17.sg-host.com\/?post_type=product&#038;p=15961"},"modified":"2026-02-16T15:30:32","modified_gmt":"2026-02-16T13:30:32","slug":"pavis-cela-ortoze-ar-locitavas-fiksatoriem-sanu-dalas-stabilizesanai","status":"publish","type":"product","link":"https:\/\/medapp.lv\/et\/product\/pavis-cela-ortoze-ar-locitavas-fiksatoriem-sanu-dalas-stabilizesanai\/","title":{"rendered":"PAVIS P\u00f5lveortoos liigeste fiksaatoritega"},"content":{"rendered":"<p>Aitavad teil v\u00f5imalikult kiiresti ja paremini taastuda: kaks eemaldatavat C-kujulist p\u00f5lve (patella) fikseerimisvarda, mis koos tsentraalsete rihmadega optimeerivad p\u00f5lvekedra stabiliseerimist (medialisatsioon, tsentraliseerimine v\u00f5i lateralisatsioon). 3 elastset rihma kompressiooni reguleerimiseks vastavalt jalakujule ja ravivajadustele. Kaks eemaldatavat pol\u00fctsentrilist tuge (keskmine ja k\u00fclgmine), mis tagavad p\u00f5lveliigese k\u00fclgsuunalise stabiilsuse ning toetavad mediaalset ja lateraalset sidet. Vaba puusapiirkond \u2013 v\u00e4ltimaks kompressiooni selles kriitilises piirkonnas ja tagamaks hea vereringe. Ortoos on k\u00e4ep\u00e4rane, lihtsalt kasutatav, mugav ja h\u00fcgieeniline materjal - 100% puuvill. Materjal on m\u00f5eldud bakterite tekke v\u00e4ltimiseks.<br \/>\nN\u00e4idustused:<\/p>\n<ul>\n<li>P\u00f5lve subluksatsioon (patella);<\/li>\n<li>Operatsioonieelse v\u00f5i -j\u00e4rgse p\u00f5lve ebastabiilsuse korral;<\/li>\n<li>Eesmise ristatisideme ja tagumise ristatisideme l\u00f5tvus.<\/li>\n<\/ul>\n<p>Saadaval pikkus: 31 cm<\/p>\n<p><iframe title=\"YouTube&#039;i videopleier\" src=\"https:\/\/www.youtube.com\/embed\/ECZGR1yf0VM?si=KqdJ2e-nxkRkxgzf\" width=\"560\" height=\"315\" frameborder=\"0\" allowfullscreen=\"allowfullscreen\"><\/iframe><\/p>","protected":false},"excerpt":{"rendered":"<p>Kvaliteetne Pavis p\u00f5lveortoos, p\u00f5lvetugi p\u00f5lveliigese fiksaatoriga. Anatoomilise kujuga lahased on termoplastiliselt vormitavad ja sisestatakse k\u00fcljeavadesse.\u00a0<span class=\"selectable-text copyable-text\">Sobib kasutamiseks m\u00f5lemal jalal.<\/span><\/p>","protected":false},"featured_media":15615,"comment_status":"open","ping_status":"closed","template":"","meta":[],"product_brand":[],"product_cat":[137,133],"product_tag":[],"class_list":{"0":"post-15961","1":"product","2":"type-product","3":"status-publish","4":"has-post-thumbnail","6":"product_cat-kajai-cela-locitivai-un-pedai","7":"product_cat-ortozes","9":"first","10":"instock","11":"sale","12":"taxable","13":"shipping-taxable","14":"purchasable","15":"product-type-variable"},"_links":{"self":[{"href":"https:\/\/medapp.lv\/et\/wp-json\/wp\/v2\/product\/15961","targetHints":{"allow":["GET"]}}],"collection":[{"href":"https:\/\/medapp.lv\/et\/wp-json\/wp\/v2\/product"}],"about":[{"href":"https:\/\/medapp.lv\/et\/wp-json\/wp\/v2\/types\/product"}],"replies":[{"embeddable":true,"href":"https:\/\/medapp.lv\/et\/wp-json\/wp\/v2\/comments?post=15961"}],"version-history":[{"count":12,"href":"https:\/\/medapp.lv\/et\/wp-json\/wp\/v2\/product\/15961\/revisions"}],"predecessor-version":[{"id":20039,"href":"https:\/\/medapp.lv\/et\/wp-json\/wp\/v2\/product\/15961\/revisions\/20039"}],"wp:featuredmedia":[{"embeddable":true,"href":"https:\/\/medapp.lv\/et\/wp-json\/wp\/v2\/media\/15615"}],"wp:attachment":[{"href":"https:\/\/medapp.lv\/et\/wp-json\/wp\/v2\/media?parent=15961"}],"wp:term":[{"taxonomy":"product_brand","embeddable":true,"href":"https:\/\/medapp.lv\/et\/wp-json\/wp\/v2\/product_brand?post=15961"},{"taxonomy":"product_cat","embeddable":true,"href":"https:\/\/medapp.lv\/et\/wp-json\/wp\/v2\/product_cat?post=15961"},{"taxonomy":"product_tag","embeddable":true,"href":"https:\/\/medapp.lv\/et\/wp-json\/wp\/v2\/product_tag?post=15961"}],"curies":[{"name":"t\u00f6\u00f6leht","href":"https:\/\/api.w.org\/{rel}","templated":true}]}}