{"id":15963,"date":"2024-02-04T21:51:25","date_gmt":"2024-02-04T19:51:25","guid":{"rendered":"http:\/\/mareksj17.sg-host.com\/?post_type=product&#038;p=15963"},"modified":"2026-02-15T13:04:25","modified_gmt":"2026-02-15T11:04:25","slug":"pavis-elkona-balsts-ar-spilventinu","status":"publish","type":"product","link":"https:\/\/medapp.lv\/et\/product\/pavis-elkona-balsts-ar-spilventinu\/","title":{"rendered":"PAVIS K\u00fc\u00fcnarnukitugi padjaga"},"content":{"rendered":"<p>Aitab taastuda v\u00f5imalikult kiiresti ja paremini: epikond\u00fcliidi korral lainekujuline survepadi valu leevendamiseks. Eriti elastne kangas k\u00fc\u00fcnarnuki piirkonnas. K\u00e4ep\u00e4rane \u2013 sobib m\u00f5lemale k\u00e4ele. Mugav, hingav ja h\u00fcgieeniline materjal - vooder 100 % puuvillasest veluurist. Materjal on m\u00f5eldud bakterite tekke v\u00e4ltimiseks.<br \/>\nN\u00e4idustused:<br \/>\nK\u00fc\u00fcnarliigese p\u00f5letiku korral;<br \/>\nepikond\u00fcliit (&quot;tennise k\u00fc\u00fcnarnukk&quot;);<br \/>\nEpitrokleiit.<\/p>\n<p><iframe title=\"YouTube&#039;i videopleier\" src=\"https:\/\/www.youtube.com\/embed\/aj5L2C1U1tA?si=x-UdQ00i15Xd8-Tm\" width=\"560\" height=\"315\" frameborder=\"0\" allowfullscreen=\"allowfullscreen\"><\/iframe><\/p>","protected":false},"excerpt":{"rendered":"<p>See painduv k\u00fc\u00fcnarnukitugi on loodud valu leevendamiseks ja epikond\u00fcliidist taastumise h\u00f5lbustamiseks, pakkudes valu leevendamiseks lainekujulist survepadja. See sobib m\u00f5lemale k\u00e4ele ning on valmistatud mugavast, hingavast ja h\u00fcgieenilisest 100% puuvillasest veluurvoodrist, mis takistab bakterite teket ning sobib k\u00fc\u00fcnarliigese p\u00f5letiku, &quot;tennise k\u00fc\u00fcnarnuki&quot; ja epitrohleiidi korral. <span class=\"selectable-text copyable-text\">Sobib m\u00f5lemale k\u00e4ele.<\/span><\/p>","protected":false},"featured_media":15614,"comment_status":"open","ping_status":"closed","template":"","meta":[],"product_brand":[],"product_cat":[139,133],"product_tag":[],"class_list":{"0":"post-15963","1":"product","2":"type-product","3":"status-publish","4":"has-post-thumbnail","6":"product_cat-rokas-un-plaukstai","7":"product_cat-ortozes","9":"first","10":"outofstock","11":"sale","12":"taxable","13":"shipping-taxable","14":"purchasable","15":"product-type-variable"},"_links":{"self":[{"href":"https:\/\/medapp.lv\/et\/wp-json\/wp\/v2\/product\/15963","targetHints":{"allow":["GET"]}}],"collection":[{"href":"https:\/\/medapp.lv\/et\/wp-json\/wp\/v2\/product"}],"about":[{"href":"https:\/\/medapp.lv\/et\/wp-json\/wp\/v2\/types\/product"}],"replies":[{"embeddable":true,"href":"https:\/\/medapp.lv\/et\/wp-json\/wp\/v2\/comments?post=15963"}],"version-history":[{"count":9,"href":"https:\/\/medapp.lv\/et\/wp-json\/wp\/v2\/product\/15963\/revisions"}],"predecessor-version":[{"id":19951,"href":"https:\/\/medapp.lv\/et\/wp-json\/wp\/v2\/product\/15963\/revisions\/19951"}],"wp:featuredmedia":[{"embeddable":true,"href":"https:\/\/medapp.lv\/et\/wp-json\/wp\/v2\/media\/15614"}],"wp:attachment":[{"href":"https:\/\/medapp.lv\/et\/wp-json\/wp\/v2\/media?parent=15963"}],"wp:term":[{"taxonomy":"product_brand","embeddable":true,"href":"https:\/\/medapp.lv\/et\/wp-json\/wp\/v2\/product_brand?post=15963"},{"taxonomy":"product_cat","embeddable":true,"href":"https:\/\/medapp.lv\/et\/wp-json\/wp\/v2\/product_cat?post=15963"},{"taxonomy":"product_tag","embeddable":true,"href":"https:\/\/medapp.lv\/et\/wp-json\/wp\/v2\/product_tag?post=15963"}],"curies":[{"name":"t\u00f6\u00f6leht","href":"https:\/\/api.w.org\/{rel}","templated":true}]}}