{"id":15965,"date":"2024-02-04T21:54:06","date_gmt":"2024-02-04T19:54:06","guid":{"rendered":"http:\/\/mareksj17.sg-host.com\/?post_type=product&#038;p=15965"},"modified":"2025-07-17T07:45:02","modified_gmt":"2025-07-17T05:45:02","slug":"pavis-regulejama-elastiga-plaukstas-locitavas-ortoze","status":"publish","type":"product","link":"https:\/\/medapp.lv\/et\/product\/pavis-regulejama-elastiga-plaukstas-locitavas-ortoze\/","title":{"rendered":"PAVIS Reguleeritav randmeortoos"},"content":{"rendered":"<p>Aitab taastuda v\u00f5imalikult kiiresti ja paremini: reguleeritav, t\u00e4ielikult patenteeritud sulgur, mis v\u00f5imaldab reguleerida ortoosi surveastet. Mugav, hingav ja h\u00fcgieeniline materjal - vooder 100 % puuvillasest veluurist. K\u00e4ep\u00e4rane \u2013 ortoosi saab kanda nii paremal kui vasakul randmel. Materjal on m\u00f5eldud bakterite tekke v\u00e4ltimiseks. Pikkus: 6,5 cm<\/p>\n<p>Kasutamine:<\/p>\n<ul>\n<li>Randme vigastused;<\/li>\n<li>Toetus p\u00e4rast traumat ja operatsiooni;<\/li>\n<li>Randme bursiit.<\/li>\n<\/ul>\n<p>&nbsp;<\/p>","protected":false},"excerpt":{"rendered":"<p>Sellel reguleeritaval randmeortoosil on Pavise patenteeritud materjal, mis reguleerib kompressiooni taset mugavuse ja toe tagamiseks. Valmistatud hingavast ja h\u00fcgieenilisest 100% puuvillasest veluurmaterjalist, sobib nii paremale kui ka vasakule k\u00e4ele. Ideaalne k\u00e4tevigastuste, traumaj\u00e4rgse ja randme bursiidi korral, hoides \u00e4ra bakterite kogunemise.<br \/>\n<span class=\"selectable-text copyable-text\">Sobib m\u00f5lemale k\u00e4ele.<\/span><\/p>","protected":false},"featured_media":15612,"comment_status":"open","ping_status":"closed","template":"","meta":[],"product_brand":[],"product_cat":[139,133],"product_tag":[],"class_list":{"0":"post-15965","1":"product","2":"type-product","3":"status-publish","4":"has-post-thumbnail","6":"product_cat-rokas-un-plaukstai","7":"product_cat-ortozes","9":"first","10":"instock","11":"sale","12":"taxable","13":"shipping-taxable","14":"purchasable","15":"product-type-variable"},"_links":{"self":[{"href":"https:\/\/medapp.lv\/et\/wp-json\/wp\/v2\/product\/15965","targetHints":{"allow":["GET"]}}],"collection":[{"href":"https:\/\/medapp.lv\/et\/wp-json\/wp\/v2\/product"}],"about":[{"href":"https:\/\/medapp.lv\/et\/wp-json\/wp\/v2\/types\/product"}],"replies":[{"embeddable":true,"href":"https:\/\/medapp.lv\/et\/wp-json\/wp\/v2\/comments?post=15965"}],"version-history":[{"count":11,"href":"https:\/\/medapp.lv\/et\/wp-json\/wp\/v2\/product\/15965\/revisions"}],"predecessor-version":[{"id":20048,"href":"https:\/\/medapp.lv\/et\/wp-json\/wp\/v2\/product\/15965\/revisions\/20048"}],"wp:featuredmedia":[{"embeddable":true,"href":"https:\/\/medapp.lv\/et\/wp-json\/wp\/v2\/media\/15612"}],"wp:attachment":[{"href":"https:\/\/medapp.lv\/et\/wp-json\/wp\/v2\/media?parent=15965"}],"wp:term":[{"taxonomy":"product_brand","embeddable":true,"href":"https:\/\/medapp.lv\/et\/wp-json\/wp\/v2\/product_brand?post=15965"},{"taxonomy":"product_cat","embeddable":true,"href":"https:\/\/medapp.lv\/et\/wp-json\/wp\/v2\/product_cat?post=15965"},{"taxonomy":"product_tag","embeddable":true,"href":"https:\/\/medapp.lv\/et\/wp-json\/wp\/v2\/product_tag?post=15965"}],"curies":[{"name":"t\u00f6\u00f6leht","href":"https:\/\/api.w.org\/{rel}","templated":true}]}}