{"id":15967,"date":"2024-02-04T21:56:44","date_gmt":"2024-02-04T19:56:44","guid":{"rendered":"http:\/\/mareksj17.sg-host.com\/?post_type=product&#038;p=15967"},"modified":"2026-04-04T10:31:40","modified_gmt":"2026-04-04T08:31:40","slug":"pavis-atverta-veida-regulejama-elastiga-celgalu-ortoze-ar-policentriskiem-balstiem","status":"publish","type":"product","link":"https:\/\/medapp.lv\/et\/product\/pavis-atverta-veida-regulejama-elastiga-celgalu-ortoze-ar-policentriskiem-balstiem\/","title":{"rendered":"PAVIS Avatud p\u00f5lveortoos"},"content":{"rendered":"<p>Aitab taastuda v\u00f5imalikult kiiresti ja paremini.: Avatud t\u00fc\u00fcpi p\u00f5lveortoosi \u00fcmber on p\u00f5imitud pehme silikoonr\u00f5ngas, mis tagab p\u00f5lve stabiilsuse. Vaba puusapiirkond, garanteerib normaalse vereringe. Kaks elastset rihma reguleerivad kompressiooni vastavalt jala kujule ja taastumisperioodil. Kaks eemaldatavat, kerget ja painduvat k\u00fclgmist kinnitusdetaili, mis tagavad p\u00f5lvele t\u00e4iendava k\u00fclgstabiilsuse. Kaks eemaldatavat pol\u00fctsentrilist traksid (\u00fcks mediaalne ja \u00fcks k\u00fclgmine) tagavad p\u00f5lvele k\u00fclgsuunalise stabiilsuse ning toetavad mediaalset sidet ja lateraalset sidet. K\u00e4ep\u00e4rane \u2013 saab kanda nii vasakul kui paremal jalal. T\u00e4ielikult avatav. Mugav, hingav ja h\u00fcgieeniline materjal - 100% puuvill, mis puutub kokku nahaga. Materjal on m\u00f5eldud bakterite tekke v\u00e4ltimiseks.<br \/>\nN\u00e4idustused:<\/p>\n<ul>\n<li>Liigese turse;<\/li>\n<li>Operatsioonieelne v\u00f5i postoperatiivne;<\/li>\n<li>Teede ebastabiilsus.<\/li>\n<\/ul>\n<p><iframe title=\"YouTube&#039;i videopleier\" src=\"https:\/\/www.youtube.com\/embed\/JOKS5ICpY6w?si=Y3M8PQGiM0pB_mrs\" width=\"560\" height=\"315\" frameborder=\"0\" allowfullscreen=\"allowfullscreen\"><\/iframe><\/p>","protected":false},"excerpt":{"rendered":"<p>Optimeerige oma taastumist uuendusliku p\u00f5lvestabilisaatoriga, mis on loodud teie p\u00f5lveliigese toetamiseks ja kaitsmiseks kogu taastumisprotsessi v\u00e4ltel. Toode on varustatud ainulaadse eesmise avaga, mis on sisseehitatud pehme silikoonr\u00f5ngaga, mis tagab vajaliku stabiilsuse ja mugavuse. Erilist t\u00e4helepanu p\u00f6\u00f6ratakse reiepiirkonnale, mis aitab v\u00e4ltida soovimatut kompressiooni ja hoida vereringet puutumatuna. <span class=\"selectable-text copyable-text\">Sobib kasutamiseks m\u00f5lemal jalal.<\/span><\/p>","protected":false},"featured_media":15611,"comment_status":"open","ping_status":"closed","template":"","meta":[],"product_brand":[],"product_cat":[137,133],"product_tag":[],"class_list":{"0":"post-15967","1":"product","2":"type-product","3":"status-publish","4":"has-post-thumbnail","6":"product_cat-kajai-cela-locitivai-un-pedai","7":"product_cat-ortozes","9":"first","10":"instock","11":"sale","12":"taxable","13":"shipping-taxable","14":"purchasable","15":"product-type-variable"},"_links":{"self":[{"href":"https:\/\/medapp.lv\/et\/wp-json\/wp\/v2\/product\/15967","targetHints":{"allow":["GET"]}}],"collection":[{"href":"https:\/\/medapp.lv\/et\/wp-json\/wp\/v2\/product"}],"about":[{"href":"https:\/\/medapp.lv\/et\/wp-json\/wp\/v2\/types\/product"}],"replies":[{"embeddable":true,"href":"https:\/\/medapp.lv\/et\/wp-json\/wp\/v2\/comments?post=15967"}],"version-history":[{"count":10,"href":"https:\/\/medapp.lv\/et\/wp-json\/wp\/v2\/product\/15967\/revisions"}],"predecessor-version":[{"id":20050,"href":"https:\/\/medapp.lv\/et\/wp-json\/wp\/v2\/product\/15967\/revisions\/20050"}],"wp:featuredmedia":[{"embeddable":true,"href":"https:\/\/medapp.lv\/et\/wp-json\/wp\/v2\/media\/15611"}],"wp:attachment":[{"href":"https:\/\/medapp.lv\/et\/wp-json\/wp\/v2\/media?parent=15967"}],"wp:term":[{"taxonomy":"product_brand","embeddable":true,"href":"https:\/\/medapp.lv\/et\/wp-json\/wp\/v2\/product_brand?post=15967"},{"taxonomy":"product_cat","embeddable":true,"href":"https:\/\/medapp.lv\/et\/wp-json\/wp\/v2\/product_cat?post=15967"},{"taxonomy":"product_tag","embeddable":true,"href":"https:\/\/medapp.lv\/et\/wp-json\/wp\/v2\/product_tag?post=15967"}],"curies":[{"name":"t\u00f6\u00f6leht","href":"https:\/\/api.w.org\/{rel}","templated":true}]}}