{"id":15969,"date":"2024-02-04T21:58:30","date_gmt":"2024-02-04T19:58:30","guid":{"rendered":"http:\/\/mareksj17.sg-host.com\/?post_type=product&#038;p=15969"},"modified":"2025-07-30T12:16:37","modified_gmt":"2025-07-30T10:16:37","slug":"pavis-atverta-veida-regulejama-elastiga-celgalu-ortoze","status":"publish","type":"product","link":"https:\/\/medapp.lv\/et\/product\/pavis-atverta-veida-regulejama-elastiga-celgalu-ortoze\/","title":{"rendered":"PAVIS Avatud p\u00f5lveortoos"},"content":{"rendered":"<p>Aitab kiiremini ja paremini taastuda: eesmise avaga, mille \u00fcmber on p\u00f5imitud pehme silikoonr\u00f5ngas, et tagada p\u00f5lve stabiilsus. Vaba reiepiirkond, et v\u00e4ltida kokkusurumist selles kriitilises piirkonnas ja tagada normaalne vereringe. 2 elastset rihma, et reguleerida kompressiooni vastavalt jalakujule ja taastumisvajadustele. Kaks eemaldatavat, kerget ja painduvat k\u00fclgtuge, mis tagavad p\u00f5lvele t\u00e4iendava k\u00fclgstabiilsuse. Mugav: ortoos sobib m\u00f5lemale jalale. T\u00e4ielikult avatav. Mugav, hingav ja h\u00fcgieeniline materjal - vooder 100% puuvillast.<br \/>\nMaterjal on m\u00f5eldud bakterite tekke v\u00e4ltimiseks.<br \/>\nN\u00e4idustused:<br \/>\nValu p\u00f5lveliigeses;<br \/>\nartriit;<br \/>\nLiigese turse;<br \/>\nTendiniit;<br \/>\nP\u00f5lve subluksatsioon (patella);<br \/>\nMeniski vigastused.<br \/>\nSAADAVAL K\u00d5RGUS: 29 (cm)<br \/>\n<iframe title=\"YouTube&#039;i videopleier\" src=\"https:\/\/www.youtube.com\/embed\/BAnSUzp89Vk?si=TUTifU44nXKJcO2s\" width=\"560\" height=\"315\" frameborder=\"0\" allowfullscreen=\"allowfullscreen\"><\/iframe><\/p>\n<div id=\"gtx-trans\" style=\"position: absolute; left: 1044px; top: 1.2px;\">\n<div class=\"gtx-trans-icon\"><\/div>\n<\/div>","protected":false},"excerpt":{"rendered":"<p>Aitab kiiremini ja paremini taastuda: eesmise avaga, mille \u00fcmber on p\u00f5imitud pehme silikoonr\u00f5ngas, et tagada p\u00f5lve stabiilsus.<br \/>\n<strong><span class=\"selectable-text copyable-text\">Sobib kasutamiseks m\u00f5lemal jalal.<\/span><\/strong><\/p>","protected":false},"featured_media":15610,"comment_status":"open","ping_status":"closed","template":"","meta":[],"product_brand":[],"product_cat":[137,133],"product_tag":[],"class_list":{"0":"post-15969","1":"product","2":"type-product","3":"status-publish","4":"has-post-thumbnail","6":"product_cat-kajai-cela-locitivai-un-pedai","7":"product_cat-ortozes","9":"first","10":"instock","11":"sale","12":"taxable","13":"shipping-taxable","14":"purchasable","15":"product-type-variable"},"_links":{"self":[{"href":"https:\/\/medapp.lv\/et\/wp-json\/wp\/v2\/product\/15969","targetHints":{"allow":["GET"]}}],"collection":[{"href":"https:\/\/medapp.lv\/et\/wp-json\/wp\/v2\/product"}],"about":[{"href":"https:\/\/medapp.lv\/et\/wp-json\/wp\/v2\/types\/product"}],"replies":[{"embeddable":true,"href":"https:\/\/medapp.lv\/et\/wp-json\/wp\/v2\/comments?post=15969"}],"version-history":[{"count":8,"href":"https:\/\/medapp.lv\/et\/wp-json\/wp\/v2\/product\/15969\/revisions"}],"predecessor-version":[{"id":19972,"href":"https:\/\/medapp.lv\/et\/wp-json\/wp\/v2\/product\/15969\/revisions\/19972"}],"wp:featuredmedia":[{"embeddable":true,"href":"https:\/\/medapp.lv\/et\/wp-json\/wp\/v2\/media\/15610"}],"wp:attachment":[{"href":"https:\/\/medapp.lv\/et\/wp-json\/wp\/v2\/media?parent=15969"}],"wp:term":[{"taxonomy":"product_brand","embeddable":true,"href":"https:\/\/medapp.lv\/et\/wp-json\/wp\/v2\/product_brand?post=15969"},{"taxonomy":"product_cat","embeddable":true,"href":"https:\/\/medapp.lv\/et\/wp-json\/wp\/v2\/product_cat?post=15969"},{"taxonomy":"product_tag","embeddable":true,"href":"https:\/\/medapp.lv\/et\/wp-json\/wp\/v2\/product_tag?post=15969"}],"curies":[{"name":"t\u00f6\u00f6leht","href":"https:\/\/api.w.org\/{rel}","templated":true}]}}