{"id":15973,"date":"2024-02-04T22:04:07","date_gmt":"2024-02-04T20:04:07","guid":{"rendered":"http:\/\/mareksj17.sg-host.com\/?post_type=product&#038;p=15973"},"modified":"2026-03-17T13:41:42","modified_gmt":"2026-03-17T11:41:42","slug":"pavis-potites-stabilizators-ar-izteiktu-sanu-kustibu-kontroli","status":"publish","type":"product","link":"https:\/\/medapp.lv\/et\/product\/pavis-potites-stabilizators-ar-izteiktu-sanu-kustibu-kontroli\/","title":{"rendered":"PAVIS h\u00fcppeliigese stabilisaator"},"content":{"rendered":"<p>Aitab teil kiiremini ja paremini taastuda: Reguleeritavad lingid t\u00e4iustatud toe ja inversiooni\/versiooni fikseerimise jaoks. 3 reguleeritavat sulgurit, mugav, hingav materjal. K\u00e4ep\u00e4rane lahtise seljaga sokk (lihtne kanda valutavate ja paistes pahkluude korral), sobib kasutamiseks nii vasakul kui ka paremal jalal.<br \/>\nMaterjal on m\u00f5eldud bakterite tekke v\u00e4ltimiseks.<\/p>\n<p>N\u00e4idustused:<\/p>\n<ul>\n<li>H\u00fcppeliigese vigastused;<\/li>\n<li>k\u00f5\u00f5luste p\u00f5letik;<\/li>\n<li>Toetus p\u00e4rast traumat ja operatsiooni;<\/li>\n<li>H\u00fcppeliigese \u00fcmberp\u00f6\u00f6ramise ja \u00fcmberp\u00f6\u00f6ramise juhtimine;<\/li>\n<li>Luksatsioon ja subluksatsioon;<\/li>\n<li>Krooniline pahkluu ebastabiilsus.<\/li>\n<\/ul>\n<p>&nbsp;<\/p>\n<p><iframe title=\"YouTube&#039;i videopleier\" src=\"https:\/\/www.youtube.com\/embed\/yxofRFnYmH8?si=7b-5LfddCRTPpsAo\" width=\"560\" height=\"315\" frameborder=\"0\" allowfullscreen=\"allowfullscreen\"><\/iframe><\/p>","protected":false},"excerpt":{"rendered":"<p>Sellel pahkluu toetaval ortoosil on reguleeritavad rihmad t\u00e4iustatud toe ja \u00fcmberp\u00f6\u00f6ramise\/\u00fcmberp\u00f6\u00f6ramise fikseerimiseks koos kolme reguleeritava sulguriga ja mugava, hingava materjaliga.<br \/>\n<span class=\"selectable-text copyable-text\">Sobib kasutamiseks m\u00f5lemal jalal.<\/span><\/p>","protected":false},"featured_media":15608,"comment_status":"open","ping_status":"closed","template":"","meta":[],"product_brand":[],"product_cat":[137,133],"product_tag":[],"class_list":{"0":"post-15973","1":"product","2":"type-product","3":"status-publish","4":"has-post-thumbnail","6":"product_cat-kajai-cela-locitivai-un-pedai","7":"product_cat-ortozes","9":"first","10":"instock","11":"sale","12":"taxable","13":"shipping-taxable","14":"purchasable","15":"product-type-variable"},"_links":{"self":[{"href":"https:\/\/medapp.lv\/et\/wp-json\/wp\/v2\/product\/15973","targetHints":{"allow":["GET"]}}],"collection":[{"href":"https:\/\/medapp.lv\/et\/wp-json\/wp\/v2\/product"}],"about":[{"href":"https:\/\/medapp.lv\/et\/wp-json\/wp\/v2\/types\/product"}],"replies":[{"embeddable":true,"href":"https:\/\/medapp.lv\/et\/wp-json\/wp\/v2\/comments?post=15973"}],"version-history":[{"count":11,"href":"https:\/\/medapp.lv\/et\/wp-json\/wp\/v2\/product\/15973\/revisions"}],"predecessor-version":[{"id":20044,"href":"https:\/\/medapp.lv\/et\/wp-json\/wp\/v2\/product\/15973\/revisions\/20044"}],"wp:featuredmedia":[{"embeddable":true,"href":"https:\/\/medapp.lv\/et\/wp-json\/wp\/v2\/media\/15608"}],"wp:attachment":[{"href":"https:\/\/medapp.lv\/et\/wp-json\/wp\/v2\/media?parent=15973"}],"wp:term":[{"taxonomy":"product_brand","embeddable":true,"href":"https:\/\/medapp.lv\/et\/wp-json\/wp\/v2\/product_brand?post=15973"},{"taxonomy":"product_cat","embeddable":true,"href":"https:\/\/medapp.lv\/et\/wp-json\/wp\/v2\/product_cat?post=15973"},{"taxonomy":"product_tag","embeddable":true,"href":"https:\/\/medapp.lv\/et\/wp-json\/wp\/v2\/product_tag?post=15973"}],"curies":[{"name":"t\u00f6\u00f6leht","href":"https:\/\/api.w.org\/{rel}","templated":true}]}}