{"id":15975,"date":"2024-02-04T22:07:00","date_gmt":"2024-02-04T20:07:00","guid":{"rendered":"http:\/\/mareksj17.sg-host.com\/?post_type=product&#038;p=15975"},"modified":"2026-03-24T19:54:10","modified_gmt":"2026-03-24T17:54:10","slug":"pavis-potites-saisu-ortoze","status":"publish","type":"product","link":"https:\/\/medapp.lv\/et\/product\/pavis-potites-saisu-ortoze\/","title":{"rendered":"PAVIS H\u00fcppeliigese sidemete ortoos"},"content":{"rendered":"<p>Aitab taastuda v\u00f5imalikult kiiresti ja paremini: pakub kerget tuge ja pahkluu stabiliseerimist. Soovitud toe tagamiseks on 2 reguleeritavat elastset rihma. See v\u00f5imaldab teil teha kontrollitud liigutusi, et mitte kaotada liigeste funktsionaalsust ja lihastoonust. Mugav, hingav materjal. Ortoos on \u00f5huke ja seda saab kanda jalan\u00f5udega. Sobib m\u00f5lemale jalale. Materjal on m\u00f5eldud bakterite tekke v\u00e4ltimiseks.<\/p>\n<p>N\u00e4idustused:<\/p>\n<ul>\n<li>Liigeste turse, hematoom;<\/li>\n<li>H\u00fcppeliigese vigastused;<\/li>\n<li>K\u00f5\u00f5luste p\u00f5letik.<\/li>\n<\/ul>\n<p><iframe title=\"YouTube&#039;i videopleier\" src=\"https:\/\/www.youtube.com\/embed\/NArijRfXRIA?si=dNlDEvQFCPX_OKwl\" width=\"560\" height=\"315\" frameborder=\"0\" allowfullscreen=\"allowfullscreen\"><\/iframe><\/p>","protected":false},"excerpt":{"rendered":"<p>See ortoos pakub kerget tuge ja stabiliseerib pahkluu kahe reguleeritava elastse rihma abil, v\u00f5imaldades s\u00e4ilitada liigeste funktsionaalsust ja lihastoonust. Mugav, hingav materjal.<br \/>\n<span class=\"selectable-text copyable-text\">Sobib kasutamiseks m\u00f5lemal jalal.<\/span><\/p>","protected":false},"featured_media":15607,"comment_status":"open","ping_status":"closed","template":"","meta":[],"product_brand":[],"product_cat":[137,133],"product_tag":[],"class_list":{"0":"post-15975","1":"product","2":"type-product","3":"status-publish","4":"has-post-thumbnail","6":"product_cat-kajai-cela-locitivai-un-pedai","7":"product_cat-ortozes","9":"first","10":"instock","11":"sale","12":"taxable","13":"shipping-taxable","14":"purchasable","15":"product-type-variable"},"_links":{"self":[{"href":"https:\/\/medapp.lv\/et\/wp-json\/wp\/v2\/product\/15975","targetHints":{"allow":["GET"]}}],"collection":[{"href":"https:\/\/medapp.lv\/et\/wp-json\/wp\/v2\/product"}],"about":[{"href":"https:\/\/medapp.lv\/et\/wp-json\/wp\/v2\/types\/product"}],"replies":[{"embeddable":true,"href":"https:\/\/medapp.lv\/et\/wp-json\/wp\/v2\/comments?post=15975"}],"version-history":[{"count":14,"href":"https:\/\/medapp.lv\/et\/wp-json\/wp\/v2\/product\/15975\/revisions"}],"predecessor-version":[{"id":20046,"href":"https:\/\/medapp.lv\/et\/wp-json\/wp\/v2\/product\/15975\/revisions\/20046"}],"wp:featuredmedia":[{"embeddable":true,"href":"https:\/\/medapp.lv\/et\/wp-json\/wp\/v2\/media\/15607"}],"wp:attachment":[{"href":"https:\/\/medapp.lv\/et\/wp-json\/wp\/v2\/media?parent=15975"}],"wp:term":[{"taxonomy":"product_brand","embeddable":true,"href":"https:\/\/medapp.lv\/et\/wp-json\/wp\/v2\/product_brand?post=15975"},{"taxonomy":"product_cat","embeddable":true,"href":"https:\/\/medapp.lv\/et\/wp-json\/wp\/v2\/product_cat?post=15975"},{"taxonomy":"product_tag","embeddable":true,"href":"https:\/\/medapp.lv\/et\/wp-json\/wp\/v2\/product_tag?post=15975"}],"curies":[{"name":"t\u00f6\u00f6leht","href":"https:\/\/api.w.org\/{rel}","templated":true}]}}