{"id":15977,"date":"2024-02-04T22:11:20","date_gmt":"2024-02-04T20:11:20","guid":{"rendered":"http:\/\/mareksj17.sg-host.com\/?post_type=product&#038;p=15977"},"modified":"2025-07-17T07:44:57","modified_gmt":"2025-07-17T05:44:57","slug":"kompresijas-ortoze-stabilize-potiti-pielietojama-sportosanas-laika","status":"publish","type":"product","link":"https:\/\/medapp.lv\/et\/product\/kompresijas-ortoze-stabilize-potiti-pielietojama-sportosanas-laika\/","title":{"rendered":"PAVIS Kompressioonortoos"},"content":{"rendered":"<p>Keskmise pikkusega kompressioonortoos on anatoomiliselt korrektselt disainitud, sobivad ideaalselt nahaga maksimaalse efekti saavutamiseks. Neelab p\u00f5rutusi, v\u00e4hendab survet jalale pikemate vahemaade ajal. Kompressioonortoos v\u00f5imaldab saavutada paremaid tulemusi \u2013 suureneb pikaajalise koormuse taluvus, ilma liikumisvabadust piiramata.<\/p>\n<p>&nbsp;<\/p>\n<p><iframe title=\"YouTube&#039;i videopleier\" src=\"https:\/\/www.youtube.com\/embed\/KNFxBe7P160?si=C7SKu5BkwBl0guqd\" width=\"560\" height=\"315\" frameborder=\"0\" allowfullscreen=\"allowfullscreen\"><\/iframe><\/p>","protected":false},"excerpt":{"rendered":"<p>See toode on loodud kaitsva abivahendina inimestele, kes kannatavad liigeste, lihaste v\u00f5i k\u00f5\u00f5luste vigastuste all. Kuna ortoos on avatud t\u00fc\u00fcpi, on seda lihtne ja valutu kanda. Ortoosi v\u00f5ib pidada omamoodi kaasaegseks sidemeks, v\u00e4lja arvatud see, et selle kokkusurumisastet on palju lihtsam reguleerida. Materjal on m\u00f5eldud bakterite tekke v\u00e4ltimiseks.<br \/>\nN\u00e4idustused:<\/p>\n<ul>\n<li>Traumaatilised patoloogiad,<\/li>\n<li>Liigeste turse, hematoomid.<\/li>\n<\/ul>","protected":false},"featured_media":15606,"comment_status":"open","ping_status":"closed","template":"","meta":[],"product_brand":[],"product_cat":[137,133],"product_tag":[],"class_list":{"0":"post-15977","1":"product","2":"type-product","3":"status-publish","4":"has-post-thumbnail","6":"product_cat-kajai-cela-locitivai-un-pedai","7":"product_cat-ortozes","9":"first","10":"instock","11":"sale","12":"taxable","13":"shipping-taxable","14":"purchasable","15":"product-type-simple"},"_links":{"self":[{"href":"https:\/\/medapp.lv\/et\/wp-json\/wp\/v2\/product\/15977","targetHints":{"allow":["GET"]}}],"collection":[{"href":"https:\/\/medapp.lv\/et\/wp-json\/wp\/v2\/product"}],"about":[{"href":"https:\/\/medapp.lv\/et\/wp-json\/wp\/v2\/types\/product"}],"replies":[{"embeddable":true,"href":"https:\/\/medapp.lv\/et\/wp-json\/wp\/v2\/comments?post=15977"}],"version-history":[{"count":9,"href":"https:\/\/medapp.lv\/et\/wp-json\/wp\/v2\/product\/15977\/revisions"}],"predecessor-version":[{"id":20052,"href":"https:\/\/medapp.lv\/et\/wp-json\/wp\/v2\/product\/15977\/revisions\/20052"}],"wp:featuredmedia":[{"embeddable":true,"href":"https:\/\/medapp.lv\/et\/wp-json\/wp\/v2\/media\/15606"}],"wp:attachment":[{"href":"https:\/\/medapp.lv\/et\/wp-json\/wp\/v2\/media?parent=15977"}],"wp:term":[{"taxonomy":"product_brand","embeddable":true,"href":"https:\/\/medapp.lv\/et\/wp-json\/wp\/v2\/product_brand?post=15977"},{"taxonomy":"product_cat","embeddable":true,"href":"https:\/\/medapp.lv\/et\/wp-json\/wp\/v2\/product_cat?post=15977"},{"taxonomy":"product_tag","embeddable":true,"href":"https:\/\/medapp.lv\/et\/wp-json\/wp\/v2\/product_tag?post=15977"}],"curies":[{"name":"t\u00f6\u00f6leht","href":"https:\/\/api.w.org\/{rel}","templated":true}]}}