{"id":15979,"date":"2024-02-04T22:15:41","date_gmt":"2024-02-04T20:15:41","guid":{"rendered":"http:\/\/mareksj17.sg-host.com\/?post_type=product&#038;p=15979"},"modified":"2026-04-01T13:14:18","modified_gmt":"2026-04-01T11:14:18","slug":"pavis-orthoe-stabila-antibakteriala-muguras-ortoze-28cm","status":"publish","type":"product","link":"https:\/\/medapp.lv\/et\/product\/pavis-orthoe-stabila-antibakteriala-muguras-ortoze-28cm\/","title":{"rendered":"PAVIS seljaortoos (28cm)"},"content":{"rendered":"<p>Anatoomiliselt kujundatud, et kohaneda ideaalselt patsiendi pikkusega. Poolj\u00e4ik materjal paravertebraalses piirkonnas, et tagada maksimaalne stabiilsus. Saadaval on erinevad k\u00f5rgused, mis sobivad erinevate seljapiirkonnaga seotud patoloogiatega. T\u00e4iendavad eesmised rihmad tugevdavad t\u00f5husalt tuge. Rihmade tugevus varieerub s\u00f5ltuvalt korseti k\u00f5rgusest (et pinget saaks reguleerida erinevate seljaosade jaoks). Seljal on eemaldatavad kinnitused, et kohandada tuge vastavalt patsiendi vajadustele ja taastusravi erinevatele etappidele. Uuenduslik bakteriostaatiline kangas tagab maksimaalse h\u00fcgieeni, mugavuse, hingavuse ja hoiab \u00e4ra halva aroomi. Materjal on m\u00f5eldud bakterite tekke v\u00e4ltimiseks.<br \/>\nN\u00e4idustused:<\/p>\n<ul>\n<li>Valu alaseljas,<\/li>\n<li>diskopaatia,<\/li>\n<li>P\u00e4rast ketta songa operatsioone,<\/li>\n<li>artroos,<\/li>\n<li>v\u00e4ljaulatuvad osad,<\/li>\n<li>Sakkaalne h\u00fcperk\u00fcfoos\/h\u00fcpok\u00fcfoos,<\/li>\n<li>spond\u00fcloartroos,<\/li>\n<li>osteol\u00fc\u00fcs,<\/li>\n<li>Lumbosakraalsed tendinopaatiad.<\/li>\n<\/ul>\n<p><iframe title=\"YouTube&#039;i videopleier\" src=\"https:\/\/www.youtube.com\/embed\/ECeMWa4NGQk?si=n4O5oqTTQL6ZGbfC\" width=\"560\" height=\"315\" frameborder=\"0\" allowfullscreen=\"allowfullscreen\"><\/iframe><\/p>","protected":false},"excerpt":{"rendered":"<p>Pavis seljaortoos on anatoomiliselt kujundatud aktiivne tugi, millel on individuaalne reguleerimine ja k\u00f5rge kandmismugavus. Mugav ja lihtne toe pealekandmine t\u00e4nu praktilistele breketitele. Perforeeritud sulgur tagab suurema \u00f5hu l\u00e4bilaskvuse. Seljaortoosi h\u00f5\u00f5rdpadjad leevendavad valu, aitavad leevendada pingeid ja aktiveerivad lihaste kontrolli koordinatsiooni parandamise kaudu.<\/p>","protected":false},"featured_media":15617,"comment_status":"open","ping_status":"closed","template":"","meta":[],"product_brand":[],"product_cat":[138,133],"product_tag":[],"class_list":{"0":"post-15979","1":"product","2":"type-product","3":"status-publish","4":"has-post-thumbnail","6":"product_cat-muguras-jostas","7":"product_cat-ortozes","9":"first","10":"instock","11":"taxable","12":"shipping-taxable","13":"purchasable","14":"product-type-variable"},"_links":{"self":[{"href":"https:\/\/medapp.lv\/et\/wp-json\/wp\/v2\/product\/15979","targetHints":{"allow":["GET"]}}],"collection":[{"href":"https:\/\/medapp.lv\/et\/wp-json\/wp\/v2\/product"}],"about":[{"href":"https:\/\/medapp.lv\/et\/wp-json\/wp\/v2\/types\/product"}],"replies":[{"embeddable":true,"href":"https:\/\/medapp.lv\/et\/wp-json\/wp\/v2\/comments?post=15979"}],"version-history":[{"count":8,"href":"https:\/\/medapp.lv\/et\/wp-json\/wp\/v2\/product\/15979\/revisions"}],"predecessor-version":[{"id":20053,"href":"https:\/\/medapp.lv\/et\/wp-json\/wp\/v2\/product\/15979\/revisions\/20053"}],"wp:featuredmedia":[{"embeddable":true,"href":"https:\/\/medapp.lv\/et\/wp-json\/wp\/v2\/media\/15617"}],"wp:attachment":[{"href":"https:\/\/medapp.lv\/et\/wp-json\/wp\/v2\/media?parent=15979"}],"wp:term":[{"taxonomy":"product_brand","embeddable":true,"href":"https:\/\/medapp.lv\/et\/wp-json\/wp\/v2\/product_brand?post=15979"},{"taxonomy":"product_cat","embeddable":true,"href":"https:\/\/medapp.lv\/et\/wp-json\/wp\/v2\/product_cat?post=15979"},{"taxonomy":"product_tag","embeddable":true,"href":"https:\/\/medapp.lv\/et\/wp-json\/wp\/v2\/product_tag?post=15979"}],"curies":[{"name":"t\u00f6\u00f6leht","href":"https:\/\/api.w.org\/{rel}","templated":true}]}}