{"id":15981,"date":"2024-02-04T22:17:48","date_gmt":"2024-02-04T20:17:48","guid":{"rendered":"http:\/\/mareksj17.sg-host.com\/?post_type=product&#038;p=15981"},"modified":"2025-11-26T17:07:49","modified_gmt":"2025-11-26T15:07:49","slug":"pavis-intelektualas-mikrostrukturas-lumbosakrala-ortoze-27cm","status":"publish","type":"product","link":"https:\/\/medapp.lv\/et\/product\/pavis-intelektualas-mikrostrukturas-lumbosakrala-ortoze-27cm\/","title":{"rendered":"PAVIS nimme nimme-ristluu ortoos (27cm)"},"content":{"rendered":"<p>Aitab kiiremini ja paremini taastuda: anatoomiliselt kujundatud nimme-\/ristluupiirkonna toetamiseks. T\u00e4iustatud, t\u00e4ielikult patenteeritud nimmepiirkonna ristmiku immobiliseerimiss\u00fcsteem. Lai ja kergesti lukustatav kinnis, neli reguleeritavat esirihma, et parandada ja reguleerida selja pinget. Mugav, hingav kangas. H\u00fcgieeniline, pehme puuvillane vooder.<br \/>\nMaterjal on m\u00f5eldud bakterite tekke v\u00e4ltimiseks.<br \/>\nN\u00e4idustused:<\/p>\n<ul>\n<li>Nimmeosa v\u00e4ljaulatuvus;<\/li>\n<li>Nimmepiirkonna artroos;<\/li>\n<li>Nimmelihaste kontraktuurid;<\/li>\n<li>Diskopaatia;<\/li>\n<li>Nimmepiirkonna h\u00fcperlordoos\/h\u00fcpolordoos.<\/li>\n<\/ul>\n<p>Saadaval k\u00f5rgus: 27 cm<br \/>\n<iframe title=\"YouTube&#039;i videopleier\" src=\"https:\/\/www.youtube.com\/embed\/i3sAqxc50LY?si=aFRLUZYlxqy5KBhL\" width=\"560\" height=\"315\" frameborder=\"0\" allowfullscreen=\"allowfullscreen\"><\/iframe><\/p>","protected":false},"excerpt":{"rendered":"<p>See anatoomiliselt kujundatud nimmetugi pakub t\u00e4iustatud ja patenteeritud ristuva immobilisatsioonis\u00fcsteemi, pakkudes t\u00f5husat tuge nimme-\/ristluupiirkonnas.<\/p>","protected":false},"featured_media":15618,"comment_status":"open","ping_status":"closed","template":"","meta":[],"product_brand":[],"product_cat":[138,133],"product_tag":[],"class_list":{"0":"post-15981","1":"product","2":"type-product","3":"status-publish","4":"has-post-thumbnail","6":"product_cat-muguras-jostas","7":"product_cat-ortozes","9":"first","10":"instock","11":"taxable","12":"shipping-taxable","13":"purchasable","14":"product-type-variable"},"_links":{"self":[{"href":"https:\/\/medapp.lv\/et\/wp-json\/wp\/v2\/product\/15981","targetHints":{"allow":["GET"]}}],"collection":[{"href":"https:\/\/medapp.lv\/et\/wp-json\/wp\/v2\/product"}],"about":[{"href":"https:\/\/medapp.lv\/et\/wp-json\/wp\/v2\/types\/product"}],"replies":[{"embeddable":true,"href":"https:\/\/medapp.lv\/et\/wp-json\/wp\/v2\/comments?post=15981"}],"version-history":[{"count":10,"href":"https:\/\/medapp.lv\/et\/wp-json\/wp\/v2\/product\/15981\/revisions"}],"predecessor-version":[{"id":20055,"href":"https:\/\/medapp.lv\/et\/wp-json\/wp\/v2\/product\/15981\/revisions\/20055"}],"wp:featuredmedia":[{"embeddable":true,"href":"https:\/\/medapp.lv\/et\/wp-json\/wp\/v2\/media\/15618"}],"wp:attachment":[{"href":"https:\/\/medapp.lv\/et\/wp-json\/wp\/v2\/media?parent=15981"}],"wp:term":[{"taxonomy":"product_brand","embeddable":true,"href":"https:\/\/medapp.lv\/et\/wp-json\/wp\/v2\/product_brand?post=15981"},{"taxonomy":"product_cat","embeddable":true,"href":"https:\/\/medapp.lv\/et\/wp-json\/wp\/v2\/product_cat?post=15981"},{"taxonomy":"product_tag","embeddable":true,"href":"https:\/\/medapp.lv\/et\/wp-json\/wp\/v2\/product_tag?post=15981"}],"curies":[{"name":"t\u00f6\u00f6leht","href":"https:\/\/api.w.org\/{rel}","templated":true}]}}