{"id":15985,"date":"2024-02-04T22:22:03","date_gmt":"2024-02-04T20:22:03","guid":{"rendered":"http:\/\/mareksj17.sg-host.com\/?post_type=product&#038;p=15985"},"modified":"2025-07-17T07:44:53","modified_gmt":"2025-07-17T05:44:53","slug":"pavis-regulejama-augstas-kvalitates-ergonomiska-ortoze","status":"publish","type":"product","link":"https:\/\/medapp.lv\/et\/product\/pavis-regulejama-augstas-kvalitates-ergonomiska-ortoze\/","title":{"rendered":"PAVIS Reguleeritav ergonoomiline ortoos"},"content":{"rendered":"<p>Ortoos aitab s\u00e4ilitada p\u00f5lve f\u00fcsioloogilist asendit liigeste sirutus- ja painutusliigutuste ajal. Kaks avatavat riivi (\u00fcks s\u00e4\u00e4rel ja teine reiel) h\u00f5lbustavad ortoosi kandmist. Need on valmistatud spetsiaalsest &quot;3D Spacer woven&quot; materjalist, mis on hingav ja maksimaalselt mugav; 4 tugevat rihma tagavad lihtsa ja t\u00f5husa fikseerimise. Kaks k\u00fclgmist tuge (keskmine ja k\u00fclgmine) tagavad p\u00f5lve k\u00fclgmise stabiilsuse ja on varustatud muudetavate p\u00f6\u00f6rlemiskeskustega, et taasesitada p\u00f5lve loomulikku liikumist. Piirata saab nii sirutust kui ka painutust v\u00f5i m\u00e4\u00e4rata soovitud p\u00f5lvenurga. Avage p\u00f5lv, et h\u00f5lbustada ravi ja v\u00e4ltida tundlike piirkondade koormamist.<br \/>\nMaterjal on m\u00f5eldud bakterite tekke v\u00e4ltimiseks.<br \/>\nN\u00e4idustused:<br \/>\nEesmise ristatisideme ja tagumise ristatisideme rebend ja\/v\u00f5i rekonstrueerimine; postoperatiivne kollateraalse sideme ravi.<br \/>\nP\u00f5lvevigastused (deformatsioonid v\u00f5i nihestused), liigeste l\u00f5tvus, k\u00fclgmine ebastabiilsus. Toetus kerge kuni m\u00f5\u00f5duka gonartroosi korral.<br \/>\nPakub tuge ja suurendab enesekindlust rehabilitatsioonifaasis.<br \/>\nOrtoosid on saadaval paremale v\u00f5i vasakule jalale.<br \/>\n<iframe title=\"YouTube&#039;i videopleier\" src=\"https:\/\/www.youtube.com\/embed\/qiUMoR7iqwQ?si=1J6y6Vi1ZlBE-oII\" width=\"560\" height=\"315\" frameborder=\"0\" allowfullscreen=\"allowfullscreen\"><\/iframe><\/p>","protected":false},"excerpt":{"rendered":"<p>See ortoos s\u00e4ilitab t\u00f5husalt p\u00f5lveliigese f\u00fcsioloogilist seisundit, pakkudes liikumiste ajal tuge ja stabiilsust, kahe kergesti avatava riivi ja hingava &quot;3D Spacer woven&quot; materjaliga. See pakub individuaalset sobivust muutuvate p\u00f6\u00f6rlemiskeskuste ja k\u00fclgtugedega, mis toetavad erinevate p\u00f5lvevigastuste ja operatsioonide taastusravi, pakkudes mugavust ja kaitset.<br \/>\n<strong><span class=\"selectable-text copyable-text\">Sobib kasutamiseks m\u00f5lemal jalal.<\/span><\/strong><\/p>","protected":false},"featured_media":15616,"comment_status":"open","ping_status":"closed","template":"","meta":[],"product_brand":[],"product_cat":[137,133],"product_tag":[],"class_list":{"0":"post-15985","1":"product","2":"type-product","3":"status-publish","4":"has-post-thumbnail","6":"product_cat-kajai-cela-locitivai-un-pedai","7":"product_cat-ortozes","9":"first","10":"instock","11":"taxable","12":"shipping-taxable","13":"purchasable","14":"product-type-variable"},"_links":{"self":[{"href":"https:\/\/medapp.lv\/et\/wp-json\/wp\/v2\/product\/15985","targetHints":{"allow":["GET"]}}],"collection":[{"href":"https:\/\/medapp.lv\/et\/wp-json\/wp\/v2\/product"}],"about":[{"href":"https:\/\/medapp.lv\/et\/wp-json\/wp\/v2\/types\/product"}],"replies":[{"embeddable":true,"href":"https:\/\/medapp.lv\/et\/wp-json\/wp\/v2\/comments?post=15985"}],"version-history":[{"count":10,"href":"https:\/\/medapp.lv\/et\/wp-json\/wp\/v2\/product\/15985\/revisions"}],"predecessor-version":[{"id":20109,"href":"https:\/\/medapp.lv\/et\/wp-json\/wp\/v2\/product\/15985\/revisions\/20109"}],"wp:featuredmedia":[{"embeddable":true,"href":"https:\/\/medapp.lv\/et\/wp-json\/wp\/v2\/media\/15616"}],"wp:attachment":[{"href":"https:\/\/medapp.lv\/et\/wp-json\/wp\/v2\/media?parent=15985"}],"wp:term":[{"taxonomy":"product_brand","embeddable":true,"href":"https:\/\/medapp.lv\/et\/wp-json\/wp\/v2\/product_brand?post=15985"},{"taxonomy":"product_cat","embeddable":true,"href":"https:\/\/medapp.lv\/et\/wp-json\/wp\/v2\/product_cat?post=15985"},{"taxonomy":"product_tag","embeddable":true,"href":"https:\/\/medapp.lv\/et\/wp-json\/wp\/v2\/product_tag?post=15985"}],"curies":[{"name":"t\u00f6\u00f6leht","href":"https:\/\/api.w.org\/{rel}","templated":true}]}}