{"id":16342,"date":"2024-02-28T16:57:59","date_gmt":"2024-02-28T14:57:59","guid":{"rendered":"https:\/\/mareksj17.sg-host.com\/?post_type=product&#038;p=16342"},"modified":"2025-07-17T10:04:55","modified_gmt":"2025-07-17T08:04:55","slug":"tsunami-medical-ortigia","status":"publish","type":"product","link":"https:\/\/medapp.lv\/et\/product\/tsunami-medical-ortigia\/","title":{"rendered":"Tsunami Medical \u2013 ORTIGIA"},"content":{"rendered":"<p>OLIF-i perineaalne sulandluu<\/p>\n<p>T\u00e4iustatud titaanv\u00f5rkstruktuur koos geomeetriaga, mis parandab paindlikkust ja stabiilsust, soodustab uue luu moodustumist ning pakub suurep\u00e4rast platvormi luude sissekasvamiseks ja kasvuks. See annab d\u00fcnaamilise sulamisprotsessi eelise, j\u00e4rgides Wolffi seadust.<\/p>\n<p>Disain v\u00f5imaldab suuremal hulgal uute luude koloniseerimist ja soodustab vererakkude ringlust, kiirendades luude remodelleerumisprotsessi.<\/p>","protected":false},"excerpt":{"rendered":"<p>OLIF-i p\u00f6ialuu liitluu T\u00e4iustatud titaanstruktuur kombineerituna geomeetriaga, mis parandab paindlikkust ja stabiilsust, soodustab uue luu moodustumist<\/p>","protected":false},"featured_media":17237,"comment_status":"open","ping_status":"closed","template":"","meta":[],"product_brand":[],"product_cat":[125,205],"product_tag":[],"class_list":{"0":"post-16342","1":"product","2":"type-product","3":"status-publish","4":"has-post-thumbnail","6":"product_cat-implanti","7":"product_cat-starpskriemelu-diska-aizvietotaji-keidzi","9":"first","10":"instock","11":"taxable","12":"shipping-taxable","13":"product-type-simple"},"_links":{"self":[{"href":"https:\/\/medapp.lv\/et\/wp-json\/wp\/v2\/product\/16342","targetHints":{"allow":["GET"]}}],"collection":[{"href":"https:\/\/medapp.lv\/et\/wp-json\/wp\/v2\/product"}],"about":[{"href":"https:\/\/medapp.lv\/et\/wp-json\/wp\/v2\/types\/product"}],"replies":[{"embeddable":true,"href":"https:\/\/medapp.lv\/et\/wp-json\/wp\/v2\/comments?post=16342"}],"version-history":[{"count":1,"href":"https:\/\/medapp.lv\/et\/wp-json\/wp\/v2\/product\/16342\/revisions"}],"predecessor-version":[{"id":16343,"href":"https:\/\/medapp.lv\/et\/wp-json\/wp\/v2\/product\/16342\/revisions\/16343"}],"wp:featuredmedia":[{"embeddable":true,"href":"https:\/\/medapp.lv\/et\/wp-json\/wp\/v2\/media\/17237"}],"wp:attachment":[{"href":"https:\/\/medapp.lv\/et\/wp-json\/wp\/v2\/media?parent=16342"}],"wp:term":[{"taxonomy":"product_brand","embeddable":true,"href":"https:\/\/medapp.lv\/et\/wp-json\/wp\/v2\/product_brand?post=16342"},{"taxonomy":"product_cat","embeddable":true,"href":"https:\/\/medapp.lv\/et\/wp-json\/wp\/v2\/product_cat?post=16342"},{"taxonomy":"product_tag","embeddable":true,"href":"https:\/\/medapp.lv\/et\/wp-json\/wp\/v2\/product_tag?post=16342"}],"curies":[{"name":"t\u00f6\u00f6leht","href":"https:\/\/api.w.org\/{rel}","templated":true}]}}