{"id":16360,"date":"2024-02-28T17:08:38","date_gmt":"2024-02-28T15:08:38","guid":{"rendered":"https:\/\/mareksj17.sg-host.com\/?post_type=product&#038;p=16360"},"modified":"2025-07-17T10:04:54","modified_gmt":"2025-07-17T08:04:54","slug":"tsunami-medical-elba","status":"publish","type":"product","link":"https:\/\/medapp.lv\/et\/product\/tsunami-medical-elba\/","title":{"rendered":"Tsunami Medical \u2013 ELBA"},"content":{"rendered":"<p>Intercostal Lumbar Fusion (TLIF)<\/p>\n<p>T\u00e4iustatud titaanv\u00f5rkstruktuur koos geomeetriaga, mis parandab paindlikkust ja stabiilsust, soodustab uue luu moodustumist ja pakub suurep\u00e4rast platvormi luude sise- ja v\u00e4liskasvuks. See k\u00e4sitleb Wolffi seadust j\u00e4rgiva d\u00fcnaamilise fusiooniprotsessi eeliseid.<\/p>\n<p>Disain v\u00f5imaldab suuremal hulgal uute luude koloniseerimist ja soodustab vererakkude ringlust, kiirendades luude remodelleerumisprotsessi.<\/p>","protected":false},"excerpt":{"rendered":"<p>Lumbar Interleg Fusion Bone (TLIF) T\u00e4iustatud titaanist v\u00f5rkstruktuur kombineerituna geomeetriaga, mis parandab paindlikkust ja stabiilsust, soodustab luu uuenemist<\/p>","protected":false},"featured_media":17231,"comment_status":"open","ping_status":"closed","template":"","meta":[],"product_brand":[],"product_cat":[125,108,205],"product_tag":[],"class_list":{"0":"post-16360","1":"product","2":"type-product","3":"status-publish","4":"has-post-thumbnail","6":"product_cat-implanti","7":"product_cat-produkti-profesionaliem","8":"product_cat-starpskriemelu-diska-aizvietotaji-keidzi","10":"first","11":"instock","12":"taxable","13":"shipping-taxable","14":"product-type-simple"},"_links":{"self":[{"href":"https:\/\/medapp.lv\/et\/wp-json\/wp\/v2\/product\/16360","targetHints":{"allow":["GET"]}}],"collection":[{"href":"https:\/\/medapp.lv\/et\/wp-json\/wp\/v2\/product"}],"about":[{"href":"https:\/\/medapp.lv\/et\/wp-json\/wp\/v2\/types\/product"}],"replies":[{"embeddable":true,"href":"https:\/\/medapp.lv\/et\/wp-json\/wp\/v2\/comments?post=16360"}],"version-history":[{"count":2,"href":"https:\/\/medapp.lv\/et\/wp-json\/wp\/v2\/product\/16360\/revisions"}],"predecessor-version":[{"id":16364,"href":"https:\/\/medapp.lv\/et\/wp-json\/wp\/v2\/product\/16360\/revisions\/16364"}],"wp:featuredmedia":[{"embeddable":true,"href":"https:\/\/medapp.lv\/et\/wp-json\/wp\/v2\/media\/17231"}],"wp:attachment":[{"href":"https:\/\/medapp.lv\/et\/wp-json\/wp\/v2\/media?parent=16360"}],"wp:term":[{"taxonomy":"product_brand","embeddable":true,"href":"https:\/\/medapp.lv\/et\/wp-json\/wp\/v2\/product_brand?post=16360"},{"taxonomy":"product_cat","embeddable":true,"href":"https:\/\/medapp.lv\/et\/wp-json\/wp\/v2\/product_cat?post=16360"},{"taxonomy":"product_tag","embeddable":true,"href":"https:\/\/medapp.lv\/et\/wp-json\/wp\/v2\/product_tag?post=16360"}],"curies":[{"name":"t\u00f6\u00f6leht","href":"https:\/\/api.w.org\/{rel}","templated":true}]}}