{"id":16365,"date":"2024-02-28T17:10:59","date_gmt":"2024-02-28T15:10:59","guid":{"rendered":"https:\/\/mareksj17.sg-host.com\/?post_type=product&#038;p=16365"},"modified":"2025-07-17T10:04:54","modified_gmt":"2025-07-17T08:04:54","slug":"tsunami-medical-pianosa","status":"publish","type":"product","link":"https:\/\/medapp.lv\/et\/product\/tsunami-medical-pianosa\/","title":{"rendered":"Tsunami Medical \u2013 KLVER"},"content":{"rendered":"<p>Jaladevahelise nimmepiirkonna liitmine (PLIF)<\/p>\n<p>T\u00e4iustatud titaanv\u00f5rkstruktuur koos geomeetriaga, mis parandab paindlikkust ja stabiilsust, soodustab uue luu moodustumist ning pakub suurep\u00e4rast platvormi luude sissekasvamiseks ja kasvuks. See annab d\u00fcnaamilise sulamisprotsessi eelise, j\u00e4rgides Wolffi seadust.<\/p>\n<p>Disain v\u00f5imaldab suuremal hulgal uute luude koloniseerimist ja soodustab vererakkude ringlust, kiirendades luude remodelleerumisprotsessi.<\/p>","protected":false},"excerpt":{"rendered":"<p>Lumbar Interleg Fusion Bone (PLIF) T\u00e4iustatud titaanv\u00f5rkstruktuur kombineerituna geomeetriaga, mis parandab paindlikkust ja stabiilsust, soodustab luu uuenemist<\/p>","protected":false},"featured_media":17227,"comment_status":"open","ping_status":"closed","template":"","meta":[],"product_brand":[],"product_cat":[125,205],"product_tag":[],"class_list":{"0":"post-16365","1":"product","2":"type-product","3":"status-publish","4":"has-post-thumbnail","6":"product_cat-implanti","7":"product_cat-starpskriemelu-diska-aizvietotaji-keidzi","9":"first","10":"instock","11":"taxable","12":"shipping-taxable","13":"product-type-simple"},"_links":{"self":[{"href":"https:\/\/medapp.lv\/et\/wp-json\/wp\/v2\/product\/16365","targetHints":{"allow":["GET"]}}],"collection":[{"href":"https:\/\/medapp.lv\/et\/wp-json\/wp\/v2\/product"}],"about":[{"href":"https:\/\/medapp.lv\/et\/wp-json\/wp\/v2\/types\/product"}],"replies":[{"embeddable":true,"href":"https:\/\/medapp.lv\/et\/wp-json\/wp\/v2\/comments?post=16365"}],"version-history":[{"count":1,"href":"https:\/\/medapp.lv\/et\/wp-json\/wp\/v2\/product\/16365\/revisions"}],"predecessor-version":[{"id":16369,"href":"https:\/\/medapp.lv\/et\/wp-json\/wp\/v2\/product\/16365\/revisions\/16369"}],"wp:featuredmedia":[{"embeddable":true,"href":"https:\/\/medapp.lv\/et\/wp-json\/wp\/v2\/media\/17227"}],"wp:attachment":[{"href":"https:\/\/medapp.lv\/et\/wp-json\/wp\/v2\/media?parent=16365"}],"wp:term":[{"taxonomy":"product_brand","embeddable":true,"href":"https:\/\/medapp.lv\/et\/wp-json\/wp\/v2\/product_brand?post=16365"},{"taxonomy":"product_cat","embeddable":true,"href":"https:\/\/medapp.lv\/et\/wp-json\/wp\/v2\/product_cat?post=16365"},{"taxonomy":"product_tag","embeddable":true,"href":"https:\/\/medapp.lv\/et\/wp-json\/wp\/v2\/product_tag?post=16365"}],"curies":[{"name":"t\u00f6\u00f6leht","href":"https:\/\/api.w.org\/{rel}","templated":true}]}}