{"id":16370,"date":"2024-02-28T17:14:00","date_gmt":"2024-02-28T15:14:00","guid":{"rendered":"https:\/\/mareksj17.sg-host.com\/?post_type=product&#038;p=16370"},"modified":"2025-07-17T10:04:53","modified_gmt":"2025-07-17T08:04:53","slug":"tsunami-medical-salina","status":"publish","type":"product","link":"https:\/\/medapp.lv\/et\/product\/tsunami-medical-salina\/","title":{"rendered":"Tsunami Medical \u2013 SALINA"},"content":{"rendered":"<div class=\"w-full text-token-text-primary\" data-testid=\"conversation-turn-21\">\n<div class=\"px-4 py-2 justify-center text-base md:gap-6 m-auto\">\n<div class=\"flex flex-1 text-base mx-auto gap-3 md:px-5 lg:px-1 xl:px-5 md:max-w-3xl lg:max-w-[40rem] xl:max-w-[48rem] group\">\n<div class=\"relative flex w-full flex-col agent-turn\">\n<div class=\"flex-col gap-1 md:gap-3\">\n<div class=\"flex flex-grow flex-col max-w-full\">\n<div class=\"min-h-[20px] text-message flex flex-col items-start gap-3 whitespace-pre-wrap break-words [.text-message+&amp;]:mt-5 overflow-x-auto\" data-message-author-role=\"assistant\" data-message-id=\"b49773df-45fa-4e88-8dae-ec8925e67c9c\">\n<div class=\"markdown prose w-full break-words dark:prose-invert light\">\n<p>Lumbal Interleg Fusion Bone (OLIF)<\/p>\n<p>T\u00e4iustatud titaanv\u00f5rkstruktuur koos geomeetriaga, mis parandab paindlikkust ja stabiilsust, soodustab uue luu moodustumist ning pakub suurep\u00e4rast platvormi luude sissekasvamiseks ja kasvuks. See annab d\u00fcnaamilise sulamisprotsessi eelise, j\u00e4rgides Wolffi seadust.<\/p>\n<p>Disain v\u00f5imaldab suuremal hulgal uute luude koloniseerimist ja soodustab vererakkude ringlust, kiirendades luude remodelleerumisprotsessi.<\/p>\n<p>Tsunami universaalne t\u00e4ites\u00fcsteem h\u00f5lbustab t\u00e4itmisprotseduuri nii enne implantatsiooni kui ka p\u00e4rast implanteerimist kirurgilise protseduuri ajal. See t\u00e4ites\u00fcsteem v\u00f5imaldab jaotada luuasendusmaterjali kogu l\u00fclidevahelises ruumis.<\/p>\n<\/div>\n<\/div>\n<\/div>\n<div class=\"mt-1 flex justify-start gap-3 empty:hidden\">\n<div class=\"text-gray-400 flex self-end lg:self-center justify-center lg:justify-start mt-0 -ml-1 h-7 visible\">\n<p>&nbsp;<\/p>\n<div class=\"flex\"><\/div>\n<\/div>\n<\/div>\n<\/div>\n<\/div>\n<\/div>\n<\/div>\n<\/div>\n<div class=\"w-full text-token-text-primary\" data-testid=\"conversation-turn-22\">\n<div class=\"px-4 py-2 justify-center text-base md:gap-6 m-auto\">\n<div class=\"flex flex-1 text-base mx-auto gap-3 md:px-5 lg:px-1 xl:px-5 md:max-w-3xl lg:max-w-[40rem] xl:max-w-[48rem] group\">\n<div class=\"flex-shrink-0 flex flex-col relative items-end\">\n<div>\n<div class=\"pt-0.5\">\n<div class=\"gizmo-shadow-stroke flex h-6 w-6 items-center justify-center overflow-hidden rounded-full\"><\/div>\n<\/div>\n<\/div>\n<\/div>\n<\/div>\n<\/div>\n<\/div>","protected":false},"excerpt":{"rendered":"<p>Lumbar Interleg Fusion Bone (OLIF) T\u00e4iustatud titaanv\u00f5rkstruktuur kombineerituna geomeetriaga, mis parandab paindlikkust ja stabiilsust, soodustab luu uuenemist<\/p>","protected":false},"featured_media":17219,"comment_status":"open","ping_status":"closed","template":"","meta":[],"product_brand":[],"product_cat":[125,205],"product_tag":[],"class_list":{"0":"post-16370","1":"product","2":"type-product","3":"status-publish","4":"has-post-thumbnail","6":"product_cat-implanti","7":"product_cat-starpskriemelu-diska-aizvietotaji-keidzi","9":"first","10":"instock","11":"taxable","12":"shipping-taxable","13":"product-type-simple"},"_links":{"self":[{"href":"https:\/\/medapp.lv\/et\/wp-json\/wp\/v2\/product\/16370","targetHints":{"allow":["GET"]}}],"collection":[{"href":"https:\/\/medapp.lv\/et\/wp-json\/wp\/v2\/product"}],"about":[{"href":"https:\/\/medapp.lv\/et\/wp-json\/wp\/v2\/types\/product"}],"replies":[{"embeddable":true,"href":"https:\/\/medapp.lv\/et\/wp-json\/wp\/v2\/comments?post=16370"}],"version-history":[{"count":2,"href":"https:\/\/medapp.lv\/et\/wp-json\/wp\/v2\/product\/16370\/revisions"}],"predecessor-version":[{"id":17222,"href":"https:\/\/medapp.lv\/et\/wp-json\/wp\/v2\/product\/16370\/revisions\/17222"}],"wp:featuredmedia":[{"embeddable":true,"href":"https:\/\/medapp.lv\/et\/wp-json\/wp\/v2\/media\/17219"}],"wp:attachment":[{"href":"https:\/\/medapp.lv\/et\/wp-json\/wp\/v2\/media?parent=16370"}],"wp:term":[{"taxonomy":"product_brand","embeddable":true,"href":"https:\/\/medapp.lv\/et\/wp-json\/wp\/v2\/product_brand?post=16370"},{"taxonomy":"product_cat","embeddable":true,"href":"https:\/\/medapp.lv\/et\/wp-json\/wp\/v2\/product_cat?post=16370"},{"taxonomy":"product_tag","embeddable":true,"href":"https:\/\/medapp.lv\/et\/wp-json\/wp\/v2\/product_tag?post=16370"}],"curies":[{"name":"t\u00f6\u00f6leht","href":"https:\/\/api.w.org\/{rel}","templated":true}]}}