{"id":16375,"date":"2024-02-28T17:16:24","date_gmt":"2024-02-28T15:16:24","guid":{"rendered":"https:\/\/mareksj17.sg-host.com\/?post_type=product&#038;p=16375"},"modified":"2025-07-17T10:04:52","modified_gmt":"2025-07-17T08:04:52","slug":"tsunami-medical-capraia","status":"publish","type":"product","link":"https:\/\/medapp.lv\/et\/product\/tsunami-medical-capraia\/","title":{"rendered":"Tsunami Medical \u2013 CAPRAIA"},"content":{"rendered":"<p>Emakakaela jalgadevaheline liit (ACIF)<\/p>\n<p>T\u00e4iustatud titaanv\u00f5rkstruktuur koos geomeetriaga, mis parandab paindlikkust ja stabiilsust, soodustab uue luu moodustumist ning pakub suurep\u00e4rast platvormi luude sissekasvamiseks ja kasvuks. See annab d\u00fcnaamilise sulamisprotsessi eelise, j\u00e4rgides Wolffi seadust.<\/p>\n<p>Disain v\u00f5imaldab suuremal hulgal uute luude koloniseerimist ja soodustab vererakkude ringlust, kiirendades luude remodelleerumisprotsessi. Kuigi see pole n\u00f5utav, v\u00f5ivad kirurgid t\u00e4ita luu luuasendajaga.<\/p>","protected":false},"excerpt":{"rendered":"<p>Emakakaela interfemoraalne liitluu (ACIF) T\u00e4iustatud titaanist v\u00f5rkstruktuur kombineerituna geomeetriaga, mis parandab paindlikkust ja stabiilsust, soodustab luu uuenemist<\/p>","protected":false},"featured_media":17216,"comment_status":"open","ping_status":"closed","template":"","meta":[],"product_brand":[],"product_cat":[125,108,205],"product_tag":[],"class_list":{"0":"post-16375","1":"product","2":"type-product","3":"status-publish","4":"has-post-thumbnail","6":"product_cat-implanti","7":"product_cat-produkti-profesionaliem","8":"product_cat-starpskriemelu-diska-aizvietotaji-keidzi","10":"first","11":"instock","12":"taxable","13":"shipping-taxable","14":"product-type-simple"},"_links":{"self":[{"href":"https:\/\/medapp.lv\/et\/wp-json\/wp\/v2\/product\/16375","targetHints":{"allow":["GET"]}}],"collection":[{"href":"https:\/\/medapp.lv\/et\/wp-json\/wp\/v2\/product"}],"about":[{"href":"https:\/\/medapp.lv\/et\/wp-json\/wp\/v2\/types\/product"}],"replies":[{"embeddable":true,"href":"https:\/\/medapp.lv\/et\/wp-json\/wp\/v2\/comments?post=16375"}],"version-history":[{"count":4,"href":"https:\/\/medapp.lv\/et\/wp-json\/wp\/v2\/product\/16375\/revisions"}],"predecessor-version":[{"id":18960,"href":"https:\/\/medapp.lv\/et\/wp-json\/wp\/v2\/product\/16375\/revisions\/18960"}],"wp:featuredmedia":[{"embeddable":true,"href":"https:\/\/medapp.lv\/et\/wp-json\/wp\/v2\/media\/17216"}],"wp:attachment":[{"href":"https:\/\/medapp.lv\/et\/wp-json\/wp\/v2\/media?parent=16375"}],"wp:term":[{"taxonomy":"product_brand","embeddable":true,"href":"https:\/\/medapp.lv\/et\/wp-json\/wp\/v2\/product_brand?post=16375"},{"taxonomy":"product_cat","embeddable":true,"href":"https:\/\/medapp.lv\/et\/wp-json\/wp\/v2\/product_cat?post=16375"},{"taxonomy":"product_tag","embeddable":true,"href":"https:\/\/medapp.lv\/et\/wp-json\/wp\/v2\/product_tag?post=16375"}],"curies":[{"name":"t\u00f6\u00f6leht","href":"https:\/\/api.w.org\/{rel}","templated":true}]}}