{"id":16380,"date":"2024-02-28T17:18:03","date_gmt":"2024-02-28T15:18:03","guid":{"rendered":"https:\/\/mareksj17.sg-host.com\/?post_type=product&#038;p=16380"},"modified":"2025-07-17T10:04:52","modified_gmt":"2025-07-17T08:04:52","slug":"standarta-cieta","status":"publish","type":"product","link":"https:\/\/medapp.lv\/et\/product\/standarta-cieta\/","title":{"rendered":"Tsunami Medical \u2013 MODULARKRUV"},"content":{"rendered":"<p><strong>Modulaarsed kruvid<\/strong><\/p>\n<p>Modulaarsete kruviv\u00f5llide versioonid erinevad \u00fcksteisest selle poolest, kuidas kruviv\u00f5llide distaalne osa on konstrueeritud, kas poorne v\u00f5i standardne, ja kan\u00fc\u00fclitud\/fenestreeritud ja mitte-kan\u00fc\u00fclitud\/mittefenestreeritud valikud.<\/p>\n<p>K\u00f5ik on saadaval erineva l\u00e4bim\u00f5\u00f5duga: 4,5 mm, 5,5 mm, 6,5 mm, 7,5 mm ja pikkusega 30 mm kuni 70 mm 5 mm sammuga.<\/p>\n<p><strong>Materjalid:<\/strong><\/p>\n<p>Titaan Ti6Al4V ELI<\/p>","protected":false},"excerpt":{"rendered":"<p>Moodulkruvid Modulaarsete kruviv\u00f5llide versioonid erinevad \u00fcksteisest kruviv\u00f5llide distaalse osa konstruktsiooni poolest v\u00f5i<\/p>","protected":false},"featured_media":16381,"comment_status":"open","ping_status":"closed","template":"","meta":[],"product_brand":[],"product_cat":[129],"product_tag":[],"class_list":{"0":"post-16380","1":"product","2":"type-product","3":"status-publish","4":"has-post-thumbnail","6":"product_cat-3d-printetas-modularas-skruves","8":"first","9":"instock","10":"taxable","11":"shipping-taxable","12":"product-type-simple"},"_links":{"self":[{"href":"https:\/\/medapp.lv\/et\/wp-json\/wp\/v2\/product\/16380","targetHints":{"allow":["GET"]}}],"collection":[{"href":"https:\/\/medapp.lv\/et\/wp-json\/wp\/v2\/product"}],"about":[{"href":"https:\/\/medapp.lv\/et\/wp-json\/wp\/v2\/types\/product"}],"replies":[{"embeddable":true,"href":"https:\/\/medapp.lv\/et\/wp-json\/wp\/v2\/comments?post=16380"}],"version-history":[{"count":3,"href":"https:\/\/medapp.lv\/et\/wp-json\/wp\/v2\/product\/16380\/revisions"}],"predecessor-version":[{"id":19671,"href":"https:\/\/medapp.lv\/et\/wp-json\/wp\/v2\/product\/16380\/revisions\/19671"}],"wp:featuredmedia":[{"embeddable":true,"href":"https:\/\/medapp.lv\/et\/wp-json\/wp\/v2\/media\/16381"}],"wp:attachment":[{"href":"https:\/\/medapp.lv\/et\/wp-json\/wp\/v2\/media?parent=16380"}],"wp:term":[{"taxonomy":"product_brand","embeddable":true,"href":"https:\/\/medapp.lv\/et\/wp-json\/wp\/v2\/product_brand?post=16380"},{"taxonomy":"product_cat","embeddable":true,"href":"https:\/\/medapp.lv\/et\/wp-json\/wp\/v2\/product_cat?post=16380"},{"taxonomy":"product_tag","embeddable":true,"href":"https:\/\/medapp.lv\/et\/wp-json\/wp\/v2\/product_tag?post=16380"}],"curies":[{"name":"t\u00f6\u00f6leht","href":"https:\/\/api.w.org\/{rel}","templated":true}]}}