{"id":16433,"date":"2024-02-29T13:05:47","date_gmt":"2024-02-29T11:05:47","guid":{"rendered":"https:\/\/mareksj17.sg-host.com\/?post_type=product&#038;p=16433"},"modified":"2025-07-17T10:04:50","modified_gmt":"2025-07-17T08:04:50","slug":"xavant-tof-muskulu-monitors","status":"publish","type":"product","link":"https:\/\/medapp.lv\/et\/product\/xavant-tof-muskulu-monitors\/","title":{"rendered":"Xavant \u2013 TOF lihaste monitor"},"content":{"rendered":"<p>Stimpod NMS450X<\/p>\n<p>Stimulpod TOF NMS450X on kvantitatiivne monitor neuromuskulaarse \u00fclekande m\u00f5\u00f5tmiseks.<\/p>\n<p>Monitor pakub lihtsat ja usaldusv\u00e4\u00e4rset viisi tuimestatud patsiendi lihaste l\u00f5dvestusseisundi m\u00f5\u00f5tmiseks.<\/p>\n<p>See on ainus seade maailmas, mis pakub \u00fches monitoris AMG (akcelerom\u00fcograafia) ja EMG (elektrom\u00fcograafia) funktsioone.<\/p>\n<ul>\n<li>EMG<\/li>\n<li>AMG<\/li>\n<li>N\u00e4rvi leidmise (n\u00e4rvi kaardistamise) funktsioon<\/li>\n<\/ul>","protected":false},"excerpt":{"rendered":"<p>Stimpod NMS450X Stimpod TOF NMS450X on kvantitatiivne monitor neuromuskulaarse \u00fclekande m\u00f5\u00f5tmiseks. Monitor pakub lihtsat ja usaldusv\u00e4\u00e4rset viisi anesteetikumide m\u00f5\u00f5tmiseks<\/p>","protected":false},"featured_media":16439,"comment_status":"open","ping_status":"closed","template":"","meta":[],"product_brand":[],"product_cat":[131],"product_tag":[],"class_list":{"0":"post-16433","1":"product","2":"type-product","3":"status-publish","4":"has-post-thumbnail","6":"product_cat-med-iekartas","8":"first","9":"instock","10":"taxable","11":"shipping-taxable","12":"product-type-simple"},"_links":{"self":[{"href":"https:\/\/medapp.lv\/et\/wp-json\/wp\/v2\/product\/16433","targetHints":{"allow":["GET"]}}],"collection":[{"href":"https:\/\/medapp.lv\/et\/wp-json\/wp\/v2\/product"}],"about":[{"href":"https:\/\/medapp.lv\/et\/wp-json\/wp\/v2\/types\/product"}],"replies":[{"embeddable":true,"href":"https:\/\/medapp.lv\/et\/wp-json\/wp\/v2\/comments?post=16433"}],"version-history":[{"count":1,"href":"https:\/\/medapp.lv\/et\/wp-json\/wp\/v2\/product\/16433\/revisions"}],"predecessor-version":[{"id":16440,"href":"https:\/\/medapp.lv\/et\/wp-json\/wp\/v2\/product\/16433\/revisions\/16440"}],"wp:featuredmedia":[{"embeddable":true,"href":"https:\/\/medapp.lv\/et\/wp-json\/wp\/v2\/media\/16439"}],"wp:attachment":[{"href":"https:\/\/medapp.lv\/et\/wp-json\/wp\/v2\/media?parent=16433"}],"wp:term":[{"taxonomy":"product_brand","embeddable":true,"href":"https:\/\/medapp.lv\/et\/wp-json\/wp\/v2\/product_brand?post=16433"},{"taxonomy":"product_cat","embeddable":true,"href":"https:\/\/medapp.lv\/et\/wp-json\/wp\/v2\/product_cat?post=16433"},{"taxonomy":"product_tag","embeddable":true,"href":"https:\/\/medapp.lv\/et\/wp-json\/wp\/v2\/product_tag?post=16433"}],"curies":[{"name":"t\u00f6\u00f6leht","href":"https:\/\/api.w.org\/{rel}","templated":true}]}}