{"id":16531,"date":"2024-02-28T23:20:11","date_gmt":"2024-02-28T21:20:11","guid":{"rendered":"https:\/\/mareksj17.sg-host.com\/?post_type=product&#038;p=16531"},"modified":"2025-07-16T09:05:42","modified_gmt":"2025-07-16T07:05:42","slug":"push-sports-patella-ortoze","status":"publish","type":"product","link":"https:\/\/medapp.lv\/et\/product\/push-sports-patella-ortoze\/","title":{"rendered":"PUSH Sports Patella ortoos"},"content":{"rendered":"<p><strong>Millal tuleks Push sports p\u00f5lvekedra ortoose kasutada?<\/strong><\/p>\n<ul>\n<li><span class=\"Y2IQFc\" lang=\"lv\">Patellar tendiniit<\/span><\/li>\n<li>H\u00fcppaja p\u00f5lv<\/li>\n<li>Patellofemoraalne valu s\u00fcndroom<\/li>\n<\/ul>\n<p><strong>Ortoosi paigaldamine:<\/strong><\/p>\n<ol>\n<li>Painutage jalga. Asetage p\u00f5lvekedra p\u00f5lvekedra alla p\u00f5lvekedra alla.<\/li>\n<li>Hoidke \u00fche k\u00e4ega padjakest ja teise k\u00e4ega keerake ortoos \u00fcmber jala.<\/li>\n<li>Sulgege silmusmaterjal nii tihedalt kui v\u00f5imalik ilma pigistamata. Kui rihma ei saa silmusmaterjali k\u00fclge sulgeda, kasutage teist rihma kinnitust.<\/li>\n<\/ol>\n<p><iframe title=\"YouTube&#039;i videopleier\" src=\"https:\/\/www.youtube.com\/embed\/j7Uzf7Dfa1c?si=GxZ8tTx714CJoJkU\" width=\"560\" height=\"315\" frameborder=\"0\" allowfullscreen=\"allowfullscreen\"><\/iframe><\/p>","protected":false},"excerpt":{"rendered":"<p><strong>Push Sports Patella ortoos<\/strong> avaldab survet kannak\u00f5\u00f5lusele ja toetab t\u00f5husalt p\u00f5lve. Selle tulemusena v\u00e4heneb valu p\u00f5lvekedra \u00fcmber. Iga sammuga avaldab ortoos perioodilist survet p\u00f5lvek\u00f5\u00f5lusele. See pakub mugavat ja kerget k\u00f5ndimist.<\/p>\n<p><strong>Push Sports Patella ortoos<\/strong> on saadaval \u00fches suuruses, universaalselt kasutatav vasakule ja paremale k\u00fcljele.<br \/>\n<span class=\"selectable-text copyable-text\"><strong>Suurus<\/strong>: Universaalne<\/span><\/p>","protected":false},"featured_media":18493,"comment_status":"open","ping_status":"closed","template":"","meta":[],"product_brand":[],"product_cat":[137,133],"product_tag":[],"class_list":{"0":"post-16531","1":"product","2":"type-product","3":"status-publish","4":"has-post-thumbnail","6":"product_cat-kajai-cela-locitivai-un-pedai","7":"product_cat-ortozes","9":"first","10":"instock","11":"taxable","12":"shipping-taxable","13":"purchasable","14":"product-type-simple"},"_links":{"self":[{"href":"https:\/\/medapp.lv\/et\/wp-json\/wp\/v2\/product\/16531","targetHints":{"allow":["GET"]}}],"collection":[{"href":"https:\/\/medapp.lv\/et\/wp-json\/wp\/v2\/product"}],"about":[{"href":"https:\/\/medapp.lv\/et\/wp-json\/wp\/v2\/types\/product"}],"replies":[{"embeddable":true,"href":"https:\/\/medapp.lv\/et\/wp-json\/wp\/v2\/comments?post=16531"}],"version-history":[{"count":15,"href":"https:\/\/medapp.lv\/et\/wp-json\/wp\/v2\/product\/16531\/revisions"}],"predecessor-version":[{"id":20034,"href":"https:\/\/medapp.lv\/et\/wp-json\/wp\/v2\/product\/16531\/revisions\/20034"}],"wp:featuredmedia":[{"embeddable":true,"href":"https:\/\/medapp.lv\/et\/wp-json\/wp\/v2\/media\/18493"}],"wp:attachment":[{"href":"https:\/\/medapp.lv\/et\/wp-json\/wp\/v2\/media?parent=16531"}],"wp:term":[{"taxonomy":"product_brand","embeddable":true,"href":"https:\/\/medapp.lv\/et\/wp-json\/wp\/v2\/product_brand?post=16531"},{"taxonomy":"product_cat","embeddable":true,"href":"https:\/\/medapp.lv\/et\/wp-json\/wp\/v2\/product_cat?post=16531"},{"taxonomy":"product_tag","embeddable":true,"href":"https:\/\/medapp.lv\/et\/wp-json\/wp\/v2\/product_tag?post=16531"}],"curies":[{"name":"t\u00f6\u00f6leht","href":"https:\/\/api.w.org\/{rel}","templated":true}]}}