{"id":16603,"date":"2024-02-29T11:33:06","date_gmt":"2024-02-29T09:33:06","guid":{"rendered":"https:\/\/mareksj17.sg-host.com\/?post_type=product&#038;p=16603"},"modified":"2025-07-17T09:59:20","modified_gmt":"2025-07-17T07:59:20","slug":"push-potites-ortoze-8","status":"publish","type":"product","link":"https:\/\/medapp.lv\/et\/product\/push-potites-ortoze-8\/","title":{"rendered":"PUSH H\u00fcppeliigese ortoos 8"},"content":{"rendered":"<p id=\"tw-target-text\" class=\"tw-data-text tw-text-large tw-ta\" dir=\"ltr\" data-placeholder=\"Translation\" data-ved=\"2ahUKEwjgzbOhntCEAxVXFxAIHX66CzgQ3ewLegQIDRAU\"><span class=\"Y2IQFc\" lang=\"lv\"><strong>Millal kasutada Push sportlikku h\u00fcppeliigese ortoosi 8<\/strong>?<\/span><\/p>\n<ul>\n<li dir=\"ltr\" data-placeholder=\"Translation\" data-ved=\"2ahUKEwjgzbOhntCEAxVXFxAIHX66CzgQ3ewLegQIDRAU\">\n<p id=\"tw-target-text\" class=\"tw-data-text tw-text-large tw-ta\" dir=\"ltr\" data-placeholder=\"Translation\" data-ved=\"2ahUKEwjgzbOhntCEAxVXFxAIHX66CzgQ3ewLegQIDRAU\"><span class=\"Y2IQFc\" lang=\"lv\">H\u00fcppeliigese korduva vigastuse v\u00e4ltimiseks<\/span><\/p>\n<\/li>\n<li dir=\"ltr\" data-placeholder=\"Translation\" data-ved=\"2ahUKEwjgzbOhntCEAxVXFxAIHX66CzgQ3ewLegQIDRAU\">\n<p id=\"tw-target-text\" class=\"tw-data-text tw-text-large tw-ta\" dir=\"ltr\" data-placeholder=\"Translation\" data-ved=\"2ahUKEwjgzbOhntCEAxVXFxAIHX66CzgQ3ewLegQIDRAU\"><span class=\"Y2IQFc\" lang=\"lv\">Kapsli \u00e4rritus<\/span><\/p>\n<\/li>\n<li dir=\"ltr\" data-placeholder=\"Translation\" data-ved=\"2ahUKEwjgzbOhntCEAxVXFxAIHX66CzgQ3ewLegQIDRAU\">\n<p id=\"tw-target-text\" class=\"tw-data-text tw-text-large tw-ta\" dir=\"ltr\" data-placeholder=\"Translation\" data-ved=\"2ahUKEwjgzbOhntCEAxVXFxAIHX66CzgQ3ewLegQIDRAU\"><span class=\"Y2IQFc\" lang=\"lv\">Kerge ebastabiilsus<\/span><\/p>\n<\/li>\n<\/ul>\n<p><span class=\"Y2IQFc\" lang=\"lv\">Ortoosi paigaldamine:<\/span><\/p>\n<ol>\n<li>Pange ortoos. Jalaortoosi kannaosa peaks sobima tihedalt \u00fcmber kanna.<\/li>\n<li>T\u00f5mmake jalg enda poole nii, et jalg on 90 kraadise nurga all. Seej\u00e4rel pingutage ja kinnitage kinnitusvahendi \u00fclemine osa.<\/li>\n<li>V\u00f5tke lai elastne rihm ja keerake see \u00fcmber s\u00e4\u00e4re tagaosa ettepoole, diagonaalselt \u00fcle jala; seej\u00e4rel t\u00f5mmake see jala alla ja piki jala v\u00e4lisk\u00fclge pahkluu sisek\u00fclje poole. Loote t\u00f5husalt numbri &quot;<strong>8<\/strong>&quot;. Kinnitage rihm konksu ja aasa materjaliga.<\/li>\n<\/ol>\n<p><iframe title=\"YouTube&#039;i videopleier\" src=\"https:\/\/www.youtube.com\/embed\/PBSHQOZ9Q04?si=1da1tBOYiymUg2DF\" width=\"560\" height=\"315\" frameborder=\"0\" allowfullscreen=\"allowfullscreen\"><\/iframe><\/p>","protected":false},"excerpt":{"rendered":"<p><strong>Push Sports h\u00fcppeliigese ortoos 8<\/strong> aitab leevendada pahkluude v\u00e4ljav\u00e4\u00e4namist.<br \/>\n\u00dcli\u00f5huke h\u00fcppeliigese tugi stabiliseerib pahkluu \u00fcmber pahkluu \u00fcmbritseva rihma abil <strong>8<\/strong> kuju ja tagab kindla ja mugava kompressiooni.<\/p>\n<p><strong>Push Sports h\u00fcppeliigese ortoos 8<\/strong> on saadaval kolmes suuruses ning parema ja vasaku jala jaoks. Valige sobiv ortoosi suurus, m\u00f5\u00f5tes kogu jalalaba \u00fcmberm\u00f5\u00f5tu.<\/p>","protected":false},"featured_media":18470,"comment_status":"open","ping_status":"closed","template":"","meta":[],"product_brand":[],"product_cat":[137,133],"product_tag":[],"class_list":{"0":"post-16603","1":"product","2":"type-product","3":"status-publish","4":"has-post-thumbnail","6":"product_cat-kajai-cela-locitivai-un-pedai","7":"product_cat-ortozes","9":"first","10":"instock","11":"taxable","12":"shipping-taxable","13":"purchasable","14":"product-type-variable"},"_links":{"self":[{"href":"https:\/\/medapp.lv\/et\/wp-json\/wp\/v2\/product\/16603","targetHints":{"allow":["GET"]}}],"collection":[{"href":"https:\/\/medapp.lv\/et\/wp-json\/wp\/v2\/product"}],"about":[{"href":"https:\/\/medapp.lv\/et\/wp-json\/wp\/v2\/types\/product"}],"replies":[{"embeddable":true,"href":"https:\/\/medapp.lv\/et\/wp-json\/wp\/v2\/comments?post=16603"}],"version-history":[{"count":11,"href":"https:\/\/medapp.lv\/et\/wp-json\/wp\/v2\/product\/16603\/revisions"}],"predecessor-version":[{"id":19996,"href":"https:\/\/medapp.lv\/et\/wp-json\/wp\/v2\/product\/16603\/revisions\/19996"}],"wp:featuredmedia":[{"embeddable":true,"href":"https:\/\/medapp.lv\/et\/wp-json\/wp\/v2\/media\/18470"}],"wp:attachment":[{"href":"https:\/\/medapp.lv\/et\/wp-json\/wp\/v2\/media?parent=16603"}],"wp:term":[{"taxonomy":"product_brand","embeddable":true,"href":"https:\/\/medapp.lv\/et\/wp-json\/wp\/v2\/product_brand?post=16603"},{"taxonomy":"product_cat","embeddable":true,"href":"https:\/\/medapp.lv\/et\/wp-json\/wp\/v2\/product_cat?post=16603"},{"taxonomy":"product_tag","embeddable":true,"href":"https:\/\/medapp.lv\/et\/wp-json\/wp\/v2\/product_tag?post=16603"}],"curies":[{"name":"t\u00f6\u00f6leht","href":"https:\/\/api.w.org\/{rel}","templated":true}]}}