{"id":16621,"date":"2024-02-29T12:16:50","date_gmt":"2024-02-29T10:16:50","guid":{"rendered":"https:\/\/mareksj17.sg-host.com\/?post_type=product&#038;p=16621"},"modified":"2025-07-16T09:05:42","modified_gmt":"2025-07-16T07:05:42","slug":"push-sport-plaukstas-locitavas-ortoze","status":"publish","type":"product","link":"https:\/\/medapp.lv\/et\/product\/push-sport-plaukstas-locitavas-ortoze\/","title":{"rendered":"PUSH Sport Randmeortoos"},"content":{"rendered":"<p><strong><strong>Millal tuleks Push Sportsi randmeortoose kasutada?<br \/>\n<\/strong><\/strong><\/p>\n<ul>\n<li>V\u00e4ikesed nikastused randmel,<\/li>\n<li>Et v\u00e4ltida korduvaid randme nikastuss\u00fcmptomeid,<\/li>\n<li>Randme l\u00f5tvus<\/li>\n<\/ul>\n<p><strong>Ortoosi panemine.<\/strong><\/p>\n<ol>\n<li>Asetage p\u00f6ial p\u00f6idla silmusesse, et see oleks n\u00e4htav <strong>Push Sport<\/strong> logo.<\/li>\n<li>T\u00f5mmake tugi \u00fcle peopesa peopesa v\u00e4lisk\u00fcljele, risti peopesa tagak\u00fcljele, tagasi risti ees ja kinnita aasa materjal.<\/li>\n<li>Eemaldage p\u00f6idlast aas ja kinnitage rihm k\u00e4e tagak\u00fcljel oleva konksu ja aasa materjali k\u00fclge.<\/li>\n<\/ol>\n<p><iframe title=\"YouTube&#039;i videopleier\" src=\"https:\/\/www.youtube.com\/embed\/KrIGPXvYAR0?si=ee02yA3nsnLXIRiC\" width=\"560\" height=\"315\" frameborder=\"0\" allowfullscreen=\"allowfullscreen\"><\/iframe><\/p>","protected":false},"excerpt":{"rendered":"<p><strong>Push Sports Randmeortoos<\/strong> pakub kompressiooni ja tuge randme \u00fcmber ning sobib v\u00e4ga h\u00e4sti kergeks kasutamiseks. K\u00e4etugi on lihtsalt kasutatav, madala profiiliga ja valmistatud pehmetest materjalidest. T\u00e4nu sellele on ortoosi mugav kanda.<\/p>\n<p><strong>Push Sports Randmeortoos<\/strong> on universaalselt rakendatav vasakule ja paremale k\u00fcljele.<\/p>\n<p>&nbsp;<\/p>","protected":false},"featured_media":18455,"comment_status":"open","ping_status":"closed","template":"","meta":[],"product_brand":[],"product_cat":[139,133],"product_tag":[],"class_list":{"0":"post-16621","1":"product","2":"type-product","3":"status-publish","4":"has-post-thumbnail","6":"product_cat-rokas-un-plaukstai","7":"product_cat-ortozes","9":"first","10":"instock","11":"taxable","12":"shipping-taxable","13":"purchasable","14":"product-type-simple"},"_links":{"self":[{"href":"https:\/\/medapp.lv\/et\/wp-json\/wp\/v2\/product\/16621","targetHints":{"allow":["GET"]}}],"collection":[{"href":"https:\/\/medapp.lv\/et\/wp-json\/wp\/v2\/product"}],"about":[{"href":"https:\/\/medapp.lv\/et\/wp-json\/wp\/v2\/types\/product"}],"replies":[{"embeddable":true,"href":"https:\/\/medapp.lv\/et\/wp-json\/wp\/v2\/comments?post=16621"}],"version-history":[{"count":9,"href":"https:\/\/medapp.lv\/et\/wp-json\/wp\/v2\/product\/16621\/revisions"}],"predecessor-version":[{"id":19995,"href":"https:\/\/medapp.lv\/et\/wp-json\/wp\/v2\/product\/16621\/revisions\/19995"}],"wp:featuredmedia":[{"embeddable":true,"href":"https:\/\/medapp.lv\/et\/wp-json\/wp\/v2\/media\/18455"}],"wp:attachment":[{"href":"https:\/\/medapp.lv\/et\/wp-json\/wp\/v2\/media?parent=16621"}],"wp:term":[{"taxonomy":"product_brand","embeddable":true,"href":"https:\/\/medapp.lv\/et\/wp-json\/wp\/v2\/product_brand?post=16621"},{"taxonomy":"product_cat","embeddable":true,"href":"https:\/\/medapp.lv\/et\/wp-json\/wp\/v2\/product_cat?post=16621"},{"taxonomy":"product_tag","embeddable":true,"href":"https:\/\/medapp.lv\/et\/wp-json\/wp\/v2\/product_tag?post=16621"}],"curies":[{"name":"t\u00f6\u00f6leht","href":"https:\/\/api.w.org\/{rel}","templated":true}]}}